{"id":2530,"date":"2014-03-25T14:43:56","date_gmt":"2014-03-25T12:43:56","guid":{"rendered":"http:\/\/www.ottomschwarz.com\/?page_id=2530"},"modified":"2016-01-22T19:26:40","modified_gmt":"2016-01-22T17:26:40","slug":"funk-attack","status":"publish","type":"page","link":"https:\/\/www.ottomschwarz.com\/en\/windmusic\/works\/funk-attack\/","title":{"rendered":"Funk Attack"},"content":{"rendered":"<div class=\"top-box\">\r\n<p>Year: 2002 | Grade:\u00a04<\/p>\r\n<p>Demo<br \/> \t<audio id=\"wp_mep_1\" src=\"\/sounds\/windmusic\/funk_attack_demo.mp3\"     controls=\"controls\" preload=\"none\"  >\r\n\t\t\r\n\t\t\r\n\t\t\r\n\t\t\r\n\t\t\r\n\t\t\r\n\t\t\r\n\t<\/audio>\r\n<script type=\"text\/javascript\">\r\njQuery(document).ready(function($) {\r\n\t$('#wp_mep_1').mediaelementplayer({\r\n\t\tm:1\r\n\t\t\r\n\t\t,features: ['playpause','current','progress','duration','volume','tracks','fullscreen']\r\n\t\t,audioWidth:400,audioHeight:30\r\n\t});\r\n});\r\n<\/script>\r\n<\/p>\r\n<p class=\"instrumentation\">Concert Band<\/p>\r\n<a href=\"https:\/\/www.bandmusicshop.com\/en-us\/product\/1035-03-010%20m\/funk-attack.aspx\" target=\"_blank\" style=\"background-color:#fff; color: #000\" class=\"button tiny radius sc\">Details (EN)<\/a>\r\n<a href=\"https:\/\/www.bandmusicshop.com\/fr-fr\/product\/1035-03-010%20m\/funk-attack.aspx\" target=\"_blank\" style=\"background-color:#fff; color: #000\" class=\"button tiny radius sc\">Sp\u00e9cifications (FR)<\/a>\r\n<a href=\"https:\/\/www.bandmusicshop.com\/it-it\/product\/1035-03-010%20m\/funk-attack.aspx\" target=\"_blank\" style=\"background-color:#fff; color: #000\" class=\"button tiny radius sc\">Specifiche (IT)<\/a>\r\n<a href=\"https:\/\/www.bandmusicshop.com\/nl-nl\/product\/1035-03-010%20m\/funk-attack.aspx\" target=\"_blank\" style=\"background-color:#fff; color: #000\" class=\"button tiny radius sc\">Specificaties (NL)<\/a>\r\n<p class=\"logo\"><\/p>\r\n<\/div>\r\n<h4>Comment<\/h4>\r\n<p>Otto M. Schwarz is endeavoring to contribute new ideas to concert band literature. He has contributed in the field of multimedia (Asteroid), and with his many compositions in symphonic\/modern arrangement (Jazz Waltz No 1, Fire and Ice or Band Fever). His new composition Funk Attack is, as the name suggests, a piece in funk style. Otto M. Schwarz first gained his experience in his style in the 8o\u00b4s, transcribing numbers by famos Amerarican bands including Earth, Wind and Fire, Tower of Power, and the British slap idol Mark King (Level 42). Funk attack is\u00a0 typical of \u2018the concert band scene\u2019 and requires absolute precision in phrasing and rhythm. Without the support of a great percussion groove, the orchestra plays an interlocked theme in the central section in style of recent American Big Bands. Otto M. Schwarz dedicated this work to &#8220;Alexander Veit and Symphonic Winds&#8221;.<\/p>\r\n\n\t\t\n\t\t<!--BEGIN .toggle -->\n\t\t<div class=\"toggle closed sc\">\n\t\t\t<div class=\"trigger\">read on\u2026<span><i class=\"icon-chevron-down\"><\/i><\/span><\/div>\n\t\t\t<div class=\"toggle-pane\"><div class=\"inner-pane\"><\/p>\r\n<p>Funk Attack ist ein f\u00fcr die \u201eBlasmusikszene\u201c untypisches Werk und verlangt absolute Genauigkeit in Phrasierung und Rhythmik. Im Mittelteil spielt das Orchester ohne den R\u00fcckhalt eines Schlagzeuggrooves ein in sich verzahnendes Thema im Stile der zeitgen\u00f6ssischen gro\u00dfen amerikanischen Bigbands. Otto M. Schwarz hat dieses Werk Alexander Veit und Symphonic Winds gewidmet.<\/p>\r\n<p><\/div><\/div>\n\t\t<\/div> \n\t\t<!--END .toggle -->\r\n<h4>Youtube<\/h4>\r\n<div class=\"row sc\"> <div class=\"six columns content-col sc\"><\/p>\r\n<div class=\"lyte-wrapper fourthree\" style=\"width:640px;max-width:100%;margin:5px;\"><div class=\"lyMe\" id=\"WYL_L1HWRKBdAt0\"><div id=\"lyte_L1HWRKBdAt0\" data-src=\"\/\/i.ytimg.com\/vi\/L1HWRKBdAt0\/hqdefault.jpg\" class=\"pL\"><div class=\"tC\"><div class=\"tT\"><\/div><\/div><div class=\"play\"><\/div><div class=\"ctrl\"><div class=\"Lctrl\"><\/div><div class=\"Rctrl\"><\/div><\/div><\/div><noscript><a href=\"https:\/\/youtu.be\/L1HWRKBdAt0\" rel=\"nofollow\"><img loading=\"lazy\" decoding=\"async\" src=\"https:\/\/i.ytimg.com\/vi\/L1HWRKBdAt0\/0.jpg\" alt=\"YouTube video thumbnail\" width=\"640\" height=\"460\" \/><\/a><\/noscript><\/div><\/div><div class=\"lL\" style=\"max-width:100%;width:640px;margin:5px;\"> <a href=\"https:\/\/youtu.be\/L1HWRKBdAt0\" target=\"_blank\">Watch this video on YouTube<\/a>.<\/div>\r\n<p><\/div><div class=\"six columns content-col sc\"><\/p>\r\n<div class=\"lyte-wrapper fourthree\" style=\"width:640px;max-width:100%;margin:5px;\"><div class=\"lyMe\" id=\"WYL_YZJLtf8YYqI\"><div id=\"lyte_YZJLtf8YYqI\" data-src=\"\/\/i.ytimg.com\/vi\/YZJLtf8YYqI\/hqdefault.jpg\" class=\"pL\"><div class=\"tC\"><div class=\"tT\"><\/div><\/div><div class=\"play\"><\/div><div class=\"ctrl\"><div class=\"Lctrl\"><\/div><div class=\"Rctrl\"><\/div><\/div><\/div><noscript><a href=\"https:\/\/youtu.be\/YZJLtf8YYqI\" rel=\"nofollow\"><img loading=\"lazy\" decoding=\"async\" src=\"https:\/\/i.ytimg.com\/vi\/YZJLtf8YYqI\/0.jpg\" alt=\"YouTube video thumbnail\" width=\"640\" height=\"460\" \/><\/a><\/noscript><\/div><\/div><div class=\"lL\" style=\"max-width:100%;width:640px;margin:5px;\"> <a href=\"https:\/\/youtu.be\/YZJLtf8YYqI\" target=\"_blank\">Watch this video on YouTube<\/a>.<\/div>\r\n<p><\/div> <\/div>","protected":false},"excerpt":{"rendered":"<p>Year: 2002 | Grade:\u00a04 Demo Concert Band Comment Otto M. Schwarz is endeavoring to contribute new ideas to concert band literature. He has contributed in the field of multimedia (Asteroid), and with his many compositions in symphonic\/modern arrangement (Jazz Waltz No 1, Fire and Ice or Band Fever). His new composition Funk Attack is, as [&hellip;]<\/p>\n","protected":false},"author":2,"featured_media":0,"parent":2387,"menu_order":35,"comment_status":"closed","ping_status":"closed","template":"","meta":{"ngg_post_thumbnail":0,"footnotes":""},"class_list":["post-2530","page","type-page","status-publish","hentry"],"_links":{"self":[{"href":"https:\/\/www.ottomschwarz.com\/en\/wp-json\/wp\/v2\/pages\/2530","targetHints":{"allow":["GET"]}}],"collection":[{"href":"https:\/\/www.ottomschwarz.com\/en\/wp-json\/wp\/v2\/pages"}],"about":[{"href":"https:\/\/www.ottomschwarz.com\/en\/wp-json\/wp\/v2\/types\/page"}],"author":[{"embeddable":true,"href":"https:\/\/www.ottomschwarz.com\/en\/wp-json\/wp\/v2\/users\/2"}],"replies":[{"embeddable":true,"href":"https:\/\/www.ottomschwarz.com\/en\/wp-json\/wp\/v2\/comments?post=2530"}],"version-history":[{"count":8,"href":"https:\/\/www.ottomschwarz.com\/en\/wp-json\/wp\/v2\/pages\/2530\/revisions"}],"predecessor-version":[{"id":3563,"href":"https:\/\/www.ottomschwarz.com\/en\/wp-json\/wp\/v2\/pages\/2530\/revisions\/3563"}],"up":[{"embeddable":true,"href":"https:\/\/www.ottomschwarz.com\/en\/wp-json\/wp\/v2\/pages\/2387"}],"wp:attachment":[{"href":"https:\/\/www.ottomschwarz.com\/en\/wp-json\/wp\/v2\/media?parent=2530"}],"curies":[{"name":"wp","href":"https:\/\/api.w.org\/{rel}","templated":true}]}}