{"id":2652,"date":"2014-03-25T17:06:39","date_gmt":"2014-03-25T15:06:39","guid":{"rendered":"http:\/\/www.ottomschwarz.com\/?page_id=2652"},"modified":"2022-03-01T19:15:13","modified_gmt":"2022-03-01T17:15:13","slug":"1805-a-towns-tale","status":"publish","type":"page","link":"https:\/\/www.ottomschwarz.com\/en\/filmmusic\/filmscores\/1805-a-towns-tale\/","title":{"rendered":"1805 A Town\u00b4s Tale"},"content":{"rendered":"<p class=\"msg\">This content is only available in german.<\/p>\r\n<div class=\"top-box\">\r\n<p>Jahr: 2013 | Produktionsfirma:\u00a0Michael L. Reiseneder<\/p>\r\n<p>H\u00f6rbeispiel (Zusammenschnitt)<br \/> \t<audio id=\"wp_mep_1\" src=\"\/sounds\/filmmusik\/a-towns-tale.mp3\"     controls=\"controls\" preload=\"none\"  >\r\n\t\t\r\n\t\t\r\n\t\t\r\n\t\t\r\n\t\t\r\n\t\t\r\n\t\t\r\n\t<\/audio>\r\n<script type=\"text\/javascript\">\r\njQuery(document).ready(function($) {\r\n\t$('#wp_mep_1').mediaelementplayer({\r\n\t\tm:1\r\n\t\t\r\n\t\t,features: ['playpause','current','progress','duration','volume','tracks','fullscreen']\r\n\t\t,audioWidth:400,audioHeight:30\r\n\t});\r\n});\r\n<\/script>\r\n<\/p>\r\n<a href=\"http:\/\/itunes.apple.com\/at\/album\/id587364297\" target=\"_blank\" style=\"background-color:#fff; color: #000\" class=\"button tiny radius sc\">Soundtrack (CD)<\/a>\r\n<a href=\"http:\/\/www.1805-atownstale-film.com\/vap\/1273\/Pg\/p85\/shop.html\" target=\"_blank\" style=\"background-color:#fff; color: #000\" class=\"button tiny radius sc\"> DVD zum Film <\/a>\r\n<\/div>\r\n<h4>Handlung<\/h4>\r\n<p>Ein schicksalhafter Herbsttag des Jahres 1805. Die Morgennebel h\u00e4ngen schwer \u00fcber dem weitl\u00e4ufigen Feld bei D\u00fcrnstein. Das Hauptmannszelt und einige kleinere Zelte scheinen noch unbelebt und im Tiefschlaf versunken zu sein. Die Feuerstellen dampfen nur noch und gl\u00fchen in der Dunkelheit des Morgengrauens kurz auf. Eine Gestalt schleicht an dem Hauptzelt vorbei. Es ist Phillipe, ein Soldat der Napoleonischen Truppen, der sein Lager vorzeitig verl\u00e4sst, um Mina, seine Geliebte und die anderen Bewohner der Stadt Krems vor dem geplanten \u00dcberfall zu warnen.<\/p>\r\n\n\t\t\n\t\t<!--BEGIN .toggle -->\n\t\t<div class=\"toggle closed sc\">\n\t\t\t<div class=\"trigger\">Weiterlesen\u2026<span><i class=\"icon-chevron-down\"><\/i><\/span><\/div>\n\t\t\t<div class=\"toggle-pane\"><div class=\"inner-pane\"><\/p>\r\n<p>Er flieht durch die verschlafene Landschaft der Wachau. \u00dcber der Donau kommt Phillipe endlich zu einer Sch\u00e4nke, wo er sich Hilfe erhofft. Doch in dem Moment als der anf\u00e4nglich ungl\u00e4ubigen Wirtin und ihrem Gesellen Franzl der Ernst der Lage bewusst wird, entdecken zwei franz\u00f6sische Soldaten den D\u00e9serteur Phillipe.<\/p>\r\n<p>Es ist bereits Mittag und die Kinder genie\u00dfen den warmen Herbsttag in den Weinbergen bei Krems. Marie, ein zw\u00f6lfj\u00e4hriges M\u00e4dchen, flicht \u00fcber der Stadt einen Kranz. Eine harmonische Leichtigkeit erf\u00fcllt die Szenerie, bis ein alter und gehetzter Mann sie \u00fcberrascht. Es ist der Wirtshaus-Geselle, der ersch\u00f6pft Phillipe\u2019s Nachricht in die Stadt zu bringen versucht.<\/p>\r\n<p>Marie l\u00e4uft in die Stadt hinein, vorbei am Alltagsgeschehen, direkt zu einer Kirche, wo sie auf Nana, die gute alte Seele der Stadt trifft.Die Alarmglocken werden geschlagen, die Nachricht verbreitet sich rasch und die Stadtbewohner versammeln sich um die Lage zu besprechen. Doch ist es bereits zu sp\u00e4t?<\/p>\r\n<p>Als Phillipe, der sich durch Hilfe der anwesenden Augenzeugen aus seiner Misslage befreien konnte, am Abend die Stadt erreicht, findet er sie bereits gepl\u00fcndert vor. Phillipe macht sich auf, Mina zu suchen, denn tot glauben will er sie trotzdem nicht.<\/p>\r\n<p><\/div><\/div>\n\t\t<\/div> \n\t\t<!--END .toggle -->\r\n<div class=\"row sc\"> <div class=\"six columns content-col sc\"><\/p>\r\n<h4>Filmteam<\/h4>\r\n<p><dl class=\"tabs mobile\"><dd><a href=\"#engine-tab-besetzung\">Besetzung<\/a><\/dd><dd><a href=\"#engine-tab-stab\">Stab<\/a><\/dd><dd><a href=\"#engine-tab-weitere-infos\">Weitere Infos<\/a><\/dd><\/dl><ul class=\"tabs-content contained sc\"> <li id=\"engine-tab-besetzungTab\" class=\"engine-tab\"><\/p>\r\n<ul class=\"cast\">\r\n<li>Achmed Abdel-Salam: \u201ePhillipe\u201c<\/li>\r\n<li>Michaela Illetschko: \u201eMina\u201c<\/li>\r\n<li>Sonia van Tol: \u201eNana\u201c<\/li>\r\n<li>Raoul J. Simmler: \u201eFranzl\u201c<\/li>\r\n<li>Daniela Klassen: \u201eMarianne\u201c<\/li>\r\n<li>Olivia Thun-Hohenstein: \u201eMarie\u201c<\/li>\r\n<li>Maximilian Jochum: \u201ePaul\u201c<\/li>\r\n<li>Leonarda Lerch: \u201ejunge Mina\u201c<\/li>\r\n<li>Maximilian Haller: \u201ejunger Phillipe\u201c<\/li>\r\n<li>Walter Kordesch: Vater Clement&#8221;<\/li>\r\n<li>Martin Weinek: \u201eDominik Altmann&#8221;<\/li>\r\n<li>Stephanie Laurich: \u201eMartine&#8221;<\/li>\r\n<li>Erika Kollmann-Till: \u201eMargarethe&#8221;<\/li>\r\n<li>Sebastian Holzer: \u201eAlbert\u201c<\/li>\r\n<li>Paul Pichler: \u201eThomas\u201c<\/li>\r\n<li>Lars Reiprich: \u201eFriedrich\u201c<\/li>\r\n<li>Philipp Stix: \u201ePhillips Vater\u201c<\/li>\r\n<li>Alexander E. Fennon: \u201eAlexandre de Dubois\u201c<\/li>\r\n<\/ul>\r\n<p><\/li> <li id=\"engine-tab-stabTab\" class=\"engine-tab\"><\/p>\r\n<ul class=\"cast\">\r\n<li>Produzenten: Franz Harrand, Michael L. Reiseneder<\/li>\r\n<li>Regie: Walter Bednarik<\/li>\r\n<li>Drehbuch: Tom\u00e1s Mikeska<\/li>\r\n<li>Musik: Otto M. Schwarz<\/li>\r\n<li>Schnitt: Markus Hautz<\/li>\r\n<\/ul>\r\n<p><\/li><li id=\"engine-tab-weitere-infosTab\" class=\"engine-tab\"><\/p>\r\n<ul class=\"cast\">\r\n<li>Keine<\/li>\r\n<\/ul>\r\n<p><\/li><\/ul><\/p>\r\n<p><\/div><div class=\"six columns content-col sc\"><\/p>\r\n<h4>Trailer<\/h4>\r\n<iframe loading=\"lazy\" title=\"1805 - A Town&#039;s Tale - Official Trailer\" src=\"https:\/\/player.vimeo.com\/video\/55062222?dnt=1&amp;app_id=122963\" width=\"638\" height=\"359\" frameborder=\"0\" allow=\"autoplay; fullscreen; picture-in-picture; clipboard-write\"><\/iframe>\r\n<h4>Szenenbilder<\/h4><p>\r\n<!-- index.php -->\n<div\n\tclass=\"ngg-galleryoverview\n\t ngg-ajax-pagination-none\t\"\n\tid=\"ngg-gallery-8b156ee23fbc56eb15d9ead3d53386e7-1\">\n\n\t\t\t<!-- Thumbnails -->\n\t\t\t\t<div id=\"ngg-image-0\" class=\"ngg-gallery-thumbnail-box\"\n\t\t\t\t\t\t\t\t\t\t\t>\n\t\t\t\t\t\t<div class=\"ngg-gallery-thumbnail\">\n\t\t\t<a href=\"https:\/\/www.ottomschwarz.com\/wp-content\/gallery\/a-towns-tale\/aat_1-2.jpg\"\n\t\t\t\ttitle=\"\"\n\t\t\t\tdata-src=\"https:\/\/www.ottomschwarz.com\/wp-content\/gallery\/a-towns-tale\/aat_1-2.jpg\"\n\t\t\t\tdata-thumbnail=\"https:\/\/www.ottomschwarz.com\/wp-content\/gallery\/a-towns-tale\/thumbs\/thumbs_aat_1-2.jpg\"\n\t\t\t\tdata-image-id=\"1\"\n\t\t\t\tdata-title=\"aat_1-2\"\n\t\t\t\tdata-description=\"\"\n\t\t\t\tdata-image-slug=\"image\"\n\t\t\t\t\t\t\t\t\t\t\t\t\t\t\t\t\t\t\t\tclass=\"ngg-fancybox\" rel=\"8b156ee23fbc56eb15d9ead3d53386e7\">\n\t\t\t\t\t\t\t\t<img\n\t\t\t\t\ttitle=\"aat_1-2\"\n\t\t\t\t\talt=\"aat_1-2\"\n\t\t\t\t\tsrc=\"https:\/\/www.ottomschwarz.com\/wp-content\/gallery\/a-towns-tale\/thumbs\/thumbs_aat_1-2.jpg\"\n\t\t\t\t\twidth=\"120\"\n\t\t\t\t\theight=\"90\"\n\t\t\t\t\tstyle=\"max-width:100%;\"\n\t\t\t\t\/>\n\t\t\t<\/a>\n\t\t<\/div>\n\t\t\t\t\t\t\t<\/div>\n\t\t\t\n\t\t\n\t\t\t\t<div id=\"ngg-image-1\" class=\"ngg-gallery-thumbnail-box\"\n\t\t\t\t\t\t\t\t\t\t\t>\n\t\t\t\t\t\t<div class=\"ngg-gallery-thumbnail\">\n\t\t\t<a href=\"https:\/\/www.ottomschwarz.com\/wp-content\/gallery\/a-towns-tale\/aat_2-2.jpg\"\n\t\t\t\ttitle=\" \"\n\t\t\t\tdata-src=\"https:\/\/www.ottomschwarz.com\/wp-content\/gallery\/a-towns-tale\/aat_2-2.jpg\"\n\t\t\t\tdata-thumbnail=\"https:\/\/www.ottomschwarz.com\/wp-content\/gallery\/a-towns-tale\/thumbs\/thumbs_aat_2-2.jpg\"\n\t\t\t\tdata-image-id=\"2\"\n\t\t\t\tdata-title=\"\"\n\t\t\t\tdata-description=\" \"\n\t\t\t\tdata-image-slug=\"image-2\"\n\t\t\t\t\t\t\t\t\t\t\t\t\t\t\t\t\t\t\t\tclass=\"ngg-fancybox\" rel=\"8b156ee23fbc56eb15d9ead3d53386e7\">\n\t\t\t\t\t\t\t\t<img\n\t\t\t\t\ttitle=\"\"\n\t\t\t\t\talt=\"\"\n\t\t\t\t\tsrc=\"https:\/\/www.ottomschwarz.com\/wp-content\/gallery\/a-towns-tale\/thumbs\/thumbs_aat_2-2.jpg\"\n\t\t\t\t\twidth=\"120\"\n\t\t\t\t\theight=\"90\"\n\t\t\t\t\tstyle=\"max-width:100%;\"\n\t\t\t\t\/>\n\t\t\t<\/a>\n\t\t<\/div>\n\t\t\t\t\t\t\t<\/div>\n\t\t\t\n\t\t\n\t\t\t\t<div id=\"ngg-image-2\" class=\"ngg-gallery-thumbnail-box\"\n\t\t\t\t\t\t\t\t\t\t\t>\n\t\t\t\t\t\t<div class=\"ngg-gallery-thumbnail\">\n\t\t\t<a href=\"https:\/\/www.ottomschwarz.com\/wp-content\/gallery\/a-towns-tale\/aat_3-2.jpg\"\n\t\t\t\ttitle=\" \"\n\t\t\t\tdata-src=\"https:\/\/www.ottomschwarz.com\/wp-content\/gallery\/a-towns-tale\/aat_3-2.jpg\"\n\t\t\t\tdata-thumbnail=\"https:\/\/www.ottomschwarz.com\/wp-content\/gallery\/a-towns-tale\/thumbs\/thumbs_aat_3-2.jpg\"\n\t\t\t\tdata-image-id=\"3\"\n\t\t\t\tdata-title=\"\"\n\t\t\t\tdata-description=\" \"\n\t\t\t\tdata-image-slug=\"image-3\"\n\t\t\t\t\t\t\t\t\t\t\t\t\t\t\t\t\t\t\t\tclass=\"ngg-fancybox\" rel=\"8b156ee23fbc56eb15d9ead3d53386e7\">\n\t\t\t\t\t\t\t\t<img\n\t\t\t\t\ttitle=\"\"\n\t\t\t\t\talt=\"\"\n\t\t\t\t\tsrc=\"https:\/\/www.ottomschwarz.com\/wp-content\/gallery\/a-towns-tale\/thumbs\/thumbs_aat_3-2.jpg\"\n\t\t\t\t\twidth=\"120\"\n\t\t\t\t\theight=\"90\"\n\t\t\t\t\tstyle=\"max-width:100%;\"\n\t\t\t\t\/>\n\t\t\t<\/a>\n\t\t<\/div>\n\t\t\t\t\t\t\t<\/div>\n\t\t\t\n\t\t\n\t\t\t\t<div id=\"ngg-image-3\" class=\"ngg-gallery-thumbnail-box\"\n\t\t\t\t\t\t\t\t\t\t\t>\n\t\t\t\t\t\t<div class=\"ngg-gallery-thumbnail\">\n\t\t\t<a href=\"https:\/\/www.ottomschwarz.com\/wp-content\/gallery\/a-towns-tale\/aat_4-2.jpg\"\n\t\t\t\ttitle=\" \"\n\t\t\t\tdata-src=\"https:\/\/www.ottomschwarz.com\/wp-content\/gallery\/a-towns-tale\/aat_4-2.jpg\"\n\t\t\t\tdata-thumbnail=\"https:\/\/www.ottomschwarz.com\/wp-content\/gallery\/a-towns-tale\/thumbs\/thumbs_aat_4-2.jpg\"\n\t\t\t\tdata-image-id=\"4\"\n\t\t\t\tdata-title=\"\"\n\t\t\t\tdata-description=\" \"\n\t\t\t\tdata-image-slug=\"image-4\"\n\t\t\t\t\t\t\t\t\t\t\t\t\t\t\t\t\t\t\t\tclass=\"ngg-fancybox\" rel=\"8b156ee23fbc56eb15d9ead3d53386e7\">\n\t\t\t\t\t\t\t\t<img\n\t\t\t\t\ttitle=\"\"\n\t\t\t\t\talt=\"\"\n\t\t\t\t\tsrc=\"https:\/\/www.ottomschwarz.com\/wp-content\/gallery\/a-towns-tale\/thumbs\/thumbs_aat_4-2.jpg\"\n\t\t\t\t\twidth=\"120\"\n\t\t\t\t\theight=\"90\"\n\t\t\t\t\tstyle=\"max-width:100%;\"\n\t\t\t\t\/>\n\t\t\t<\/a>\n\t\t<\/div>\n\t\t\t\t\t\t\t<\/div>\n\t\t\t\n\t\t\n\t\t\t\t<div id=\"ngg-image-4\" class=\"ngg-gallery-thumbnail-box\"\n\t\t\t\t\t\t\t\t\t\t\t>\n\t\t\t\t\t\t<div class=\"ngg-gallery-thumbnail\">\n\t\t\t<a href=\"https:\/\/www.ottomschwarz.com\/wp-content\/gallery\/a-towns-tale\/aat_5-2.jpg\"\n\t\t\t\ttitle=\" \"\n\t\t\t\tdata-src=\"https:\/\/www.ottomschwarz.com\/wp-content\/gallery\/a-towns-tale\/aat_5-2.jpg\"\n\t\t\t\tdata-thumbnail=\"https:\/\/www.ottomschwarz.com\/wp-content\/gallery\/a-towns-tale\/thumbs\/thumbs_aat_5-2.jpg\"\n\t\t\t\tdata-image-id=\"5\"\n\t\t\t\tdata-title=\"\"\n\t\t\t\tdata-description=\" \"\n\t\t\t\tdata-image-slug=\"image-5\"\n\t\t\t\t\t\t\t\t\t\t\t\t\t\t\t\t\t\t\t\tclass=\"ngg-fancybox\" rel=\"8b156ee23fbc56eb15d9ead3d53386e7\">\n\t\t\t\t\t\t\t\t<img\n\t\t\t\t\ttitle=\"\"\n\t\t\t\t\talt=\"\"\n\t\t\t\t\tsrc=\"https:\/\/www.ottomschwarz.com\/wp-content\/gallery\/a-towns-tale\/thumbs\/thumbs_aat_5-2.jpg\"\n\t\t\t\t\twidth=\"120\"\n\t\t\t\t\theight=\"90\"\n\t\t\t\t\tstyle=\"max-width:100%;\"\n\t\t\t\t\/>\n\t\t\t<\/a>\n\t\t<\/div>\n\t\t\t\t\t\t\t<\/div>\n\t\t\t\n\t\t\n\t\t\t\t<div id=\"ngg-image-5\" class=\"ngg-gallery-thumbnail-box\"\n\t\t\t\t\t\t\t\t\t\t\t>\n\t\t\t\t\t\t<div class=\"ngg-gallery-thumbnail\">\n\t\t\t<a href=\"https:\/\/www.ottomschwarz.com\/wp-content\/gallery\/a-towns-tale\/aat_6-1.jpg\"\n\t\t\t\ttitle=\" \"\n\t\t\t\tdata-src=\"https:\/\/www.ottomschwarz.com\/wp-content\/gallery\/a-towns-tale\/aat_6-1.jpg\"\n\t\t\t\tdata-thumbnail=\"https:\/\/www.ottomschwarz.com\/wp-content\/gallery\/a-towns-tale\/thumbs\/thumbs_aat_6-1.jpg\"\n\t\t\t\tdata-image-id=\"6\"\n\t\t\t\tdata-title=\"\"\n\t\t\t\tdata-description=\" \"\n\t\t\t\tdata-image-slug=\"image-6\"\n\t\t\t\t\t\t\t\t\t\t\t\t\t\t\t\t\t\t\t\tclass=\"ngg-fancybox\" rel=\"8b156ee23fbc56eb15d9ead3d53386e7\">\n\t\t\t\t\t\t\t\t<img\n\t\t\t\t\ttitle=\"\"\n\t\t\t\t\talt=\"\"\n\t\t\t\t\tsrc=\"https:\/\/www.ottomschwarz.com\/wp-content\/gallery\/a-towns-tale\/thumbs\/thumbs_aat_6-1.jpg\"\n\t\t\t\t\twidth=\"120\"\n\t\t\t\t\theight=\"90\"\n\t\t\t\t\tstyle=\"max-width:100%;\"\n\t\t\t\t\/>\n\t\t\t<\/a>\n\t\t<\/div>\n\t\t\t\t\t\t\t<\/div>\n\t\t\t\n\t\t\n\t\t\t\t<div id=\"ngg-image-6\" class=\"ngg-gallery-thumbnail-box\"\n\t\t\t\t\t\t\t\t\t\t\t>\n\t\t\t\t\t\t<div class=\"ngg-gallery-thumbnail\">\n\t\t\t<a href=\"https:\/\/www.ottomschwarz.com\/wp-content\/gallery\/a-towns-tale\/aat_7-2.jpg\"\n\t\t\t\ttitle=\" \"\n\t\t\t\tdata-src=\"https:\/\/www.ottomschwarz.com\/wp-content\/gallery\/a-towns-tale\/aat_7-2.jpg\"\n\t\t\t\tdata-thumbnail=\"https:\/\/www.ottomschwarz.com\/wp-content\/gallery\/a-towns-tale\/thumbs\/thumbs_aat_7-2.jpg\"\n\t\t\t\tdata-image-id=\"7\"\n\t\t\t\tdata-title=\"\"\n\t\t\t\tdata-description=\" \"\n\t\t\t\tdata-image-slug=\"image-7\"\n\t\t\t\t\t\t\t\t\t\t\t\t\t\t\t\t\t\t\t\tclass=\"ngg-fancybox\" rel=\"8b156ee23fbc56eb15d9ead3d53386e7\">\n\t\t\t\t\t\t\t\t<img\n\t\t\t\t\ttitle=\"\"\n\t\t\t\t\talt=\"\"\n\t\t\t\t\tsrc=\"https:\/\/www.ottomschwarz.com\/wp-content\/gallery\/a-towns-tale\/thumbs\/thumbs_aat_7-2.jpg\"\n\t\t\t\t\twidth=\"120\"\n\t\t\t\t\theight=\"90\"\n\t\t\t\t\tstyle=\"max-width:100%;\"\n\t\t\t\t\/>\n\t\t\t<\/a>\n\t\t<\/div>\n\t\t\t\t\t\t\t<\/div>\n\t\t\t\n\t\t\n\t\t\t\t<div id=\"ngg-image-7\" class=\"ngg-gallery-thumbnail-box\"\n\t\t\t\t\t\t\t\t\t\t\t>\n\t\t\t\t\t\t<div class=\"ngg-gallery-thumbnail\">\n\t\t\t<a href=\"https:\/\/www.ottomschwarz.com\/wp-content\/gallery\/a-towns-tale\/aat_8-2.jpg\"\n\t\t\t\ttitle=\" \"\n\t\t\t\tdata-src=\"https:\/\/www.ottomschwarz.com\/wp-content\/gallery\/a-towns-tale\/aat_8-2.jpg\"\n\t\t\t\tdata-thumbnail=\"https:\/\/www.ottomschwarz.com\/wp-content\/gallery\/a-towns-tale\/thumbs\/thumbs_aat_8-2.jpg\"\n\t\t\t\tdata-image-id=\"8\"\n\t\t\t\tdata-title=\"\"\n\t\t\t\tdata-description=\" \"\n\t\t\t\tdata-image-slug=\"image-8\"\n\t\t\t\t\t\t\t\t\t\t\t\t\t\t\t\t\t\t\t\tclass=\"ngg-fancybox\" rel=\"8b156ee23fbc56eb15d9ead3d53386e7\">\n\t\t\t\t\t\t\t\t<img\n\t\t\t\t\ttitle=\"\"\n\t\t\t\t\talt=\"\"\n\t\t\t\t\tsrc=\"https:\/\/www.ottomschwarz.com\/wp-content\/gallery\/a-towns-tale\/thumbs\/thumbs_aat_8-2.jpg\"\n\t\t\t\t\twidth=\"120\"\n\t\t\t\t\theight=\"90\"\n\t\t\t\t\tstyle=\"max-width:100%;\"\n\t\t\t\t\/>\n\t\t\t<\/a>\n\t\t<\/div>\n\t\t\t\t\t\t\t<\/div>\n\t\t\t\n\t\t\n\t\t\t\t<div id=\"ngg-image-8\" class=\"ngg-gallery-thumbnail-box\"\n\t\t\t\t\t\t\t\t\t\t\t>\n\t\t\t\t\t\t<div class=\"ngg-gallery-thumbnail\">\n\t\t\t<a href=\"https:\/\/www.ottomschwarz.com\/wp-content\/gallery\/a-towns-tale\/aat_9-2.jpg\"\n\t\t\t\ttitle=\" \"\n\t\t\t\tdata-src=\"https:\/\/www.ottomschwarz.com\/wp-content\/gallery\/a-towns-tale\/aat_9-2.jpg\"\n\t\t\t\tdata-thumbnail=\"https:\/\/www.ottomschwarz.com\/wp-content\/gallery\/a-towns-tale\/thumbs\/thumbs_aat_9-2.jpg\"\n\t\t\t\tdata-image-id=\"9\"\n\t\t\t\tdata-title=\"\"\n\t\t\t\tdata-description=\" \"\n\t\t\t\tdata-image-slug=\"image-9\"\n\t\t\t\t\t\t\t\t\t\t\t\t\t\t\t\t\t\t\t\tclass=\"ngg-fancybox\" rel=\"8b156ee23fbc56eb15d9ead3d53386e7\">\n\t\t\t\t\t\t\t\t<img\n\t\t\t\t\ttitle=\"\"\n\t\t\t\t\talt=\"\"\n\t\t\t\t\tsrc=\"https:\/\/www.ottomschwarz.com\/wp-content\/gallery\/a-towns-tale\/thumbs\/thumbs_aat_9-2.jpg\"\n\t\t\t\t\twidth=\"120\"\n\t\t\t\t\theight=\"90\"\n\t\t\t\t\tstyle=\"max-width:100%;\"\n\t\t\t\t\/>\n\t\t\t<\/a>\n\t\t<\/div>\n\t\t\t\t\t\t\t<\/div>\n\t\t\t\n\t\t\n\t\t\n\t\t<!-- Pagination -->\n\t\t<div class='ngg-clear'><\/div>\t<\/div>\n<\/p>\r\n<p>\r\n<p><\/div> <\/div>","protected":false},"excerpt":{"rendered":"<p>This content is only available in german. Jahr: 2013 | Produktionsfirma:\u00a0Michael L. Reiseneder H\u00f6rbeispiel (Zusammenschnitt) Handlung Ein schicksalhafter Herbsttag des Jahres 1805. Die Morgennebel h\u00e4ngen schwer \u00fcber dem weitl\u00e4ufigen Feld bei D\u00fcrnstein. Das Hauptmannszelt und einige kleinere Zelte scheinen noch unbelebt und im Tiefschlaf versunken zu sein. Die Feuerstellen dampfen nur noch und gl\u00fchen in [&hellip;]<\/p>\n","protected":false},"author":2,"featured_media":0,"parent":2715,"menu_order":2,"comment_status":"closed","ping_status":"closed","template":"","meta":{"ngg_post_thumbnail":0,"footnotes":""},"class_list":["post-2652","page","type-page","status-publish","hentry"],"_links":{"self":[{"href":"https:\/\/www.ottomschwarz.com\/en\/wp-json\/wp\/v2\/pages\/2652","targetHints":{"allow":["GET"]}}],"collection":[{"href":"https:\/\/www.ottomschwarz.com\/en\/wp-json\/wp\/v2\/pages"}],"about":[{"href":"https:\/\/www.ottomschwarz.com\/en\/wp-json\/wp\/v2\/types\/page"}],"author":[{"embeddable":true,"href":"https:\/\/www.ottomschwarz.com\/en\/wp-json\/wp\/v2\/users\/2"}],"replies":[{"embeddable":true,"href":"https:\/\/www.ottomschwarz.com\/en\/wp-json\/wp\/v2\/comments?post=2652"}],"version-history":[{"count":8,"href":"https:\/\/www.ottomschwarz.com\/en\/wp-json\/wp\/v2\/pages\/2652\/revisions"}],"predecessor-version":[{"id":5138,"href":"https:\/\/www.ottomschwarz.com\/en\/wp-json\/wp\/v2\/pages\/2652\/revisions\/5138"}],"up":[{"embeddable":true,"href":"https:\/\/www.ottomschwarz.com\/en\/wp-json\/wp\/v2\/pages\/2715"}],"wp:attachment":[{"href":"https:\/\/www.ottomschwarz.com\/en\/wp-json\/wp\/v2\/media?parent=2652"}],"curies":[{"name":"wp","href":"https:\/\/api.w.org\/{rel}","templated":true}]}}