{"id":2659,"date":"2014-03-25T17:33:48","date_gmt":"2014-03-25T15:33:48","guid":{"rendered":"http:\/\/www.ottomschwarz.com\/?page_id=2659"},"modified":"2022-03-01T19:02:20","modified_gmt":"2022-03-01T17:02:20","slug":"der-meineidbauer","status":"publish","type":"page","link":"https:\/\/www.ottomschwarz.com\/en\/filmmusic\/filmscores\/der-meineidbauer\/","title":{"rendered":"Der Meineidbauer"},"content":{"rendered":"<p class=\"msg\">This content is only available in german.<\/p>\r\n<div class=\"top-box\">\r\n<p>Jahr: 2012 | Produktionsfirma: LISA Film (ARD, ORF)<\/p>\r\n<p>H\u00f6rbeispiel (Zusammenschnitt)<br \/> \t<audio id=\"wp_mep_1\" src=\"\/sounds\/filmmusik\/meineidbauer.mp3\"     controls=\"controls\" preload=\"none\"  >\r\n\t\t\r\n\t\t\r\n\t\t\r\n\t\t\r\n\t\t\r\n\t\t\r\n\t\t\r\n\t<\/audio>\r\n<script type=\"text\/javascript\">\r\njQuery(document).ready(function($) {\r\n\t$('#wp_mep_1').mediaelementplayer({\r\n\t\tm:1\r\n\t\t\r\n\t\t,features: ['playpause','current','progress','duration','volume','tracks','fullscreen']\r\n\t\t,audioWidth:400,audioHeight:30\r\n\t});\r\n});\r\n<\/script>\r\n<\/p>\r\n<a href=\"https:\/\/open.spotify.com\/album\/2GZ146wWckq3NlQwi5lVgB?si=1eWAHxLnRXaOAQxilHYZtA\" target=\"_blank\" style=\"background-color:#fff; color: #000\" class=\"button tiny radius sc\"> Spotify <\/a>\r\n<a href=\"http:\/\/www.amazon.de\/Meineidbauer-G%C3%BCnther-Maria-Halmer\/dp\/B00OISS7XW\" target=\"_blank\" style=\"background-color:#fff; color: #000\" class=\"button tiny radius sc\"> DVD <\/a>\r\n<\/div>\r\n<h4>Handlung<\/h4>\r\n<p>Jahrelang hat Franz Bruckner auf dem Hof seines Stiefbruders gearbeitet und ist der \u00dcberzeugung Anspruch auf den Besitz zu haben. Als sein Bruder t\u00f6dlich verungl\u00fcckt, \u00f6ffnet Franz heimlich dessen Testament. Doch weder er noch sein Sohn Toni sollen erben, sondern Franz Verlobte Anna und deren Tochter Marie. Franz vernichtet das Dokument und schw\u00f6rt vor Gericht einen Meineid, der ihm den Hof sichert.<br \/> Daraufhin wird Anna mit ihrer Tochter vom Hof und aus dem Dorf gejagt und Franz f\u00fchrt seitdem ein Leben als angesehener Mann.<br \/> In diesen 15 Jahren gelingt es Anna einen Job als G\u00e4rtnerin anzunehmen und ihrer Tochter ein halbwegs anst\u00e4ndiges Leben zu bieten.<br \/> Eines Tages nimmt Marie einen Job als Kellnerin im Ort ihrer Kindheit an und kommt dadurch der Wahrheit immer n\u00e4her. So begegnet sie auch Toni, Franz Sohn, wieder, den sie noch aus Kindheitstagen kennt. Unerhofft entwickelt sie unerwartete Gef\u00fchle f\u00fcr ihn, die auch von ihm erwidert werden.<br \/> Als Anna erf\u00e4hrt wo sich Marie aufh\u00e4lt reist sie ihrer Tochter nach und m\u00f6chte sie zun\u00e4chst zur\u00fcckholen. Doch als immer mehr Beweise \u00fcber Franz\u00b4 Meineid aufscheinen, wird auch Anna wieder k\u00e4mpferisch. Eine Schl\u00fcsselrolle spielt dabei der Knecht Ignaz, der in diesen Jahren zu \u00fcberraschendem Reichtum gelangt ist. Woher hat er das viele Geld? Wei\u00df er mehr als er zugibt? Anna und Marie spielen mit dem Feuer und ahnen nicht in welch gro\u00dfe Gefahr sie sich durch ihre Recherche begeben.<\/p>\r\n<div class=\"row sc\"> <div class=\"six columns content-col sc\"><\/p>\r\n<h4>Filmteam<\/h4>\r\n<p><dl class=\"tabs mobile\"><dd><a href=\"#engine-tab-besetzung\">Besetzung<\/a><\/dd><dd><a href=\"#engine-tab-stab\">Stab<\/a><\/dd><dd><a href=\"#engine-tab-weitere-infos\">Weitere Infos<\/a><\/dd><\/dl><ul class=\"tabs-content contained sc\"> <li id=\"engine-tab-besetzungTab\" class=\"engine-tab\"><\/p>\r\n<ul class=\"cast\">\r\n<li>G\u00fcnther-Maria Halmer: \u201eFranz Bruckner\u201c<\/li>\r\n<li>Suzanne von Borsody: \u201eAnna\u201c<\/li>\r\n<li>Max Tidof: \u201eIgnaz\u201c<\/li>\r\n<li>Heikko Deutschmann: \u201eJosef Puganig\u201c<\/li>\r\n<li>Aaron Karl: \u201eToni Bruckner\u201c<\/li>\r\n<li>Monika Gruber: \u201eWirtin Ursula\u201c<\/li>\r\n<li>Miguel Herz-Kestranek: \u201eKarl Bruckner\u201c<\/li>\r\n<li>Vilsmaier Josefina: \u201eMarie Sobek<\/li>\r\n<\/ul>\r\n<p><\/li> <li id=\"engine-tab-stabTab\" class=\"engine-tab\"><\/p>\r\n<ul class=\"cast\">\r\n<li>Drehbuch: Erich Tomek<\/li>\r\n<li>Regie: Joseph Vilsmaier<\/li>\r\n<li>Kamera: Josef Vilsmaier<\/li>\r\n<li>Herstellungsleiter: Alfred Strobl<\/li>\r\n<li>Produktionsleiter: Christoph Getrost<\/li>\r\n<li>Aufnahmeleiter: derzeit nicht bekannt<\/li>\r\n<li>Tonmeister: Thomas Schmidt-Gentner<\/li>\r\n<li>Ausstattung: Tommy V\u00f6gel<\/li>\r\n<li>Kost\u00fcm: Ulli Fessler<\/li>\r\n<li>Schnitt: Maximilian Zandanel<\/li>\r\n<li>Maske: Martin Geisler, Ines Steininger<\/li>\r\n<li>Musik: Otto M. Schwarz<\/li>\r\n<\/ul>\r\n<p><\/li><li id=\"engine-tab-weitere-infosTab\" class=\"engine-tab\"><\/p>\r\n<ul class=\"cast\">\r\n<li>Drehorte: Virgen, Matrei und Lienz in Osttirol<\/li>\r\n<\/ul>\r\n<p><\/li><\/ul>\u00a0<\/p>\r\n<p><\/div><div class=\"six columns content-col sc\"><\/p>\r\n<h4>Szenenbilder<\/h4>\r\n<p><!-- index.php -->\n<div\n\tclass=\"ngg-galleryoverview\n\t ngg-ajax-pagination-none\t\"\n\tid=\"ngg-gallery-89002f0907e6b62f506341296b62bd0c-1\">\n\n\t\t\t<!-- Thumbnails -->\n\t\t\t\t<div id=\"ngg-image-0\" class=\"ngg-gallery-thumbnail-box\"\n\t\t\t\t\t\t\t\t\t\t\t>\n\t\t\t\t\t\t<div class=\"ngg-gallery-thumbnail\">\n\t\t\t<a href=\"https:\/\/www.ottomschwarz.com\/wp-content\/gallery\/der-meineidbauer\/meb_1-2.jpg\"\n\t\t\t\ttitle=\"\"\n\t\t\t\tdata-src=\"https:\/\/www.ottomschwarz.com\/wp-content\/gallery\/der-meineidbauer\/meb_1-2.jpg\"\n\t\t\t\tdata-thumbnail=\"https:\/\/www.ottomschwarz.com\/wp-content\/gallery\/der-meineidbauer\/thumbs\/thumbs_meb_1-2.jpg\"\n\t\t\t\tdata-image-id=\"80\"\n\t\t\t\tdata-title=\"Suzanne von Borsody\"\n\t\t\t\tdata-description=\"\"\n\t\t\t\tdata-image-slug=\"meb_1-2\"\n\t\t\t\t\t\t\t\t\t\t\t\t\t\t\t\t\t\t\t\tclass=\"ngg-fancybox\" rel=\"89002f0907e6b62f506341296b62bd0c\">\n\t\t\t\t\t\t\t\t<img\n\t\t\t\t\ttitle=\"Suzanne von Borsody\"\n\t\t\t\t\talt=\"Suzanne von Borsody\"\n\t\t\t\t\tsrc=\"https:\/\/www.ottomschwarz.com\/wp-content\/gallery\/der-meineidbauer\/thumbs\/thumbs_meb_1-2.jpg\"\n\t\t\t\t\twidth=\"120\"\n\t\t\t\t\theight=\"90\"\n\t\t\t\t\tstyle=\"max-width:100%;\"\n\t\t\t\t\/>\n\t\t\t<\/a>\n\t\t<\/div>\n\t\t\t\t\t\t\t<\/div>\n\t\t\t\n\t\t\n\t\t\t\t<div id=\"ngg-image-1\" class=\"ngg-gallery-thumbnail-box\"\n\t\t\t\t\t\t\t\t\t\t\t>\n\t\t\t\t\t\t<div class=\"ngg-gallery-thumbnail\">\n\t\t\t<a href=\"https:\/\/www.ottomschwarz.com\/wp-content\/gallery\/der-meineidbauer\/meb_2-2.jpg\"\n\t\t\t\ttitle=\" \"\n\t\t\t\tdata-src=\"https:\/\/www.ottomschwarz.com\/wp-content\/gallery\/der-meineidbauer\/meb_2-2.jpg\"\n\t\t\t\tdata-thumbnail=\"https:\/\/www.ottomschwarz.com\/wp-content\/gallery\/der-meineidbauer\/thumbs\/thumbs_meb_2-2.jpg\"\n\t\t\t\tdata-image-id=\"81\"\n\t\t\t\tdata-title=\"Heikko Deutschmann,Suzanne von Borsody\"\n\t\t\t\tdata-description=\" \"\n\t\t\t\tdata-image-slug=\"meb_2-2\"\n\t\t\t\t\t\t\t\t\t\t\t\t\t\t\t\t\t\t\t\tclass=\"ngg-fancybox\" rel=\"89002f0907e6b62f506341296b62bd0c\">\n\t\t\t\t\t\t\t\t<img\n\t\t\t\t\ttitle=\"Heikko Deutschmann,Suzanne von Borsody\"\n\t\t\t\t\talt=\"Heikko Deutschmann,Suzanne von Borsody\"\n\t\t\t\t\tsrc=\"https:\/\/www.ottomschwarz.com\/wp-content\/gallery\/der-meineidbauer\/thumbs\/thumbs_meb_2-2.jpg\"\n\t\t\t\t\twidth=\"120\"\n\t\t\t\t\theight=\"90\"\n\t\t\t\t\tstyle=\"max-width:100%;\"\n\t\t\t\t\/>\n\t\t\t<\/a>\n\t\t<\/div>\n\t\t\t\t\t\t\t<\/div>\n\t\t\t\n\t\t\n\t\t\t\t<div id=\"ngg-image-2\" class=\"ngg-gallery-thumbnail-box\"\n\t\t\t\t\t\t\t\t\t\t\t>\n\t\t\t\t\t\t<div class=\"ngg-gallery-thumbnail\">\n\t\t\t<a href=\"https:\/\/www.ottomschwarz.com\/wp-content\/gallery\/der-meineidbauer\/meb_4-2.jpg\"\n\t\t\t\ttitle=\" \"\n\t\t\t\tdata-src=\"https:\/\/www.ottomschwarz.com\/wp-content\/gallery\/der-meineidbauer\/meb_4-2.jpg\"\n\t\t\t\tdata-thumbnail=\"https:\/\/www.ottomschwarz.com\/wp-content\/gallery\/der-meineidbauer\/thumbs\/thumbs_meb_4-2.jpg\"\n\t\t\t\tdata-image-id=\"82\"\n\t\t\t\tdata-title=\"Suzanne von Borsody\"\n\t\t\t\tdata-description=\" \"\n\t\t\t\tdata-image-slug=\"meb_4-2\"\n\t\t\t\t\t\t\t\t\t\t\t\t\t\t\t\t\t\t\t\tclass=\"ngg-fancybox\" rel=\"89002f0907e6b62f506341296b62bd0c\">\n\t\t\t\t\t\t\t\t<img\n\t\t\t\t\ttitle=\"Suzanne von Borsody\"\n\t\t\t\t\talt=\"Suzanne von Borsody\"\n\t\t\t\t\tsrc=\"https:\/\/www.ottomschwarz.com\/wp-content\/gallery\/der-meineidbauer\/thumbs\/thumbs_meb_4-2.jpg\"\n\t\t\t\t\twidth=\"120\"\n\t\t\t\t\theight=\"90\"\n\t\t\t\t\tstyle=\"max-width:100%;\"\n\t\t\t\t\/>\n\t\t\t<\/a>\n\t\t<\/div>\n\t\t\t\t\t\t\t<\/div>\n\t\t\t\n\t\t\n\t\t\t\t<div id=\"ngg-image-3\" class=\"ngg-gallery-thumbnail-box\"\n\t\t\t\t\t\t\t\t\t\t\t>\n\t\t\t\t\t\t<div class=\"ngg-gallery-thumbnail\">\n\t\t\t<a href=\"https:\/\/www.ottomschwarz.com\/wp-content\/gallery\/der-meineidbauer\/meb_5-2.jpg\"\n\t\t\t\ttitle=\" \"\n\t\t\t\tdata-src=\"https:\/\/www.ottomschwarz.com\/wp-content\/gallery\/der-meineidbauer\/meb_5-2.jpg\"\n\t\t\t\tdata-thumbnail=\"https:\/\/www.ottomschwarz.com\/wp-content\/gallery\/der-meineidbauer\/thumbs\/thumbs_meb_5-2.jpg\"\n\t\t\t\tdata-image-id=\"83\"\n\t\t\t\tdata-title=\"Aaron Karl,Gunther-Maria Halmer,Suzanne von Borsody\"\n\t\t\t\tdata-description=\" \"\n\t\t\t\tdata-image-slug=\"meb_5-2\"\n\t\t\t\t\t\t\t\t\t\t\t\t\t\t\t\t\t\t\t\tclass=\"ngg-fancybox\" rel=\"89002f0907e6b62f506341296b62bd0c\">\n\t\t\t\t\t\t\t\t<img\n\t\t\t\t\ttitle=\"Aaron Karl,Gunther-Maria Halmer,Suzanne von Borsody\"\n\t\t\t\t\talt=\"Aaron Karl,Gunther-Maria Halmer,Suzanne von Borsody\"\n\t\t\t\t\tsrc=\"https:\/\/www.ottomschwarz.com\/wp-content\/gallery\/der-meineidbauer\/thumbs\/thumbs_meb_5-2.jpg\"\n\t\t\t\t\twidth=\"120\"\n\t\t\t\t\theight=\"90\"\n\t\t\t\t\tstyle=\"max-width:100%;\"\n\t\t\t\t\/>\n\t\t\t<\/a>\n\t\t<\/div>\n\t\t\t\t\t\t\t<\/div>\n\t\t\t\n\t\t\n\t\t\t\t<div id=\"ngg-image-4\" class=\"ngg-gallery-thumbnail-box\"\n\t\t\t\t\t\t\t\t\t\t\t>\n\t\t\t\t\t\t<div class=\"ngg-gallery-thumbnail\">\n\t\t\t<a href=\"https:\/\/www.ottomschwarz.com\/wp-content\/gallery\/der-meineidbauer\/meb_6-2.jpg\"\n\t\t\t\ttitle=\" \"\n\t\t\t\tdata-src=\"https:\/\/www.ottomschwarz.com\/wp-content\/gallery\/der-meineidbauer\/meb_6-2.jpg\"\n\t\t\t\tdata-thumbnail=\"https:\/\/www.ottomschwarz.com\/wp-content\/gallery\/der-meineidbauer\/thumbs\/thumbs_meb_6-2.jpg\"\n\t\t\t\tdata-image-id=\"84\"\n\t\t\t\tdata-title=\"Josefina Vilsmaier,Aaron Karl\"\n\t\t\t\tdata-description=\" \"\n\t\t\t\tdata-image-slug=\"meb_6-2\"\n\t\t\t\t\t\t\t\t\t\t\t\t\t\t\t\t\t\t\t\tclass=\"ngg-fancybox\" rel=\"89002f0907e6b62f506341296b62bd0c\">\n\t\t\t\t\t\t\t\t<img\n\t\t\t\t\ttitle=\"Josefina Vilsmaier,Aaron Karl\"\n\t\t\t\t\talt=\"Josefina Vilsmaier,Aaron Karl\"\n\t\t\t\t\tsrc=\"https:\/\/www.ottomschwarz.com\/wp-content\/gallery\/der-meineidbauer\/thumbs\/thumbs_meb_6-2.jpg\"\n\t\t\t\t\twidth=\"120\"\n\t\t\t\t\theight=\"90\"\n\t\t\t\t\tstyle=\"max-width:100%;\"\n\t\t\t\t\/>\n\t\t\t<\/a>\n\t\t<\/div>\n\t\t\t\t\t\t\t<\/div>\n\t\t\t\n\t\t\n\t\t\t\t<div id=\"ngg-image-5\" class=\"ngg-gallery-thumbnail-box\"\n\t\t\t\t\t\t\t\t\t\t\t>\n\t\t\t\t\t\t<div class=\"ngg-gallery-thumbnail\">\n\t\t\t<a href=\"https:\/\/www.ottomschwarz.com\/wp-content\/gallery\/der-meineidbauer\/meb_7-2.jpg\"\n\t\t\t\ttitle=\" \"\n\t\t\t\tdata-src=\"https:\/\/www.ottomschwarz.com\/wp-content\/gallery\/der-meineidbauer\/meb_7-2.jpg\"\n\t\t\t\tdata-thumbnail=\"https:\/\/www.ottomschwarz.com\/wp-content\/gallery\/der-meineidbauer\/thumbs\/thumbs_meb_7-2.jpg\"\n\t\t\t\tdata-image-id=\"85\"\n\t\t\t\tdata-title=\"Aaron Karl,Josefina Vilsmaier\"\n\t\t\t\tdata-description=\" \"\n\t\t\t\tdata-image-slug=\"meb_7-2\"\n\t\t\t\t\t\t\t\t\t\t\t\t\t\t\t\t\t\t\t\tclass=\"ngg-fancybox\" rel=\"89002f0907e6b62f506341296b62bd0c\">\n\t\t\t\t\t\t\t\t<img\n\t\t\t\t\ttitle=\"Aaron Karl,Josefina Vilsmaier\"\n\t\t\t\t\talt=\"Aaron Karl,Josefina Vilsmaier\"\n\t\t\t\t\tsrc=\"https:\/\/www.ottomschwarz.com\/wp-content\/gallery\/der-meineidbauer\/thumbs\/thumbs_meb_7-2.jpg\"\n\t\t\t\t\twidth=\"120\"\n\t\t\t\t\theight=\"90\"\n\t\t\t\t\tstyle=\"max-width:100%;\"\n\t\t\t\t\/>\n\t\t\t<\/a>\n\t\t<\/div>\n\t\t\t\t\t\t\t<\/div>\n\t\t\t\n\t\t\n\t\t\t\t<div id=\"ngg-image-6\" class=\"ngg-gallery-thumbnail-box\"\n\t\t\t\t\t\t\t\t\t\t\t>\n\t\t\t\t\t\t<div class=\"ngg-gallery-thumbnail\">\n\t\t\t<a href=\"https:\/\/www.ottomschwarz.com\/wp-content\/gallery\/der-meineidbauer\/meb_8-2.jpg\"\n\t\t\t\ttitle=\" \"\n\t\t\t\tdata-src=\"https:\/\/www.ottomschwarz.com\/wp-content\/gallery\/der-meineidbauer\/meb_8-2.jpg\"\n\t\t\t\tdata-thumbnail=\"https:\/\/www.ottomschwarz.com\/wp-content\/gallery\/der-meineidbauer\/thumbs\/thumbs_meb_8-2.jpg\"\n\t\t\t\tdata-image-id=\"86\"\n\t\t\t\tdata-title=\"Gunther-Maria Halmer,Suzanne von Borsody\"\n\t\t\t\tdata-description=\" \"\n\t\t\t\tdata-image-slug=\"meb_8-2\"\n\t\t\t\t\t\t\t\t\t\t\t\t\t\t\t\t\t\t\t\tclass=\"ngg-fancybox\" rel=\"89002f0907e6b62f506341296b62bd0c\">\n\t\t\t\t\t\t\t\t<img\n\t\t\t\t\ttitle=\"Gunther-Maria Halmer,Suzanne von Borsody\"\n\t\t\t\t\talt=\"Gunther-Maria Halmer,Suzanne von Borsody\"\n\t\t\t\t\tsrc=\"https:\/\/www.ottomschwarz.com\/wp-content\/gallery\/der-meineidbauer\/thumbs\/thumbs_meb_8-2.jpg\"\n\t\t\t\t\twidth=\"120\"\n\t\t\t\t\theight=\"90\"\n\t\t\t\t\tstyle=\"max-width:100%;\"\n\t\t\t\t\/>\n\t\t\t<\/a>\n\t\t<\/div>\n\t\t\t\t\t\t\t<\/div>\n\t\t\t\n\t\t\n\t\t\t\t<div id=\"ngg-image-7\" class=\"ngg-gallery-thumbnail-box\"\n\t\t\t\t\t\t\t\t\t\t\t>\n\t\t\t\t\t\t<div class=\"ngg-gallery-thumbnail\">\n\t\t\t<a href=\"https:\/\/www.ottomschwarz.com\/wp-content\/gallery\/der-meineidbauer\/meb_9-2.jpg\"\n\t\t\t\ttitle=\" \"\n\t\t\t\tdata-src=\"https:\/\/www.ottomschwarz.com\/wp-content\/gallery\/der-meineidbauer\/meb_9-2.jpg\"\n\t\t\t\tdata-thumbnail=\"https:\/\/www.ottomschwarz.com\/wp-content\/gallery\/der-meineidbauer\/thumbs\/thumbs_meb_9-2.jpg\"\n\t\t\t\tdata-image-id=\"87\"\n\t\t\t\tdata-title=\"Aaron Karl,Suzanne von Borsody,Josefina Vilsmaier,Heikko Deutschmann\"\n\t\t\t\tdata-description=\" \"\n\t\t\t\tdata-image-slug=\"meb_9-2\"\n\t\t\t\t\t\t\t\t\t\t\t\t\t\t\t\t\t\t\t\tclass=\"ngg-fancybox\" rel=\"89002f0907e6b62f506341296b62bd0c\">\n\t\t\t\t\t\t\t\t<img\n\t\t\t\t\ttitle=\"Aaron Karl,Suzanne von Borsody,Josefina Vilsmaier,Heikko Deutschmann\"\n\t\t\t\t\talt=\"Aaron Karl,Suzanne von Borsody,Josefina Vilsmaier,Heikko Deutschmann\"\n\t\t\t\t\tsrc=\"https:\/\/www.ottomschwarz.com\/wp-content\/gallery\/der-meineidbauer\/thumbs\/thumbs_meb_9-2.jpg\"\n\t\t\t\t\twidth=\"120\"\n\t\t\t\t\theight=\"90\"\n\t\t\t\t\tstyle=\"max-width:100%;\"\n\t\t\t\t\/>\n\t\t\t<\/a>\n\t\t<\/div>\n\t\t\t\t\t\t\t<\/div>\n\t\t\t\n\t\t\n\t\t\n\t\t<!-- Pagination -->\n\t\t<div class='ngg-clear'><\/div>\t<\/div>\n<\/p>\r\n<p><\/div> <\/div>","protected":false},"excerpt":{"rendered":"<p>This content is only available in german. Jahr: 2012 | Produktionsfirma: LISA Film (ARD, ORF) H\u00f6rbeispiel (Zusammenschnitt) Handlung Jahrelang hat Franz Bruckner auf dem Hof seines Stiefbruders gearbeitet und ist der \u00dcberzeugung Anspruch auf den Besitz zu haben. Als sein Bruder t\u00f6dlich verungl\u00fcckt, \u00f6ffnet Franz heimlich dessen Testament. Doch weder er noch sein Sohn Toni [&hellip;]<\/p>\n","protected":false},"author":2,"featured_media":0,"parent":2715,"menu_order":3,"comment_status":"closed","ping_status":"closed","template":"","meta":{"ngg_post_thumbnail":0,"footnotes":""},"class_list":["post-2659","page","type-page","status-publish","hentry"],"_links":{"self":[{"href":"https:\/\/www.ottomschwarz.com\/en\/wp-json\/wp\/v2\/pages\/2659","targetHints":{"allow":["GET"]}}],"collection":[{"href":"https:\/\/www.ottomschwarz.com\/en\/wp-json\/wp\/v2\/pages"}],"about":[{"href":"https:\/\/www.ottomschwarz.com\/en\/wp-json\/wp\/v2\/types\/page"}],"author":[{"embeddable":true,"href":"https:\/\/www.ottomschwarz.com\/en\/wp-json\/wp\/v2\/users\/2"}],"replies":[{"embeddable":true,"href":"https:\/\/www.ottomschwarz.com\/en\/wp-json\/wp\/v2\/comments?post=2659"}],"version-history":[{"count":5,"href":"https:\/\/www.ottomschwarz.com\/en\/wp-json\/wp\/v2\/pages\/2659\/revisions"}],"predecessor-version":[{"id":4432,"href":"https:\/\/www.ottomschwarz.com\/en\/wp-json\/wp\/v2\/pages\/2659\/revisions\/4432"}],"up":[{"embeddable":true,"href":"https:\/\/www.ottomschwarz.com\/en\/wp-json\/wp\/v2\/pages\/2715"}],"wp:attachment":[{"href":"https:\/\/www.ottomschwarz.com\/en\/wp-json\/wp\/v2\/media?parent=2659"}],"curies":[{"name":"wp","href":"https:\/\/api.w.org\/{rel}","templated":true}]}}