{"id":2660,"date":"2014-03-25T17:33:50","date_gmt":"2014-03-25T15:33:50","guid":{"rendered":"http:\/\/www.ottomschwarz.com\/?page_id=2660"},"modified":"2023-01-03T15:41:05","modified_gmt":"2023-01-03T13:41:05","slug":"alles-ausser-liebe","status":"publish","type":"page","link":"https:\/\/www.ottomschwarz.com\/en\/filmmusic\/filmscores\/alles-ausser-liebe\/","title":{"rendered":"Alles au\u00dfer Liebe"},"content":{"rendered":"<p class=\"msg\">This content is only available in german.<\/p>\r\n<div class=\"top-box\">\r\n<p>Jahr: 2012 | Produktionsfirma:&nbsp;Monafilm (ARD ORF)<\/p>\r\n<p>H\u00f6rbeispiel (Zusammenschnitt)<\/p>\r\n\t<audio id=\"wp_mep_1\" src=\"\/sounds\/filmmusik\/alles _ausser_liebe.mp3\"     controls=\"controls\" preload=\"none\"  >\r\n\t\t\r\n\t\t\r\n\t\t\r\n\t\t\r\n\t\t\r\n\t\t\r\n\t\t\r\n\t<\/audio>\r\n<script type=\"text\/javascript\">\r\njQuery(document).ready(function($) {\r\n\t$('#wp_mep_1').mediaelementplayer({\r\n\t\tm:1\r\n\t\t\r\n\t\t,features: ['playpause','current','progress','duration','volume','tracks','fullscreen']\r\n\t\t,audioWidth:400,audioHeight:30\r\n\t});\r\n});\r\n<\/script>\r\n\r\n<a href=\"https:\/\/open.spotify.com\/album\/1ez7lfcdxNDnI6tZT7uK4V?si=mBfLXmZxQaKBBxbF6hq7VQ\" target=\"_blank\" style=\"background-color:#fff; color: #000\" class=\"button tiny radius sc\"> Spotify <\/a>\r\n<a href=\"http:\/\/www.amazon.de\/dp\/B00HV2EAVA\" target=\"_blank\" style=\"background-color:#fff; color: #000\" class=\"button tiny radius sc\"> DVD zum Film <\/a>\r\n<\/div>\r\n<h4>Handlung<\/h4>\r\n<p>Seit dem Tod seiner Frau vermeidet Promiarzt Dr. Anton \u201eToni\u201c Tanner (Fritz Wepper) jede festere Beziehung zu Frauen. Der erfolgreiche Arzt hat meist Aff\u00e4ren mit wesentlich j\u00fcngeren Partnerinnen und ist so auch mit Mitte 60 immer noch ein leidenschaftlicher Charmeur. Mit seiner neuesten Eroberung, der gerade mal halb so alten Emma (Eva Maria Grein von Friedl), will er den Urlaub in einer Villa am idyllischen Wolfgangsee verbringen. <br>\r\nLeider wurde das Haus versehentlich auch an Kochbuchautorin Julia (Gila von Weitershausen) und ihren pensionierten Vater Arthur (Ernst Stankowski) vermietet.<\/p>\r\n\n\t\t\n\t\t<!--BEGIN .toggle -->\n\t\t<div class=\"toggle closed sc\">\n\t\t\t<div class=\"trigger\">Weiterlesen\u2026<span><i class=\"icon-chevron-down\"><\/i><\/span><\/div>\n\t\t\t<div class=\"toggle-pane\"><div class=\"inner-pane\"><\/p>\r\n<p>Die attraktive Sterne K\u00f6chin, die sich aus ihrem Beruf zur\u00fcckgezogen hat und nun Kochb\u00fccher schreibt, hat ebenfalls den Urlaub am Wolfgangsee geplant. Die \u00dcberraschung ist gro\u00df, als die beiden unterschiedlichen Paare feststellen, dass das Tourismus B\u00fcro ihnen aus Versehen das selbe Haus vermietet hat. Alternative Feriendomizile gibt es keine mehr und so einigt man sich z\u00e4hneknirschend, die Villa gemeinsam zu nutzen. Allerdings k\u00f6nnen sich Julia und Toni von Anfang an nicht leiden, nur mit M\u00fche k\u00f6nnen Arthur und Emma die beiden Streith\u00e4hne im Zaum halten.<\/p>\r\n<p>Als auf dem See der attraktive Alexander (Mike Galeli) einen Wasserski-Unfall hat, sind Emma, Julia und Toni zur Stelle, um ihm zu helfen. Alexander revanchiert sich mit einer Einladung in sein Restaurant. Dort zeigt sich, dass der junge Mann alle Kochb\u00fccher Julias gelesen hat \u2013 und sie verg\u00f6ttert. Jetzt wird Toni eifers\u00fcchtig. Um jeden Preis versucht der alternde Womanizer, mit dem jungen Sch\u00f6nling mitzuhalten \u2013 und l\u00f6st damit eine Verkettung ungl\u00fcckseliger Umst\u00e4nde aus, die letztlich sogar in seiner Verhaftung gipfeln. Nur mit viel \u00dcberredungskunst und einer selbst gebackenen Quiche gelingt es Julia, Toni aus dem Gef\u00e4ngnis zu holen. Als ihr langsam klar wird, dass sich hinter Tonis Machofassade ein feinf\u00fchliger Mensch verbirgt, kommen sich die beiden unter der paradiesischen Sonne des Urlaubsorts langsam n\u00e4her.<\/p>\r\n<p><\/div><\/div>\n\t\t<\/div> \n\t\t<!--END .toggle -->\r\n<div class=\"row sc\"> <div class=\"six columns content-col sc\"><\/p>\r\n<h4>Filmteam<\/h4>\r\n<p><dl class=\"tabs mobile\"><dd><a href=\"#engine-tab-besetzung\">Besetzung<\/a><\/dd><dd><a href=\"#engine-tab-stab\">Stab<\/a><\/dd><dd><a href=\"#engine-tab-weitere-infos\">Weitere Infos<\/a><\/dd><\/dl><ul class=\"tabs-content contained sc\"> <li id=\"engine-tab-besetzungTab\" class=\"engine-tab\"><\/p>\r\n<ul class=\"cast\">\r\n\t<li>Fritz Wepper: \u201eDr. Anton Tanner\u201c<\/li>\r\n\t<li>Eva Maria Grein von Friedl: \u201eEmma\u201c<\/li>\r\n\t<li>Mike Galeli: \u201e Alexander\u201c<\/li>\r\n\t<li>Gila von Weitershausen: \u201eJulia\u201c<\/li>\r\n\t<li>Ernst Stankovski: \u201eArthur\u201c<\/li>\r\n<\/ul>\r\n<p><\/li> <li id=\"engine-tab-stabTab\" class=\"engine-tab\"><\/p>\r\n<ul class=\"cast\">\r\n\t<li>Drehbuch: Maja &amp; Wolfgang Brandstetter<\/li>\r\n\t<li>Regie: Karsten Wichniarz<\/li>\r\n\t<li>Kamera: Susanne Kellermann<\/li>\r\n\t<li>Herstellungsleiter: Alfred Strobl<\/li>\r\n\t<li>Produktionsleiter: Christoph Getrost<\/li>\r\n\t<li>Aufnahmeleiter: Markus Jungreithmayer<\/li>\r\n\t<li>Tonmeister: Max Vornehm<\/li>\r\n\t<li>Architekt: Martin Malek (Baub\u00fchne)<\/li>\r\n\t<li>Ausstattung: Susanne Quendler<\/li>\r\n\t<li>Kost\u00fcm: Uli Fessler<\/li>\r\n\t<li>Schnitt: Uschi Erber<\/li>\r\n\t<li>Maske: Dagmar Lucke, Nicole Axt<\/li>\r\n\t<li>Musik: Otto M. Schwarz<\/li>\r\n<\/ul>\r\n<p><\/li><li id=\"engine-tab-weitere-infosTab\" class=\"engine-tab\"><\/p>\r\n<ul class=\"cast\">\r\n\t<li>Drehorte: St.Gilgen &amp; Umgebung, Salzburg, Wien<\/li>\r\n<\/ul>\r\n<p><\/li><\/ul><\/p>\r\n<p><\/div><div class=\"six columns content-col sc\"><\/p>\r\n<h4>Szenenbilder<\/h4>\r\n\r\nngg_shortcode_0_placeholder\r\n\r\n<p><\/div> <\/div>","protected":false},"excerpt":{"rendered":"<p>This content is only available in german. Jahr: 2012 | Produktionsfirma:&nbsp;Monafilm (ARD ORF) H\u00f6rbeispiel (Zusammenschnitt) Handlung Seit dem Tod seiner Frau vermeidet Promiarzt Dr. Anton \u201eToni\u201c Tanner (Fritz Wepper) jede festere Beziehung zu Frauen. Der erfolgreiche Arzt hat meist Aff\u00e4ren mit wesentlich j\u00fcngeren Partnerinnen und ist so auch mit Mitte 60 immer noch ein leidenschaftlicher [&hellip;]<\/p>\n","protected":false},"author":2,"featured_media":0,"parent":2715,"menu_order":4,"comment_status":"closed","ping_status":"closed","template":"","meta":{"ngg_post_thumbnail":0,"footnotes":""},"class_list":["post-2660","page","type-page","status-publish","hentry"],"_links":{"self":[{"href":"https:\/\/www.ottomschwarz.com\/en\/wp-json\/wp\/v2\/pages\/2660","targetHints":{"allow":["GET"]}}],"collection":[{"href":"https:\/\/www.ottomschwarz.com\/en\/wp-json\/wp\/v2\/pages"}],"about":[{"href":"https:\/\/www.ottomschwarz.com\/en\/wp-json\/wp\/v2\/types\/page"}],"author":[{"embeddable":true,"href":"https:\/\/www.ottomschwarz.com\/en\/wp-json\/wp\/v2\/users\/2"}],"replies":[{"embeddable":true,"href":"https:\/\/www.ottomschwarz.com\/en\/wp-json\/wp\/v2\/comments?post=2660"}],"version-history":[{"count":4,"href":"https:\/\/www.ottomschwarz.com\/en\/wp-json\/wp\/v2\/pages\/2660\/revisions"}],"predecessor-version":[{"id":5419,"href":"https:\/\/www.ottomschwarz.com\/en\/wp-json\/wp\/v2\/pages\/2660\/revisions\/5419"}],"up":[{"embeddable":true,"href":"https:\/\/www.ottomschwarz.com\/en\/wp-json\/wp\/v2\/pages\/2715"}],"wp:attachment":[{"href":"https:\/\/www.ottomschwarz.com\/en\/wp-json\/wp\/v2\/media?parent=2660"}],"curies":[{"name":"wp","href":"https:\/\/api.w.org\/{rel}","templated":true}]}}