{"id":2662,"date":"2014-03-25T17:33:54","date_gmt":"2014-03-25T15:33:54","guid":{"rendered":"http:\/\/www.ottomschwarz.com\/?page_id=2662"},"modified":"2016-02-03T20:53:06","modified_gmt":"2016-02-03T18:53:06","slug":"lilly-schoenauer-12-liebe-auf-den-2-blick","status":"publish","type":"page","link":"https:\/\/www.ottomschwarz.com\/en\/filmmusic\/filmscores\/lilly-schoenauer-12-liebe-auf-den-2-blick\/","title":{"rendered":"Lilly Sch\u00f6nauer 12 &#8211; Liebe auf den 2. Blick"},"content":{"rendered":"<p class=\"msg\">This content is only available in german.<\/p>\r\n<div class=\"top-box\">\r\n<p>Jahr: 2011\u00a0| Produktionsfirma:\u00a0BAVARIA Film\/Graf Film (ARD ORF)<\/p>\r\n<p>H\u00f6rbeispiel (Zusammenschnitt)<br \/> \t<audio id=\"wp_mep_1\" src=\"\/sounds\/filmmusik\/lilly-schoenauer-12.mp3\"     controls=\"controls\" preload=\"none\"  >\r\n\t\t\r\n\t\t\r\n\t\t\r\n\t\t\r\n\t\t\r\n\t\t\r\n\t\t\r\n\t<\/audio>\r\n<script type=\"text\/javascript\">\r\njQuery(document).ready(function($) {\r\n\t$('#wp_mep_1').mediaelementplayer({\r\n\t\tm:1\r\n\t\t\r\n\t\t,features: ['playpause','current','progress','duration','volume','tracks','fullscreen']\r\n\t\t,audioWidth:400,audioHeight:30\r\n\t});\r\n});\r\n<\/script>\r\n<\/p>\r\n<a href=\"http:\/\/www.amazon.de\/Lilly-Sch%C3%B6nauer-Collection-DVDs\/dp\/B0152B8CME\/\" target=\"_blank\" style=\"background-color:#fff; color: #000\" class=\"button tiny radius sc\"> DVD <\/a>\r\n<\/div>\r\n<h4>Handlung<\/h4>\r\n<p>Gibt es so etwas wie Liebe auf den zweiten Blick? Und sind Schmetterlinge im Bauch wirklich wichtig in einer Beziehung? Die junge Bio-B\u00e4uerin Sophie glaubt nicht daran. Oder will nicht daran glauben, denn als Julian, ihre erste gro\u00dfe Liebe nach Jahren im Ausland wieder auftaucht, ist sie gerade frisch mit Martin verlobt. Es spricht so viel f\u00fcr diese Beziehung: Sie und Martin haben die gleichen Berufe, \u00e4hnliche Ansichten. Doch Julian l\u00e4sst die Schmetterlinge in ihrem Bauch fliegen.\n\t\t\n\t\t<!--BEGIN .toggle -->\n\t\t<div class=\"toggle closed sc\">\n\t\t\t<div class=\"trigger\">Weiterlesen\u2026<span><i class=\"icon-chevron-down\"><\/i><\/span><\/div>\n\t\t\t<div class=\"toggle-pane\"><div class=\"inner-pane\"><\/p>\r\n<p>Sophie will dieses Gef\u00fchl lange nicht wahrhaben, denn sie hat andere Sorgen: Sie hat gerade erst angefangen, den elterlichen Hof in einen Bio-Bauernhof umzuwandeln, und muss feststellen, dass er kurz vor dem Aus steht. Und dann gibt es da noch Vater Johann, der nach dem Tod seiner geliebten Frau und dem R\u00fcckzug aus der aktiven Arbeit auf dem Hof nach neuen Herausforderungen sucht. So viele Baustellen\u2026 Sophie hat manchmal das Gef\u00fchl, der Tag habe nicht genug Stunden, um alles zu schaffen! Deshalb verdr\u00e4ngt sie, will nicht wahrhaben, dass Martin nicht der gradlinige Partner ist, f\u00fcr den sie ihn h\u00e4lt, und Julian nicht der arrogante Banker, der er auf den ersten Blick zu sein scheint. Erst als das Leben ihres Vaters durch eine R\u00fccksichtslosigkeit von Martin eine traurige Wendung zu nehmen droht, wacht Sophie auf und ist gezwungen, einen zweiten Blick zu riskieren. Sophie wird lernen m\u00fcssen, wieder auf ihr Herz zu h\u00f6ren und zuzulassen, dass es kleine Dinge gibt, die das ganze Leben ver\u00e4ndern k\u00f6nnen, so wie der Fl\u00fcgelschlag eines Schmetterlings.<\/div><\/div>\n\t\t<\/div> \n\t\t<!--END .toggle --><\/p>\r\n<div class=\"row sc\"> <div class=\"six columns content-col sc\"><\/p>\r\n<h4>Filmteam<\/h4>\r\n<p><dl class=\"tabs mobile\"><dd><a href=\"#engine-tab-besetzung\">Besetzung<\/a><\/dd><dd><a href=\"#engine-tab-stab\">Stab<\/a><\/dd><dd><a href=\"#engine-tab-weitere-infos\">Weitere Infos<\/a><\/dd><\/dl><ul class=\"tabs-content contained sc\"> <li id=\"engine-tab-besetzungTab\" class=\"engine-tab\"><\/p>\r\n<ul class=\"cast\">\r\n<li>\r\n<p>Henriette Richter-R\u00f6hl: \u201eSophie Brunner\u201c<\/p>\r\n<\/li>\r\n<li>\r\n<p>Andreas Kiendl: \u201eJulian Waldner\u201c<\/p>\r\n<\/li>\r\n<li>\r\n<p>Erwin Steinhauer: \u201eJohann Brunner\u201c<\/p>\r\n<\/li>\r\n<li>\r\n<p>Hilde Dalikv: \u201eMia Nadas\u201c<\/p>\r\n<\/li>\r\n<li>\r\n<p>Michael Mendl: \u201eFranz Waldner\u201c<\/p>\r\n<\/li>\r\n<li>\r\n<p>Christoph v. Friedl: \u201eMartin\u201c<\/p>\r\n<\/li>\r\n<li>\r\n<p>Michael Steinocher: \u201eSimon\u201c<\/p>\r\n<\/li>\r\n<li>\r\n<p>Franziska Singer: \u201eLissi\u201c<\/p>\r\n<\/li>\r\n<li>\r\n<p>Stefan Matousch: \u201eSchorsch\u201c<\/p>\r\n<\/li>\r\n<\/ul>\r\n<p><\/li> <li id=\"engine-tab-stabTab\" class=\"engine-tab\"><\/p>\r\n<ul class=\"cast\">\r\n<li>\r\n<p>Regie: Peter S\u00e4mann<\/p>\r\n<\/li>\r\n<li>\r\n<p>Drehbuch: Andrea Brown<\/p>\r\n<\/li>\r\n<li>\r\n<p>Kamera: Gero Lasnig<\/p>\r\n<\/li>\r\n<li>\r\n<p>Schnitt: Heidi Handorf<\/p>\r\n<\/li>\r\n<li>\r\n<p>Produzenten: Ronald M\u00fchlfellner, Klaus Graf<\/p>\r\n<\/li>\r\n<li>\r\n<p>Musik: Otto M. Schwarz<\/p>\r\n<\/li>\r\n<\/ul>\r\n<p><\/li><li id=\"engine-tab-weitere-infosTab\" class=\"engine-tab\"><\/p>\r\n<ul class=\"cast\">\r\n<li>Keine<\/li>\r\n<\/ul>\r\n<p><\/li><\/ul><\/p>\r\n<p><\/div><div class=\"six columns content-col sc\"><\/p>\r\n<h4>Szenenbilder<\/h4>\r\n<p>Keine<\/p>\r\n<p><\/div> <\/div>","protected":false},"excerpt":{"rendered":"<p>This content is only available in german. Jahr: 2011\u00a0| Produktionsfirma:\u00a0BAVARIA Film\/Graf Film (ARD ORF) H\u00f6rbeispiel (Zusammenschnitt) Handlung Gibt es so etwas wie Liebe auf den zweiten Blick? Und sind Schmetterlinge im Bauch wirklich wichtig in einer Beziehung? Die junge Bio-B\u00e4uerin Sophie glaubt nicht daran. Oder will nicht daran glauben, denn als Julian, ihre erste gro\u00dfe [&hellip;]<\/p>\n","protected":false},"author":2,"featured_media":0,"parent":2715,"menu_order":6,"comment_status":"closed","ping_status":"closed","template":"","meta":{"ngg_post_thumbnail":0,"footnotes":""},"class_list":["post-2662","page","type-page","status-publish","hentry"],"_links":{"self":[{"href":"https:\/\/www.ottomschwarz.com\/en\/wp-json\/wp\/v2\/pages\/2662","targetHints":{"allow":["GET"]}}],"collection":[{"href":"https:\/\/www.ottomschwarz.com\/en\/wp-json\/wp\/v2\/pages"}],"about":[{"href":"https:\/\/www.ottomschwarz.com\/en\/wp-json\/wp\/v2\/types\/page"}],"author":[{"embeddable":true,"href":"https:\/\/www.ottomschwarz.com\/en\/wp-json\/wp\/v2\/users\/2"}],"replies":[{"embeddable":true,"href":"https:\/\/www.ottomschwarz.com\/en\/wp-json\/wp\/v2\/comments?post=2662"}],"version-history":[{"count":2,"href":"https:\/\/www.ottomschwarz.com\/en\/wp-json\/wp\/v2\/pages\/2662\/revisions"}],"predecessor-version":[{"id":3665,"href":"https:\/\/www.ottomschwarz.com\/en\/wp-json\/wp\/v2\/pages\/2662\/revisions\/3665"}],"up":[{"embeddable":true,"href":"https:\/\/www.ottomschwarz.com\/en\/wp-json\/wp\/v2\/pages\/2715"}],"wp:attachment":[{"href":"https:\/\/www.ottomschwarz.com\/en\/wp-json\/wp\/v2\/media?parent=2662"}],"curies":[{"name":"wp","href":"https:\/\/api.w.org\/{rel}","templated":true}]}}