{"id":2664,"date":"2014-03-25T17:34:01","date_gmt":"2014-03-25T15:34:01","guid":{"rendered":"http:\/\/www.ottomschwarz.com\/?page_id=2664"},"modified":"2016-02-03T21:02:27","modified_gmt":"2016-02-03T19:02:27","slug":"soko-kitzbuehel-tod-im-internat","status":"publish","type":"page","link":"https:\/\/www.ottomschwarz.com\/en\/filmmusic\/filmscores\/soko-kitzbuehel-tod-im-internat\/","title":{"rendered":"SOKO Kitzb\u00fchel &#8211; Tod im Internat"},"content":{"rendered":"<p class=\"msg\">This content is only available in german.<\/p>\r\n<div class=\"top-box\">\r\n<p>Jahr: 2011 | Produktionsfirma:\u00a0Beofilm (ZDF ORF)<\/p>\r\n<p>H\u00f6rbeispiel (Zusammenschnitt)<br \/> \t<audio id=\"wp_mep_1\" src=\"\/sounds\/filmmusik\/soko-tod-im-internat.mp3\"     controls=\"controls\" preload=\"none\"  >\r\n\t\t\r\n\t\t\r\n\t\t\r\n\t\t\r\n\t\t\r\n\t\t\r\n\t\t\r\n\t<\/audio>\r\n<script type=\"text\/javascript\">\r\njQuery(document).ready(function($) {\r\n\t$('#wp_mep_1').mediaelementplayer({\r\n\t\tm:1\r\n\t\t\r\n\t\t,features: ['playpause','current','progress','duration','volume','tracks','fullscreen']\r\n\t\t,audioWidth:400,audioHeight:30\r\n\t});\r\n});\r\n<\/script>\r\n<\/p>\r\n<a href=\"http:\/\/www.amazon.de\/SOKO-Kitzb%C3%BChel-14-2-DVDs\/dp\/B019PWB72I\" target=\"_blank\" style=\"background-color:#fff; color: #000\" class=\"button tiny radius sc\"> DVD <\/a>\r\n<\/div>\r\n<h4>Handlung<\/h4>\r\n<p>In einem Nobelinternat st\u00fcrzt der 18-j\u00e4hrige Damian (Patrick Baehr) aus einem Fenster in den Tod. Ein Selbstmord wegen schlechter Leistungen war es nicht; er ist eindeutig gesto\u00dfen worden. Die Direktorin Dr. Carolina Fischer (Claudia Geisler), ihr Mann und Damians Klassenlehrer Prof. Ingo Fischer (Christian Alexander Rogler), seine Kollegin Prof. Christa Stein (Nike van der Let) sind aus Angst um den Ruf der Privatschule wenig auskunftsbereit. Bei Damians Mitsch\u00fclern und angeblichen Freunden Johannes Eckstein (Emil Reinke), Viktoria Steffen (Coco Huemer) Dimitri Lubchenko (Martin Kurz) und Bernd Jandl (Max von der Groeben) aber treffen die Ermittler auf eine Mauer des Schweigens. Aber sie k\u00f6nnen ein Handy-Video von einer Exkursion sicherstellen, bei der eine Sch\u00fclerin zu Tode gekommen ist. Damians Handy dagegen ist spurlos verschwunden.<\/p>\r\n<div class=\"row sc\"> <div class=\"six columns content-col sc\"><\/p>\r\n<h4>Filmteam<\/h4>\r\n<p><dl class=\"tabs mobile\"><dd><a href=\"#engine-tab-besetzung\">Besetzung<\/a><\/dd><dd><a href=\"#engine-tab-stab\">Stab<\/a><\/dd><dd><a href=\"#engine-tab-weitere-infos\">Weitere Infos<\/a><\/dd><\/dl><ul class=\"tabs-content contained sc\"> <li id=\"engine-tab-besetzungTab\" class=\"engine-tab\"><\/p>\r\n<ul class=\"cast\">\r\n<li>\r\n<p>Kristina Sprenger: \u201eKarin Kofler\u201c<\/p>\r\n<\/li>\r\n<li>\r\n<p>Jakob Seeb\u00f6ck: \u201eLukas Roither\u201c<\/p>\r\n<\/li>\r\n<li>\r\n<p>Heinz Marecek: \u201eHannes Kofler\u201c<\/p>\r\n<\/li>\r\n<li>\r\n<p>Andrea L&#8217;Arronge: \u201eGr\u00e4fin Sch\u00f6nberg\u201c<\/p>\r\n<\/li>\r\n<li>\r\n<p>Ferry Oellinger: \u201eKroisleitner\u201c<\/p>\r\n<\/li>\r\n<li>\r\n<p>Christian Rogler: \u201eProf. Ingo Fischer\u201c<\/p>\r\n<\/li>\r\n<li>\r\n<p>Claudia Geisler: \u201eCarolina Fischer\u201c<\/p>\r\n<\/li>\r\n<li>\r\n<p>Max von der Groeben: \u201eBernd Jandl\u201c<\/p>\r\n<\/li>\r\n<li>\r\n<p>Emil Reinke: \u201eJohannes Eckstein\u201c<\/p>\r\n<\/li>\r\n<li>\r\n<p>Coco Huemer: \u201eVictoria Steffen\u201c<\/p>\r\n<\/li>\r\n<\/ul>\r\n<p><\/li> <li id=\"engine-tab-stabTab\" class=\"engine-tab\"><\/p>\r\n<ul class=\"cast\">\r\n<li>\r\n<p>Regie: Michael Zens<\/p>\r\n<\/li>\r\n<li>\r\n<p>Buch: Ralph Werner<\/p>\r\n<\/li>\r\n<li>\r\n<p>Produzent: Helmut Dimko<\/p>\r\n<\/li>\r\n<li>\r\n<p>Ger\u00e4uschemacher: Andreas Schneider<\/p>\r\n<\/li>\r\n<li>\r\n<p>Musik: Otto M. Schwarz<\/p>\r\n<\/li>\r\n<\/ul>\r\n<p><\/li><li id=\"engine-tab-weitere-infosTab\" class=\"engine-tab\"><\/p>\r\n<ul class=\"cast\">\r\n<li>Keine<\/li>\r\n<\/ul>\r\n<p><\/li><\/ul><\/p>\r\n<p><\/div><div class=\"six columns content-col sc\"><\/p>\r\n<h4>Szenenbilder<\/h4>\r\n<p>Keine<\/p>\r\n<p><\/div> <\/div>","protected":false},"excerpt":{"rendered":"<p>This content is only available in german. Jahr: 2011 | Produktionsfirma:\u00a0Beofilm (ZDF ORF) H\u00f6rbeispiel (Zusammenschnitt) Handlung In einem Nobelinternat st\u00fcrzt der 18-j\u00e4hrige Damian (Patrick Baehr) aus einem Fenster in den Tod. Ein Selbstmord wegen schlechter Leistungen war es nicht; er ist eindeutig gesto\u00dfen worden. Die Direktorin Dr. Carolina Fischer (Claudia Geisler), ihr Mann und Damians [&hellip;]<\/p>\n","protected":false},"author":2,"featured_media":0,"parent":2715,"menu_order":8,"comment_status":"closed","ping_status":"closed","template":"","meta":{"ngg_post_thumbnail":0,"footnotes":""},"class_list":["post-2664","page","type-page","status-publish","hentry"],"_links":{"self":[{"href":"https:\/\/www.ottomschwarz.com\/en\/wp-json\/wp\/v2\/pages\/2664","targetHints":{"allow":["GET"]}}],"collection":[{"href":"https:\/\/www.ottomschwarz.com\/en\/wp-json\/wp\/v2\/pages"}],"about":[{"href":"https:\/\/www.ottomschwarz.com\/en\/wp-json\/wp\/v2\/types\/page"}],"author":[{"embeddable":true,"href":"https:\/\/www.ottomschwarz.com\/en\/wp-json\/wp\/v2\/users\/2"}],"replies":[{"embeddable":true,"href":"https:\/\/www.ottomschwarz.com\/en\/wp-json\/wp\/v2\/comments?post=2664"}],"version-history":[{"count":2,"href":"https:\/\/www.ottomschwarz.com\/en\/wp-json\/wp\/v2\/pages\/2664\/revisions"}],"predecessor-version":[{"id":3675,"href":"https:\/\/www.ottomschwarz.com\/en\/wp-json\/wp\/v2\/pages\/2664\/revisions\/3675"}],"up":[{"embeddable":true,"href":"https:\/\/www.ottomschwarz.com\/en\/wp-json\/wp\/v2\/pages\/2715"}],"wp:attachment":[{"href":"https:\/\/www.ottomschwarz.com\/en\/wp-json\/wp\/v2\/media?parent=2664"}],"curies":[{"name":"wp","href":"https:\/\/api.w.org\/{rel}","templated":true}]}}