{"id":2665,"date":"2014-03-25T17:34:03","date_gmt":"2014-03-25T15:34:03","guid":{"rendered":"http:\/\/www.ottomschwarz.com\/?page_id=2665"},"modified":"2023-01-03T15:49:51","modified_gmt":"2023-01-03T13:49:51","slug":"die-landaerztin-folge-9-entscheidung-des-herzens","status":"publish","type":"page","link":"https:\/\/www.ottomschwarz.com\/en\/filmmusic\/filmscores\/die-landaerztin-folge-9-entscheidung-des-herzens\/","title":{"rendered":"Die Land\u00e4rztin Folge 9 &#8211; Entscheidung des Herzens"},"content":{"rendered":"<p class=\"msg\">This content is only available in german.<\/p>\r\n<div class=\"top-box\">\r\n<p>Jahr: 2011 | Produktionsfirma: Zieglerfilm\/Wegafilm (ARD ORF)<\/p>\r\n<p>H\u00f6rbeispiel (Zusammenschnitt)<\/p>\r\n\t<audio id=\"wp_mep_1\" src=\"\/sounds\/filmmusik\/landaerztin.mp3\"     controls=\"controls\" preload=\"none\"  >\r\n\t\t\r\n\t\t\r\n\t\t\r\n\t\t\r\n\t\t\r\n\t\t\r\n\t\t\r\n\t<\/audio>\r\n<script type=\"text\/javascript\">\r\njQuery(document).ready(function($) {\r\n\t$('#wp_mep_1').mediaelementplayer({\r\n\t\tm:1\r\n\t\t\r\n\t\t,features: ['playpause','current','progress','duration','volume','tracks','fullscreen']\r\n\t\t,audioWidth:400,audioHeight:30\r\n\t});\r\n});\r\n<\/script>\r\n\r\n<\/div>\r\n<h4>Handlung<\/h4>\r\n<p>Endlich hat sich Dr. Johanna Lohmann zu einem wichtigen Schritt in ihrer Beziehung entschlossen: Sie zieht mit ihrem Freund Daniel Winterberg zusammen! Die Kinder sind nat\u00fcrlich begeistert, aber f\u00fcr Johanna bedeutet das auch, dass sie nun t\u00e4glich den langen Weg vom Reiterhof zu ihrer Praxis im Ortszentrum auf sich nehmen muss. Und da ein Kollege in Rente gegangen ist, ist die Land\u00e4rztin noch mehr unterwegs, weil sie sich um dessen Patienten aus dem Umland k\u00fcmmern muss. Ein Hobbydrachenflieger hat allerdings Gl\u00fcck, dass die \u00c4rztin gerade in dem Moment vorbeif\u00e4hrt, als er abst\u00fcrzt und ihm sofort zur Hilfe eilen kann. Es scheint nur ein Kn\u00f6chel verstaucht zu sein. Als der sympathische Mittdrei\u00dfiger, der sich als Journalist Alexander Richter vorstellt, von dem&nbsp;\u00c4rztenotstand auf dem Land erf\u00e4hrt, bietet er spontan an, eine Reportage dar\u00fcber zu machen.<\/p>\r\n\n\t\t\n\t\t<!--BEGIN .toggle -->\n\t\t<div class=\"toggle closed sc\">\n\t\t\t<div class=\"trigger\">Weiterlesen\u2026<span><i class=\"icon-chevron-down\"><\/i><\/span><\/div>\n\t\t\t<div class=\"toggle-pane\"><div class=\"inner-pane\"><\/p>\r\n<p>Vielleicht k\u00f6nnen sie so einen jungen Arzt aufs Land locken? Daniel ist dieser attraktive Mann, der Johanna nun auf Schritt und Tritt in ihrem Arbeitsalltag begleitet, nat\u00fcrlich ein Dorn im Auge. Auf dem Bergmeierhof hingegen ist die Lust nach der Liebe ausgebrochen. W\u00e4hrend Verena zart mit ihrem Saisonarbeiter Dominik Engel anbandelt, fasst auch ihr Vater den Entschluss, sich nochmal in der Damenwelt umzuschauen. Dominik macht ihm kurzerhand die Suche im<br>\r\nInternet schmackhaft und so l\u00e4uft die Aktion \u201eBauer sucht Frau\u201c an! Als Verena jedoch eines fr\u00fchen Morgens eine Unbekannte aus dem Zimmer ihres Vaters schleichen sieht, findet sie das gar nicht mehr so lustig.<\/p>\r\n<p>Unterdessen spitzt sich Daniels Eifersucht auf den Journalisten zu. Denn er wei\u00df nicht, dass Johannas etwas herausgefunden hat, das sie sehr belastet: Alexander leidet an einer lebensgef\u00e4hrlichen Krankheit und ist in Wahrheit zum Sterben in seine Heimat gekommen. Nur eine Knochenmarktransplantation k\u00f6nnte ihm helfen. Wird Johanna es schaffen, dem jungen Mann wieder Lebensmut zu schenken?<\/p>\r\n<p><\/div><\/div>\n\t\t<\/div> \n\t\t<!--END .toggle -->\r\n<div class=\"row sc\"> <div class=\"six columns content-col sc\"><\/p>\r\n<h4>Filmteam<\/h4>\r\n<p><dl class=\"tabs mobile\"><dd><a href=\"#engine-tab-besetzung\">Besetzung<\/a><\/dd><dd><a href=\"#engine-tab-stab\">Stab<\/a><\/dd><dd><a href=\"#engine-tab-weitere-infos\">Weitere Infos<\/a><\/dd><\/dl><ul class=\"tabs-content contained sc\"> <li id=\"engine-tab-besetzungTab\" class=\"engine-tab\"><\/p>\r\n<ul class=\"cast\">\r\n\t<li>Christine Neubauer<\/li>\r\n\t<li>Johanna von Koczian<\/li>\r\n\t<li>Siegfried Rauch<\/li>\r\n\t<li>August Schm\u00f6lzer<\/li>\r\n\t<li>Sven Martinek<\/li>\r\n\t<li>Judith Richter<\/li>\r\n\t<li>Jan Sosniok<\/li>\r\n<\/ul>\r\n<p><\/li> <li id=\"engine-tab-stabTab\" class=\"engine-tab\"><\/p>\r\n<ul class=\"cast\">\r\n\t<li>Regie: Sigi Rothemund<\/li>\r\n\t<li>Drehbuch: Mathias Klaschka<\/li>\r\n\t<li>Dramaturgie: Undine Kunath<\/li>\r\n\t<li>Kamera: Hermann Dunzend\u00f6rfer<\/li>\r\n\t<li>Schnitt: Claudia Klook<\/li>\r\n\t<li>Musik: Otto M. Schwarz<\/li>\r\n\t<li>Szenenbild: Thomas V\u00f6gel<\/li>\r\n\t<li>Kost\u00fcmbild: Funda Dag-Hoffmann<\/li>\r\n\t<li>Maske: Manhard Kruse, Claudia Herold<\/li>\r\n\t<li>Produktionsleitung: Leila Kessler<\/li>\r\n\t<li>Herstellungsleitung: Hartmut K\u00f6hler<\/li>\r\n\t<li>Producer: Nanni Erben<\/li>\r\n\t<li>Koproduzent: Veit Heiduschka, Wega Film<\/li>\r\n\t<li>Produzent: Regina Ziegler<\/li>\r\n\t<li>Redaktion: Hans-Wolfgang Jurgan<\/li>\r\n<\/ul>\r\n<p><\/li><li id=\"engine-tab-weitere-infosTab\" class=\"engine-tab\"><\/p>\r\n<ul class=\"cast\">\r\n\t<li>Keine<\/li>\r\n<\/ul>\r\n<p><\/li><\/ul><\/p>\r\n<p><\/div><div class=\"six columns content-col sc\"><\/p>\r\n<h4>Szenenbilder<\/h4>\r\n\r\nngg_shortcode_0_placeholder\r\n\r\n<p><\/div> <\/div>\r\n<p>Die Land\u00e4rztin Folge 9 &#8211; Entscheidung des Herzens<\/p>","protected":false},"excerpt":{"rendered":"<p>This content is only available in german. Jahr: 2011 | Produktionsfirma: Zieglerfilm\/Wegafilm (ARD ORF) H\u00f6rbeispiel (Zusammenschnitt) Handlung Endlich hat sich Dr. Johanna Lohmann zu einem wichtigen Schritt in ihrer Beziehung entschlossen: Sie zieht mit ihrem Freund Daniel Winterberg zusammen! Die Kinder sind nat\u00fcrlich begeistert, aber f\u00fcr Johanna bedeutet das auch, dass sie nun t\u00e4glich den [&hellip;]<\/p>\n","protected":false},"author":2,"featured_media":0,"parent":2715,"menu_order":9,"comment_status":"closed","ping_status":"closed","template":"","meta":{"ngg_post_thumbnail":0,"footnotes":""},"class_list":["post-2665","page","type-page","status-publish","hentry"],"_links":{"self":[{"href":"https:\/\/www.ottomschwarz.com\/en\/wp-json\/wp\/v2\/pages\/2665","targetHints":{"allow":["GET"]}}],"collection":[{"href":"https:\/\/www.ottomschwarz.com\/en\/wp-json\/wp\/v2\/pages"}],"about":[{"href":"https:\/\/www.ottomschwarz.com\/en\/wp-json\/wp\/v2\/types\/page"}],"author":[{"embeddable":true,"href":"https:\/\/www.ottomschwarz.com\/en\/wp-json\/wp\/v2\/users\/2"}],"replies":[{"embeddable":true,"href":"https:\/\/www.ottomschwarz.com\/en\/wp-json\/wp\/v2\/comments?post=2665"}],"version-history":[{"count":2,"href":"https:\/\/www.ottomschwarz.com\/en\/wp-json\/wp\/v2\/pages\/2665\/revisions"}],"predecessor-version":[{"id":5420,"href":"https:\/\/www.ottomschwarz.com\/en\/wp-json\/wp\/v2\/pages\/2665\/revisions\/5420"}],"up":[{"embeddable":true,"href":"https:\/\/www.ottomschwarz.com\/en\/wp-json\/wp\/v2\/pages\/2715"}],"wp:attachment":[{"href":"https:\/\/www.ottomschwarz.com\/en\/wp-json\/wp\/v2\/media?parent=2665"}],"curies":[{"name":"wp","href":"https:\/\/api.w.org\/{rel}","templated":true}]}}