{"id":2667,"date":"2014-03-25T17:34:10","date_gmt":"2014-03-25T15:34:10","guid":{"rendered":"http:\/\/www.ottomschwarz.com\/?page_id=2667"},"modified":"2014-03-25T17:34:10","modified_gmt":"2014-03-25T15:34:10","slug":"das-glueck-dieser-erde-6-der-sturm","status":"publish","type":"page","link":"https:\/\/www.ottomschwarz.com\/en\/filmmusic\/filmscores\/das-glueck-dieser-erde-6-der-sturm\/","title":{"rendered":"Das Gl\u00fcck dieser Erde 6 &#8211; Der Sturm"},"content":{"rendered":"<p class=\"msg\">This content is only available in german.<\/p>\r\n<div class=\"top-box\">\r\n<p>Jahr: 2011 | Produktionsfirma:\u00a0Satel Film ( ARD ORF )<\/p>\r\n<p>H\u00f6rbeispiel (Zusammenschnitt)<br \/> \t<audio id=\"wp_mep_1\" src=\"\/sounds\/filmmusik\/glueck_dieser_erde_06.mp3\"     controls=\"controls\" preload=\"none\"  >\r\n\t\t\r\n\t\t\r\n\t\t\r\n\t\t\r\n\t\t\r\n\t\t\r\n\t\t\r\n\t<\/audio>\r\n<script type=\"text\/javascript\">\r\njQuery(document).ready(function($) {\r\n\t$('#wp_mep_1').mediaelementplayer({\r\n\t\tm:1\r\n\t\t\r\n\t\t,features: ['playpause','current','progress','duration','volume','tracks','fullscreen']\r\n\t\t,audioWidth:400,audioHeight:30\r\n\t});\r\n});\r\n<\/script>\r\n<\/p>\r\n<a href=\"http:\/\/www.amazon.de\/dp\/B0057CXI1Y\" target=\"_blank\" style=\"background-color:#fff; color: #000\" class=\"button tiny radius sc\">DVD zum Film<\/a>\r\n<\/div>\r\n<h4>Handlung<\/h4>\r\n<p>Rahmenhandlung:\u00a0In der neuen ORF-Familienserie \u201eDas Gl\u00fcck dieser Erde\u201c ist Eva Herzig in der Hauptrolle als erfolgreiche Unternehmensberaterin Katharina Lenz zu sehen, die kurz vor der Hochzeit mit ihrem Traummann steht. Doch dann kommt alles anders. Nach einem Todesfall in der Familie wird Katharina zur Gest\u00fctsleiterin von Piber und damit zur Herrin \u00fcber Hunderte Lipizzaner.\n\t\t\n\t\t<!--BEGIN .toggle -->\n\t\t<div class=\"toggle closed sc\">\n\t\t\t<div class=\"trigger\">Weiterlesen\u2026<span><i class=\"icon-chevron-down\"><\/i><\/span><\/div>\n\t\t\t<div class=\"toggle-pane\"><div class=\"inner-pane\"><\/p>\r\n<p>Ein Millionenunternehmen mit Dutzenden Mitarbeitern in der Hand einer Frau \u2013 zum ersten Mal in der langen Geschichte des Gest\u00fcts. Kein leichtes Erbe f\u00fcr Katharina, denn als einzige Frau in einer traditionellen M\u00e4nnerwelt muss sie feststellen, dass niemand f\u00fcr eine Sache k\u00e4mpfen kann, ohne sich Feinde zu schaffen.<\/p>\r\n<p>Episode:\u00a0Da Obergest\u00fctsmeister Wagner seit dem Diebstahl der Zuchtb\u00fccher vom Dienst suspendiert wurde, \u00fcbertr\u00e4gt Katharina ihrem Bruder Karl dessen Aufgaben. Doch wenig sp\u00e4ter erf\u00e4hrt sie, dass Karl der Prozess wegen fahrl\u00e4ssiger T\u00f6tung gemacht wird. Karl ist schockiert. Es kommt zum Streit mit Katharina, der er unterstellt, mehr auf ihr Wohl und ihre Arbeit bedacht zu sein als auf seines. Zu allem \u00dcberfluss schl\u00e4gt der Blitz auf der Stubalpe ein und gef\u00e4hrdet eine Herde Lipizzaner. Just in dieser gef\u00e4hrlichen Situation kommen sich Katharina und Michael sehr nahe.\u00a0<\/div><\/div>\n\t\t<\/div> \n\t\t<!--END .toggle --><\/p>\r\n<p>&nbsp;<\/p>\r\n<div class=\"row sc\"> <div class=\"six columns content-col sc\"><\/p>\r\n<h4>Filmteam<\/h4>\r\n<p><dl class=\"tabs mobile\"><dd><a href=\"#engine-tab-besetzung\">Besetzung<\/a><\/dd><dd><a href=\"#engine-tab-stab\">Stab<\/a><\/dd><dd><a href=\"#engine-tab-weitere-infos\">Weitere Infos<\/a><\/dd><\/dl><ul class=\"tabs-content contained sc\"> <li id=\"engine-tab-besetzungTab\" class=\"engine-tab\"><\/p>\r\n<ul class=\"cast\">\r\n<li>\r\n<p>Eva Herzig: \u201eDr. Katharina Lenz\u201c<\/p>\r\n<\/li>\r\n<li>\r\n<p>Thomas Unger: \u201eDr. Michael Haas\u201c<\/p>\r\n<\/li>\r\n<li>\r\n<p>Christoph von Friedl: \u201eKarl Lenz\u201c<\/p>\r\n<\/li>\r\n<li>\r\n<p>Juergen Maurer: \u201eJosef Wagner\u201c<\/p>\r\n<\/li>\r\n<li>\r\n<p>Julia Cencig: \u201eBirgit Gross\u201c<\/p>\r\n<\/li>\r\n<li>\r\n<p>Cornelius Obonya: \u201eB\u00fcrgermeister Brunner\u201c<\/p>\r\n<\/li>\r\n<li>\r\n<p>Franz Buchrieser: \u201eBaron Peter von Gradenberg\u201c<\/p>\r\n<\/li>\r\n<\/ul>\r\n<p><\/li> <li id=\"engine-tab-stabTab\" class=\"engine-tab\"><\/p>\r\n<ul class=\"cast\">\r\n<li>\r\n<p>Drehb\u00fccher: Martin Ambrosch, Agnes Pluch<\/p>\r\n<\/li>\r\n<li>\r\n<p>Regie: Holger Barthel<\/p>\r\n<\/li>\r\n<li>\r\n<p>Regie Assitenz: Thomas Wolkerstorfer<\/p>\r\n<\/li>\r\n<li>\r\n<p>Kamera: Marc Prill<\/p>\r\n<\/li>\r\n<li>\r\n<p>Kamera Assitenz: Florian Fodenschweger<\/p>\r\n<\/li>\r\n<li>\r\n<p>Standfotografie: Petro Domenigg KEG<\/p>\r\n<\/li>\r\n<li>\r\n<p>Tonmeister: Dietmar Zuson<\/p>\r\n<\/li>\r\n<li>\r\n<p>Kost\u00fcm: Heike Werner<\/p>\r\n<\/li>\r\n<li>\r\n<p>Maske: Monika Puymann<\/p>\r\n<\/li>\r\n<li>\r\n<p>Musik: Otto M. Schwarz<\/p>\r\n<\/li>\r\n<\/ul>\r\n<p><\/li><li id=\"engine-tab-weitere-infosTab\" class=\"engine-tab\"><\/p>\r\n<ul class=\"cast\">\r\n<li>Drehorte: K\u00f6flach bis Wien<\/li>\r\n<\/ul>\r\n<p><\/li><\/ul><\/p>\r\n<p><\/div><div class=\"six columns content-col sc\"><\/p>\r\n<h4>Szenenbilder<\/h4>\r\n<p>Keine<\/p>\r\n<p><\/div> <\/div>","protected":false},"excerpt":{"rendered":"<p>This content is only available in german. Jahr: 2011 | Produktionsfirma:\u00a0Satel Film ( ARD ORF ) H\u00f6rbeispiel (Zusammenschnitt) Handlung Rahmenhandlung:\u00a0In der neuen ORF-Familienserie \u201eDas Gl\u00fcck dieser Erde\u201c ist Eva Herzig in der Hauptrolle als erfolgreiche Unternehmensberaterin Katharina Lenz zu sehen, die kurz vor der Hochzeit mit ihrem Traummann steht. Doch dann kommt alles anders. Nach [&hellip;]<\/p>\n","protected":false},"author":2,"featured_media":0,"parent":2715,"menu_order":11,"comment_status":"closed","ping_status":"closed","template":"","meta":{"ngg_post_thumbnail":0,"footnotes":""},"class_list":["post-2667","page","type-page","status-publish","hentry"],"_links":{"self":[{"href":"https:\/\/www.ottomschwarz.com\/en\/wp-json\/wp\/v2\/pages\/2667","targetHints":{"allow":["GET"]}}],"collection":[{"href":"https:\/\/www.ottomschwarz.com\/en\/wp-json\/wp\/v2\/pages"}],"about":[{"href":"https:\/\/www.ottomschwarz.com\/en\/wp-json\/wp\/v2\/types\/page"}],"author":[{"embeddable":true,"href":"https:\/\/www.ottomschwarz.com\/en\/wp-json\/wp\/v2\/users\/2"}],"replies":[{"embeddable":true,"href":"https:\/\/www.ottomschwarz.com\/en\/wp-json\/wp\/v2\/comments?post=2667"}],"version-history":[{"count":1,"href":"https:\/\/www.ottomschwarz.com\/en\/wp-json\/wp\/v2\/pages\/2667\/revisions"}],"predecessor-version":[{"id":2682,"href":"https:\/\/www.ottomschwarz.com\/en\/wp-json\/wp\/v2\/pages\/2667\/revisions\/2682"}],"up":[{"embeddable":true,"href":"https:\/\/www.ottomschwarz.com\/en\/wp-json\/wp\/v2\/pages\/2715"}],"wp:attachment":[{"href":"https:\/\/www.ottomschwarz.com\/en\/wp-json\/wp\/v2\/media?parent=2667"}],"curies":[{"name":"wp","href":"https:\/\/api.w.org\/{rel}","templated":true}]}}