{"id":2688,"date":"2014-01-27T00:19:07","date_gmt":"2014-01-26T22:19:07","guid":{"rendered":"http:\/\/www.ottomschwarz.com\/?page_id=2688"},"modified":"2023-11-06T14:00:28","modified_gmt":"2023-11-06T13:00:28","slug":"afrika-ruft-nach-dir","status":"publish","type":"page","link":"https:\/\/www.ottomschwarz.com\/en\/filmmusic\/filmscores\/afrika-ruft-nach-dir\/","title":{"rendered":"Afrika ruft nach dir"},"content":{"rendered":"<p class=\"msg\">This content is only available in german.<\/p>\r\n<div class=\"top-box\">\r\n<p>Jahr: 2011 | Produktionsfirma: Tivoli Film (ARD ORF)<\/p>\r\n<p>H\u00f6rbeispiel (Zusammenschnitt)<\/p>\r\n\t<audio id=\"wp_mep_1\" src=\"\/sounds\/filmmusik\/afrika_ruft_nach_dir.mp3\"     controls=\"controls\" preload=\"none\"  >\r\n\t\t\r\n\t\t\r\n\t\t\r\n\t\t\r\n\t\t\r\n\t\t\r\n\t\t\r\n\t<\/audio>\r\n<script type=\"text\/javascript\">\r\njQuery(document).ready(function($) {\r\n\t$('#wp_mep_1').mediaelementplayer({\r\n\t\tm:1\r\n\t\t\r\n\t\t,features: ['playpause','current','progress','duration','volume','tracks','fullscreen']\r\n\t\t,audioWidth:400,audioHeight:30\r\n\t});\r\n});\r\n<\/script>\r\n\r\n<a href=\"https:\/\/open.spotify.com\/album\/1E5ZPlVuTACNGrmD97fy5g?si=xJLlRd2PRfWGU1P08T7Nxg\" target=\"_blank\" style=\"background-color:#fff; color: #000\" class=\"button tiny radius sc\"> Spotify <\/a>\r\n<a href=\"http:\/\/www.amazon.de\/Afrika-ruft-nach-Erol-Sander\/dp\/B00S1WX5MY\" target=\"_blank\" style=\"background-color:#fff; color: #000\" class=\"button tiny radius sc\"> DVD <\/a>\r\n<\/div>\r\n<h4>Handlung<\/h4>\r\n<p>Tierarzt Markus Wenninger (Erol Sander) nimmt das \u00fcberraschende Angebot aus Afrika an, die Leitung einer Tierstation zu \u00fcbernehmen. Mit seinen Kindern Katta (Lara Wichniarz) und Jakob (Nico Liersch) tritt er die Reise in ein neues Leben an \u2013 auch im Gedenken an seine fr\u00fch verstorbene Frau, mit der er immer den Traum von einer Farm in Afrika hatte. Auf der Station wird die Familie mit offenen Armen empfangen: Die sympathische und stets gut gelaunte Haush\u00e4lterin Cecilia (Ivy Nkutha) kennt Markus noch von fr\u00fcher und freut sich \u00fcber das Wiedersehen. In dem erfahrenen Tierpfleger Jonathan Gold, genannt Apfel (Heinz Marecek), findet er einen treuen wie kompetenten Mitarbeiter. Markus\u2019 Hilfe wird vor Ort dringend gebraucht: Eine skrupellose Bande von Wilderen treibt im Nationalpark ihr Unwesen. Seite an Seite mit der attraktiven Wildh\u00fcterin Ariane (Christina Plate) k\u00e4mpft Markus f\u00fcr den Schutz der Tiere und den Erhalt ihres Lebensraums. Dabei kommen sich die beiden schnell n\u00e4her \u2013 sehr zum Missfallen von Arianes Lebensgef\u00e4hrten, dem Wildh\u00fcter Oliver (Sven Martinek), der seit einem dramatischen Schicksalsschlag gern zur Flasche greift. Indessen ist der wissbegierige Jakob, ein leidenschaftlicher Tierliebhaber, Feuer und Flamme f\u00fcr die neue Heimat, doch Katta gew\u00f6hnt sich nur schwer.<\/p>\r\n<div class=\"row sc\"> <div class=\"six columns content-col sc\"><\/p>\r\n<h4>Filmteam<\/h4>\r\n<p><dl class=\"tabs mobile\"><dd><a href=\"#engine-tab-besetzung\">Besetzung<\/a><\/dd><dd><a href=\"#engine-tab-stab\">Stab<\/a><\/dd><dd><a href=\"#engine-tab-weitere-infos\">Weitere Infos<\/a><\/dd><\/dl><ul class=\"tabs-content contained sc\"> <li id=\"engine-tab-besetzungTab\" class=\"engine-tab\"><\/p>\r\n<ul class=\"cast\">\r\n\t<li>\r\n<p>Heinz Marecek: \u201eJonathan Gold\u201c<\/p>\r\n<\/li>\r\n\t<li>\r\n<p>Sven Martinek: \u201eWildh\u00fcter Oliver\u201c<\/p>\r\n<\/li>\r\n\t<li>\r\n<p>Ana Lieman: \u201eKatta\u201c<\/p>\r\n<\/li>\r\n\t<li>\r\n<p>Nico Liersch: \u201eJakob Wenninger\u201c<\/p>\r\n<\/li>\r\n\t<li>\r\n<p>Ivy Nkutha: \u201eCecilia\u201c<\/p>\r\n<\/li>\r\n\t<li>\r\n<p>Andrew Stock: \u201eMr. Peter\u201c<\/p>\r\n<\/li>\r\n\t<li>\r\n<p>Ernest Ndhlovu: \u201eThemba\u201c<\/p>\r\n<\/li>\r\n\t<li>\r\n<p>Nathaniel Junior Singo: \u201eBo\u201c<\/p>\r\n<\/li>\r\n\t<li>\r\n<p>Gugu Fortunate Sithole: \u201eKupalla\u201c<\/p>\r\n<\/li>\r\n\t<li>\r\n<p>Professor Mavuso: \u201eMambo\u201c<\/p>\r\n<\/li>\r\n<\/ul>\r\n<p><\/li> <li id=\"engine-tab-stabTab\" class=\"engine-tab\"><\/p>\r\n<ul class=\"cast\">\r\n\t<li>\r\n<p>Regie: Karsten Wichniarz<\/p>\r\n<\/li>\r\n\t<li>\r\n<p>Drehbuch: Maximilian Kr\u00fcckl, Markus Mayer<\/p>\r\n<\/li>\r\n\t<li>\r\n<p>Musik: Otto M. Schwarz<\/p>\r\n<\/li>\r\n<\/ul>\r\n<p><\/li><li id=\"engine-tab-weitere-infosTab\" class=\"engine-tab\"><\/p>\r\n<ul class=\"cast\">\r\n\t<li>Keine<\/li>\r\n<\/ul>\r\n<p><\/li><\/ul><\/p>\r\n<p><\/div><div class=\"six columns content-col sc\"><\/p>\r\n<h4>Szenenbilder<\/h4>\r\n\r\nngg_shortcode_0_placeholder\r\n\r\n<p><\/div> <\/div>","protected":false},"excerpt":{"rendered":"<p>This content is only available in german. Jahr: 2011 | Produktionsfirma: Tivoli Film (ARD ORF) H\u00f6rbeispiel (Zusammenschnitt) Handlung Tierarzt Markus Wenninger (Erol Sander) nimmt das \u00fcberraschende Angebot aus Afrika an, die Leitung einer Tierstation zu \u00fcbernehmen. Mit seinen Kindern Katta (Lara Wichniarz) und Jakob (Nico Liersch) tritt er die Reise in ein neues Leben an [&hellip;]<\/p>\n","protected":false},"author":2,"featured_media":0,"parent":2715,"menu_order":10,"comment_status":"closed","ping_status":"closed","template":"","meta":{"ngg_post_thumbnail":0,"footnotes":""},"class_list":["post-2688","page","type-page","status-publish","hentry"],"_links":{"self":[{"href":"https:\/\/www.ottomschwarz.com\/en\/wp-json\/wp\/v2\/pages\/2688","targetHints":{"allow":["GET"]}}],"collection":[{"href":"https:\/\/www.ottomschwarz.com\/en\/wp-json\/wp\/v2\/pages"}],"about":[{"href":"https:\/\/www.ottomschwarz.com\/en\/wp-json\/wp\/v2\/types\/page"}],"author":[{"embeddable":true,"href":"https:\/\/www.ottomschwarz.com\/en\/wp-json\/wp\/v2\/users\/2"}],"replies":[{"embeddable":true,"href":"https:\/\/www.ottomschwarz.com\/en\/wp-json\/wp\/v2\/comments?post=2688"}],"version-history":[{"count":11,"href":"https:\/\/www.ottomschwarz.com\/en\/wp-json\/wp\/v2\/pages\/2688\/revisions"}],"predecessor-version":[{"id":5752,"href":"https:\/\/www.ottomschwarz.com\/en\/wp-json\/wp\/v2\/pages\/2688\/revisions\/5752"}],"up":[{"embeddable":true,"href":"https:\/\/www.ottomschwarz.com\/en\/wp-json\/wp\/v2\/pages\/2715"}],"wp:attachment":[{"href":"https:\/\/www.ottomschwarz.com\/en\/wp-json\/wp\/v2\/media?parent=2688"}],"curies":[{"name":"wp","href":"https:\/\/api.w.org\/{rel}","templated":true}]}}