{"id":2692,"date":"2014-01-27T00:26:30","date_gmt":"2014-01-26T22:26:30","guid":{"rendered":"http:\/\/www.ottomschwarz.com\/?page_id=2692"},"modified":"2016-02-03T20:58:18","modified_gmt":"2016-02-03T18:58:18","slug":"lilly-schoenauer-13-liebe-mit-familienanschluss","status":"publish","type":"page","link":"https:\/\/www.ottomschwarz.com\/en\/filmmusic\/filmscores\/lilly-schoenauer-13-liebe-mit-familienanschluss\/","title":{"rendered":"Lilly Sch\u00f6nauer 13 &#8211; Liebe mit Familienanschluss"},"content":{"rendered":"<p class=\"msg\">This content is only available in german.<\/p><div class=\"top-box\">\r\n<p>Jahr: 2012 | Produktionsfirma:\u00a0BAVARIA Film\/Graf Film (ARD ORF)<\/p>\r\n<p>H\u00f6rbeispiel (Zusammenschnitt)<br \/> \t<audio id=\"wp_mep_1\" src=\"\/sounds\/filmmusik\/lilly_schoenauer_13_familienanschluss.mp3\"     controls=\"controls\" preload=\"none\"  >\r\n\t\t\r\n\t\t\r\n\t\t\r\n\t\t\r\n\t\t\r\n\t\t\r\n\t\t\r\n\t<\/audio>\r\n<script type=\"text\/javascript\">\r\njQuery(document).ready(function($) {\r\n\t$('#wp_mep_1').mediaelementplayer({\r\n\t\tm:1\r\n\t\t\r\n\t\t,features: ['playpause','current','progress','duration','volume','tracks','fullscreen']\r\n\t\t,audioWidth:400,audioHeight:30\r\n\t});\r\n});\r\n<\/script>\r\n<\/p><a href=\"http:\/\/www.amazon.de\/Lilly-Sch%C3%B6nauer-Collection-3-DVDs\/dp\/B00YTANGPS\" target=\"_blank\" style=\"background-color:#fff; color: #000\" class=\"button tiny radius sc\"> DVD <\/a>\r\n<\/div>\r\n<h4>Handlung<\/h4>\r\n<p>Endlich l\u00e4sst sich Johanna nach vielen Jahren wieder auf eine feste Beziehung ein. Ihre erwachsenen Kinder Max und Marie freuen sich f\u00fcr ihre Mutter und schlie\u00dfen deren neuen Freund Klaus direkt in ihr Herz. Doch als Johanna ihre gro\u00dfe Liebe Walter wiedertrifft, mit dem sie vor 20 Jahren eine leidenschaftliche Aff\u00e4re hatte, ger\u00e4t ihr Leben in einer Doppelsekunde aus den Fugen. Denn Johanna wird pl\u00f6tzlich mit schwerwiegenden Fragen konfrontiert. Wie soll sie Walter, der nur zu Besuch ist, beibringen, dass er vielleicht der Vater ihrer Tochter ist? Und wie soll sie Marie davon abhalten, sich Hals \u00fcber Kopf in Tom zu verlieben, Walters Sohn und Maries m\u00f6glichen Halbbruder? Johanna versucht einen klaren Kopf zu bewahren. Sie will die Beziehung mit Klaus nicht auf\u2019s Spiel setzen. Ohne Erfolg. Nach einer romantischen Nacht mit Walter, wei\u00df Johanna nicht mehr, was ihr das Schicksal sagen will. Soll sie sich dieses Mal gegen die Vernunft und f\u00fcr die Liebe entscheiden? Eine turbulente Liebeskom\u00f6die mit Tiefgang.<\/p>\r\n\n\t\t\n\t\t<!--BEGIN .toggle -->\n\t\t<div class=\"toggle closed sc\">\n\t\t\t<div class=\"trigger\">Weiterlesen\u2026<span><i class=\"icon-chevron-down\"><\/i><\/span><\/div>\n\t\t\t<div class=\"toggle-pane\"><div class=\"inner-pane\"><\/p>\r\n<p>Anna, 50, hat ihre gro\u00dfe Liebe getroffen. Vor 20 Jahren. Damals war sie verheiratet und Mutter eines kleinen Sohnes, deswegen entschied sie sich f\u00fcr die Vernunft und gegen ihr Herz, und kehrte zu ihrem Mann zur\u00fcck, um ihre Ehe zu retten. <br \/>Jetzt, 20 Jahre sp\u00e4ter, ist sie geschieden, beruflich erfolgreich und hat ein gutes Verh\u00e4ltnis zu ihren beiden Kindern, Max (25) und Marie (20). Aber wie es scheint, will das Schicksal ihr eine zweite Chance in Sachen Liebe geben. Denn pl\u00f6tzlich steht Walter (50) wieder vor der T\u00fcr. Die alte Liebe flammt auf, aber genau wie damals steht immer noch ein gro\u00dfer Ozean zwischen ihnen \u2013 denn Walter lebt in den USA, einer der Gr\u00fcnde, warum Anna sich damals gegen ihn entschieden hatte. Und au\u00dferdem ist nun Walter verheiratet. Ungl\u00fccklich verheiratet, wie er beteuert, aber Anna m\u00f6chte nicht der Grund f\u00fcr das Scheitern seiner Ehe sein.<\/p>\r\n<p>Als Anna erkennt, dass ihre Tochter Marie sich in Walters Sohn Tom (25) verliebt hat, wird ihr klar, dass sie ein wohlgeh\u00fctetes Geheimnis nicht l\u00e4nger f\u00fcr sich behalten darf: Sie ist sich n\u00e4mlich nicht sicher, ob Walter nicht vielleicht Maries Vater ist. Doch wie soll sie Marie beibringen, dass ihre gro\u00dfe Liebe vielleicht ihr Halbbruder ist?<\/p>\r\n<p>Walter und Anna k\u00f6nnen ihre Gef\u00fchle jedoch nicht unterdr\u00fccken, und prompt steht Anna wie vor 20 Jahren vor der Entscheidung, ob sie diesmal ihrem Herzen und Walter nach Amerika folgen soll, um dort ein neues Leben im Zeichen der Liebe zu beginnen, und damit all das nachzuholen, worauf sie damals aus Vernunftgr\u00fcnden verzichtet hatte. <br \/>Oder ob sie nicht lieber mit ihrem langj\u00e4hrigen Verehrer Klaus in \u00d6sterreich bleibt, wo sie sich am Mondsee ein sch\u00f6nes Leben aufgebaut hat. Aber bevor sie diese lebensver\u00e4ndernde Entscheidung treffen kann, bricht zuhause endg\u00fcltig das Chaos aus. Denn es ist gar nicht so einfach ihre Tochter davon abzuhalten, eine Beziehung mit ihrem potentiellen Halbbruder zu beginnen, bis Klarheit \u00fcber die Vaterschaft herrscht. Und auch ihr Sohn Max benimmt sich pl\u00f6tzlich \u00e4u\u00dferst merkw\u00fcrdig, bis Anna erleichtert dahinterkommt, dass er sich ebenfalls \u00fcber beide Ohren verliebt hat \u2013 in einen Mann. Das Chaos in ihrem Gef\u00fchls- und Familienleben stellt die erfolgreiche Gesch\u00e4ftsfrau Anna wohl vor ihre gr\u00f6\u00dfte Herausforderung, und dieses Mal muss sie sich ganz auf ihr Herz verlassen, um die richtigen Entscheidungen zu treffen.<\/div><\/div>\n\t\t<\/div> \n\t\t<!--END .toggle -->\r\n<div class=\"row sc\"> <div class=\"six columns content-col sc\"><\/p>\r\n<h4>Filmteam<\/h4>\r\n<p><dl class=\"tabs mobile\"><dd><a href=\"#engine-tab-besetzung\">Besetzung<\/a><\/dd><dd><a href=\"#engine-tab-stab\">Stab<\/a><\/dd><dd><a href=\"#engine-tab-weitere-infos\">Weitere Infos<\/a><\/dd><\/dl><ul class=\"tabs-content contained sc\"> <li id=\"engine-tab-besetzungTab\" class=\"engine-tab\"><\/p>\r\n<ul class=\"cast\">\r\n<li>\r\n<p>Marion Mitterhammer: \u201eJohanna Gruber\u201c<\/p>\r\n<\/li>\r\n<li>\r\n<p>Peter Kremer: \u201eKlaus Richter\u201c<\/p>\r\n<\/li>\r\n<li>\r\n<p>Miroslav Nemec: \u201eWalter Kern\u201c<\/p>\r\n<\/li>\r\n<li>\r\n<p>Pippa Galli: \u201eMarie Gruber\u201c<\/p>\r\n<\/li>\r\n<li>\r\n<p>Luk Pfaff: \u201eTom\u201c<\/p>\r\n<\/li>\r\n<li>\r\n<p>Bela Baptiste: \u201eMax Gruber\u201c<\/p>\r\n<\/li>\r\n<li>\r\n<p>Jonathan Beck: \u201eNicola\u201c<\/p>\r\n<\/li>\r\n<li>\r\n<p>Melanie Kogler: \u201eKellnerin Nadine\u201c<\/p>\r\n<\/li>\r\n<\/ul>\r\n<p><\/li> <li id=\"engine-tab-stabTab\" class=\"engine-tab\"><\/p>\r\n<ul class=\"cast\">\r\n<li>\r\n<p>Regie: Karola: Hattop<\/p>\r\n<\/li>\r\n<li>\r\n<p>Drehbuch: Sabine Leipert, Julia Neumann, Sabrina Maria Roessel<\/p>\r\n<\/li>\r\n<li>\r\n<p>Produktion: Matthias Hammer<\/p>\r\n<\/li>\r\n<li>\r\n<p>Musik: Otto M. Schwarz<\/p>\r\n<\/li>\r\n<li>\r\n<p>Kamera: Gero Lasnig<\/p>\r\n<\/li>\r\n<li>\r\n<p>Schnitt: Heidi Handorf<\/p>\r\n<\/li>\r\n<\/ul>\r\n<p><\/li><li id=\"engine-tab-weitere-infosTab\" class=\"engine-tab\"><\/p>\r\n<ul class=\"cast\">\r\n<li>Keine<\/li>\r\n<\/ul>\r\n<p><\/li><\/ul><\/p>\r\n<p><\/div><div class=\"six columns content-col sc\"><\/p>\r\n<h4>Szenenbilder<\/h4>\r\n<p>Keine<\/p>\r\n<p><\/div> <\/div>","protected":false},"excerpt":{"rendered":"<p>This content is only available in german. Jahr: 2012 | Produktionsfirma:\u00a0BAVARIA Film\/Graf Film (ARD ORF) H\u00f6rbeispiel (Zusammenschnitt) Handlung Endlich l\u00e4sst sich Johanna nach vielen Jahren wieder auf eine feste Beziehung ein. Ihre erwachsenen Kinder Max und Marie freuen sich f\u00fcr ihre Mutter und schlie\u00dfen deren neuen Freund Klaus direkt in ihr Herz. Doch als Johanna [&hellip;]<\/p>\n","protected":false},"author":2,"featured_media":0,"parent":2715,"menu_order":5,"comment_status":"closed","ping_status":"closed","template":"","meta":{"ngg_post_thumbnail":0,"footnotes":""},"class_list":["post-2692","page","type-page","status-publish","hentry"],"_links":{"self":[{"href":"https:\/\/www.ottomschwarz.com\/en\/wp-json\/wp\/v2\/pages\/2692","targetHints":{"allow":["GET"]}}],"collection":[{"href":"https:\/\/www.ottomschwarz.com\/en\/wp-json\/wp\/v2\/pages"}],"about":[{"href":"https:\/\/www.ottomschwarz.com\/en\/wp-json\/wp\/v2\/types\/page"}],"author":[{"embeddable":true,"href":"https:\/\/www.ottomschwarz.com\/en\/wp-json\/wp\/v2\/users\/2"}],"replies":[{"embeddable":true,"href":"https:\/\/www.ottomschwarz.com\/en\/wp-json\/wp\/v2\/comments?post=2692"}],"version-history":[{"count":6,"href":"https:\/\/www.ottomschwarz.com\/en\/wp-json\/wp\/v2\/pages\/2692\/revisions"}],"predecessor-version":[{"id":3674,"href":"https:\/\/www.ottomschwarz.com\/en\/wp-json\/wp\/v2\/pages\/2692\/revisions\/3674"}],"up":[{"embeddable":true,"href":"https:\/\/www.ottomschwarz.com\/en\/wp-json\/wp\/v2\/pages\/2715"}],"wp:attachment":[{"href":"https:\/\/www.ottomschwarz.com\/en\/wp-json\/wp\/v2\/media?parent=2692"}],"curies":[{"name":"wp","href":"https:\/\/api.w.org\/{rel}","templated":true}]}}