{"id":2703,"date":"2014-03-25T17:46:46","date_gmt":"2014-03-25T15:46:46","guid":{"rendered":"http:\/\/www.ottomschwarz.com\/?page_id=2703"},"modified":"2021-07-08T23:38:02","modified_gmt":"2021-07-08T21:38:02","slug":"alpenklinik-i","status":"publish","type":"page","link":"https:\/\/www.ottomschwarz.com\/en\/filmmusic\/filmscores\/alpenklinik-i\/","title":{"rendered":"Alpenklinik I"},"content":{"rendered":"<p class=\"msg\">This content is only available in german.<\/p><div class=\"top-box\">\r\n<p>Jahr: 2006 | Produktionsfirma: Lisa Film (ARD, ORF)<\/p>\r\n<p>H\u00f6rbeispiel (Zusammenschnitt)<br \/> \t<audio id=\"wp_mep_1\" src=\"\/sounds\/filmmusik\/alpenklinik _01.mp3\"     controls=\"controls\" preload=\"none\"  >\r\n\t\t\r\n\t\t\r\n\t\t\r\n\t\t\r\n\t\t\r\n\t\t\r\n\t\t\r\n\t<\/audio>\r\n<script type=\"text\/javascript\">\r\njQuery(document).ready(function($) {\r\n\t$('#wp_mep_1').mediaelementplayer({\r\n\t\tm:1\r\n\t\t\r\n\t\t,features: ['playpause','current','progress','duration','volume','tracks','fullscreen']\r\n\t\t,audioWidth:400,audioHeight:30\r\n\t});\r\n});\r\n<\/script>\r\n<\/p>\r\n<a href=\"http:\/\/www.amazon.de\/dp\/B000G1TE8W\" target=\"_blank\" style=\"background-color:#fff; color: #000\" class=\"button tiny radius sc\">Soundtrack (CD)<\/a>\r\n<a href=\"http:\/\/www.amazon.de\/dp\/B005JFXZMQ\" target=\"_blank\" style=\"background-color:#fff; color: #000\" class=\"button tiny radius sc\"> DVD zum Film <\/a>\r\n<\/div>\r\n<h4>Handlung<\/h4>\r\n<p>Chefarzt Dr. Daniel Guth (Erol Sander) genie\u00dft das Leben mit seiner Freundin und Arbeitskollegin Miriam (Anica Dobra) und ihrem kleinen Sohn Frederik (Benjamin Felix Meyer). Die drei schmieden bereits handfeste Zukunftspl\u00e4ne. Als pl\u00f6tzlich Viktor (Phillip Moog), Frederiks Vater, in Lofer auftaucht und dort als Hubschrauberpilot die Bergwacht \u00fcbernimmt, ger\u00e4t das junge Familiengl\u00fcck ins Wanken. Auch die komplizierten F\u00e4lle in der Klinik nehmen den Arzt sehr in Anspruch. Das Schicksal der ber\u00fchmten Schriftstellerin Emily von Thaden (Diana K\u00f6rner), die des Lebens \u00fcberdr\u00fcssig ist, besch\u00e4ftigt nicht nur Daniel. Auch sein Freund Max (Sigmar Solbach), der als abgeschieden lebender Wildh\u00fcter arbeitet, k\u00fcmmert sich r\u00fchrend um Emily, in der Hoffnung, ihr neuen Lebensmut zu schenken.<\/p>\r\n<p>Zudem stellt Daniel bei der kleinen Tessa (Lena Beyerling), der Tochter von Miriams Freundin Kerstin (Susanne Michel), ein lebensbedrohliche Arterienerkrankung fest. Sie muss sofort operiert werden. Als Tessa jedoch erneut einen Streit ihrer Eltern mit anh\u00f6rt, rei\u00dft sie aus. Ein Wettlauf um Leben und Tod beginnt. Wird es Daniel mit Unterst\u00fctzung seines Rivalen Viktor gelingen das Leben der schwerkranken Patientin zu retten?<\/p>\r\n<div class=\"row sc\"> <div class=\"six columns content-col sc\"><\/p>\r\n<h4>Filmteam<\/h4>\r\n<p><dl class=\"tabs mobile\"><dd><a href=\"#engine-tab-besetzung\">Besetzung<\/a><\/dd><dd><a href=\"#engine-tab-stab\">Stab<\/a><\/dd><dd><a href=\"#engine-tab-weitere-infos\">Weitere Infos<\/a><\/dd><\/dl><ul class=\"tabs-content contained sc\"> <li id=\"engine-tab-besetzungTab\" class=\"engine-tab\"><\/p>\r\n<ul class=\"cast\">\r\n<li>\r\n<p>Erol Sander: \u201eDr. Guth\u201c<\/p>\r\n<\/li>\r\n<li>\r\n<p>Anica Dobra: \u201eMiriam Berghof\u201c<\/p>\r\n<\/li>\r\n<li>\r\n<p>Claudine Wilde: \u201eDr. Alana Hellmann\u201c<\/p>\r\n<\/li>\r\n<li>\r\n<p>Maximilian Schell: \u201eDr. Ohlendorf\u201c<\/p>\r\n<\/li>\r\n<li>\r\n<p>Benjamin Felix Meyer: \u201eFrederik\u201c<\/p>\r\n<\/li>\r\n<li>\r\n<p>Brigitte Kren: \u201eDorothea Schwartz\u201c<\/p>\r\n<\/li>\r\n<li>\r\n<p>Burkhard Heyl: \u201eBruno Bossert\u201c<\/p>\r\n<\/li>\r\n<li>\r\n<p>Ottokar Lehrner: \u201ePaul Hartling\u201c<\/p>\r\n<\/li>\r\n<li>\r\n<p>Bernd Birkhahn: \u201eProf. Neumann\u201c<\/p>\r\n<\/li>\r\n<li>\r\n<p>Martin Halm: \u201eTill Guth\u201c<\/p>\r\n<\/li>\r\n<li>\r\n<p>Monica Finotti: \u201eAmtsr\u00e4tin\u201c<\/p>\r\n<\/li>\r\n<\/ul>\r\n<p><\/li> <li id=\"engine-tab-stabTab\" class=\"engine-tab\"><\/p>\r\n<ul class=\"cast\">\r\n<li>\r\n<p>Drehbuch: Ren\u00e9e &amp; Rolf Karthee<\/p>\r\n<\/li>\r\n<li>\r\n<p>Regie: Udo Witte<\/p>\r\n<\/li>\r\n<li>\r\n<p>Kamera: Jochen Radermacher<\/p>\r\n<\/li>\r\n<li>\r\n<p>Herstellungsleiter: Alfred Strobl<\/p>\r\n<\/li>\r\n<li>\r\n<p>Produktionsleiter: Maja Wieser Benedetti<\/p>\r\n<\/li>\r\n<li>\r\n<p>Aufnahmeleiter: Thomas Pascher<\/p>\r\n<\/li>\r\n<li>\r\n<p>Tonmeister: Thomas Szabolcs<\/p>\r\n<\/li>\r\n<li>\r\n<p>Ausstattung: Bertram Reiter<\/p>\r\n<\/li>\r\n<li>\r\n<p>Kost\u00fcm: Christoph Birkner<\/p>\r\n<\/li>\r\n<li>\r\n<p>Schnitt: Monika Schindler<\/p>\r\n<\/li>\r\n<li>\r\n<p>Musik: Otto M. Schwarz<\/p>\r\n<\/li>\r\n<\/ul>\r\n<p><\/li><li id=\"engine-tab-weitere-infosTab\" class=\"engine-tab\"><\/p>\r\n<ul class=\"cast\">\r\n<li>Drehorte: Lofer<\/li>\r\n<\/ul>\r\n<p><\/li><\/ul><\/p>\r\n<p><\/div><div class=\"six columns content-col sc\"><\/p>\r\n<h4>Szenenbilder<\/h4>\r\n<p>ngg_shortcode_0_placeholder<\/p>\r\n<p><\/div> <\/div>","protected":false},"excerpt":{"rendered":"<p>This content is only available in german. Jahr: 2006 | Produktionsfirma: Lisa Film (ARD, ORF) H\u00f6rbeispiel (Zusammenschnitt) Handlung Chefarzt Dr. Daniel Guth (Erol Sander) genie\u00dft das Leben mit seiner Freundin und Arbeitskollegin Miriam (Anica Dobra) und ihrem kleinen Sohn Frederik (Benjamin Felix Meyer). Die drei schmieden bereits handfeste Zukunftspl\u00e4ne. Als pl\u00f6tzlich Viktor (Phillip Moog), Frederiks [&hellip;]<\/p>\n","protected":false},"author":2,"featured_media":0,"parent":2715,"menu_order":15,"comment_status":"closed","ping_status":"closed","template":"","meta":{"ngg_post_thumbnail":0,"footnotes":""},"class_list":["post-2703","page","type-page","status-publish","hentry"],"_links":{"self":[{"href":"https:\/\/www.ottomschwarz.com\/en\/wp-json\/wp\/v2\/pages\/2703","targetHints":{"allow":["GET"]}}],"collection":[{"href":"https:\/\/www.ottomschwarz.com\/en\/wp-json\/wp\/v2\/pages"}],"about":[{"href":"https:\/\/www.ottomschwarz.com\/en\/wp-json\/wp\/v2\/types\/page"}],"author":[{"embeddable":true,"href":"https:\/\/www.ottomschwarz.com\/en\/wp-json\/wp\/v2\/users\/2"}],"replies":[{"embeddable":true,"href":"https:\/\/www.ottomschwarz.com\/en\/wp-json\/wp\/v2\/comments?post=2703"}],"version-history":[{"count":2,"href":"https:\/\/www.ottomschwarz.com\/en\/wp-json\/wp\/v2\/pages\/2703\/revisions"}],"predecessor-version":[{"id":4498,"href":"https:\/\/www.ottomschwarz.com\/en\/wp-json\/wp\/v2\/pages\/2703\/revisions\/4498"}],"up":[{"embeddable":true,"href":"https:\/\/www.ottomschwarz.com\/en\/wp-json\/wp\/v2\/pages\/2715"}],"wp:attachment":[{"href":"https:\/\/www.ottomschwarz.com\/en\/wp-json\/wp\/v2\/media?parent=2703"}],"curies":[{"name":"wp","href":"https:\/\/api.w.org\/{rel}","templated":true}]}}