{"id":2704,"date":"2014-03-25T17:47:08","date_gmt":"2014-03-25T15:47:08","guid":{"rendered":"http:\/\/www.ottomschwarz.com\/?page_id=2704"},"modified":"2021-07-08T23:52:46","modified_gmt":"2021-07-08T21:52:46","slug":"alpenklinik-ii-eine-frage-des-herzens","status":"publish","type":"page","link":"https:\/\/www.ottomschwarz.com\/en\/filmmusic\/filmscores\/alpenklinik-ii-eine-frage-des-herzens\/","title":{"rendered":"Alpenklinik II &#8211; Eine Frage des Herzens"},"content":{"rendered":"<p class=\"msg\">This content is only available in german.<\/p><div class=\"top-box\">\r\n<p>Jahr: 2007 | Produktionsfirma: Lisa Film (ARD, ORF)<\/p>\r\n<p>H\u00f6rbeispiel (Zusammenschnitt)<br \/> \t<audio id=\"wp_mep_1\" src=\"\/sounds\/filmmusik\/alpenklinik _02.mp3\"     controls=\"controls\" preload=\"none\"  >\r\n\t\t\r\n\t\t\r\n\t\t\r\n\t\t\r\n\t\t\r\n\t\t\r\n\t\t\r\n\t<\/audio>\r\n<script type=\"text\/javascript\">\r\njQuery(document).ready(function($) {\r\n\t$('#wp_mep_1').mediaelementplayer({\r\n\t\tm:1\r\n\t\t\r\n\t\t,features: ['playpause','current','progress','duration','volume','tracks','fullscreen']\r\n\t\t,audioWidth:400,audioHeight:30\r\n\t});\r\n});\r\n<\/script>\r\n<\/p>\r\n<a href=\"http:\/\/www.amazon.de\/dp\/B005JFXZMQ\" target=\"_blank\" style=\"background-color:#fff; color: #000\" class=\"button tiny radius sc\"> DVD zum Film <\/a>\r\n<\/div>\r\n<h4>Handlung<\/h4>\r\n<div>\u00a0Nachdem Prof. Alexander Ohlendorf f\u00fcr eine Gastprofessur nach China gegangen ist, h\u00fctet der Herzchirurg Dr. Daniel Guth nun den Einsiedlerhof seines v\u00e4terlichen Freundes. Die meiste Zeit verbringt er allerdings mit Miriam Berghoff, Erbin und Managerin der Klinik Berghoff, und ihrem Sohn Frederik, der Daniel sehr mag. Als Frederik vorschl\u00e4gt, dass Daniel bei ihnen einziehen soll, sind die beiden frisch Verliebten zun\u00e4chst begeistert. Nach einer schweren Nacht im Krankenhaus will Daniel den Tag mit Frederik am Flo\u00df verbringen. Doch kurz vor ihrer Abfahrt steht pl\u00f6tzlich Viktor Falk, Frederiks Vater, vor der T\u00fcr. Der erfahrene Bergretter und Hubschrauberpilot wird die Bergwacht in Lofer \u00fcbernehmen. Diese Neuigkeit wirft Miriam v\u00f6llig aus der Bahn. Sie ist unsicher, wie sie sich gegen\u00fcber dem Vater ihres Sohnes verhalten soll und f\u00fcrchtet um ihre Zukunft mit Daniel. Dieser sp\u00fcrt zwar, dass er Miriam Zeit geben muss und dennoch ger\u00e4t die Beziehung der beiden ins Schwanken.\u00a0<\/div>\r\n\n\t\t\n\t\t<!--BEGIN .toggle -->\n\t\t<div class=\"toggle closed sc\">\n\t\t\t<div class=\"trigger\">Weiterlesen\u2026<span><i class=\"icon-chevron-down\"><\/i><\/span><\/div>\n\t\t\t<div class=\"toggle-pane\"><div class=\"inner-pane\"><\/p>\r\n<p>Auch die komplizierten F\u00e4lle in der Alpenklinik halten Daniel auf Trab. Besonders das Schicksal der ber\u00fchmten Schriftstellerin Emily von Thaden besch\u00e4ftigt ihn. Die Frau, die nach einem scheinbaren Herzinfarkt in die Klinik eingeliefert wurde, f\u00fchlt sich einsam und m\u00f6chte nicht mehr leben. Daniel bittet seinen Freund Max Pulkava, einen lebenserfahrenen Mann, der in den W\u00e4ldern von Lofer mit den Tieren lebt, um Hilfe. Max, der ein gro\u00dfer Fan von Emilys B\u00fcchern ist und aufgrund seiner Lebensweise von den Dorfbewohnern f\u00fcr einen verqueren Einsiedler gehalten wird, schafft es schlie\u00dflich, Emily Kraft und neuen Lebensmut zu geben. Doch Daniel kommt trotzdem nicht zur Ruhe&#8230;<\/p>\r\n<p>Miriam dagegen passt f\u00fcr ein paar Tage auf Tessa, die Tochter einer Freundin, auf. Tessa liebt Pferde und verbringt die meiste Zeit mit Frederik und seinem Pferd Lady. Als die Kleine wiederholt \u00fcber Schmerzen in den Gliedern und der Nierengegend klagt, ist Daniel alarmiert. Er untersucht das kleine M\u00e4dchen und diagnostiziert ein Aneurysma. Tessa muss sofort operiert werden. Ihre Eltern, die in Scheidung leben, werden verst\u00e4ndigt und begeben sich auf dem schnellsten Weg nach Lofer. Das kleine M\u00e4dchen h\u00f6rt ihre Eltern erneut streiten und sucht die Schuld f\u00fcr deren Eheprobleme bei sich. Sie rei\u00dft aus. Die aufgebrachte Tessa sucht bei den Pferden Trost, verliert aber bei dem Versuch, sich auf Ladys R\u00fccken zu schwingen, das Gleichgewicht und st\u00fcrzt. Nachdem Daniel von dem Unfall benachrichtigt wurde, beginnt ein Wettlauf mit der Zeit. Zusammen mit seinem Rivalen Viktor startet der Chirurg mit dem Hubschrauber, um die schwerkranke Tessa auf dem schnellsten Weg zur\u00fcck ins Krankenhaus zu bringen. Wird es Daniel gelingen, das Leben der Kleinen zu retten?<\/p>\r\n<p><\/div><\/div>\n\t\t<\/div> \n\t\t<!--END .toggle -->\r\n<div class=\"row sc\"> <div class=\"six columns content-col sc\"><\/p>\r\n<h4>Filmteam<\/h4>\r\n<p><dl class=\"tabs mobile\"><dd><a href=\"#engine-tab-besetzung\">Besetzung<\/a><\/dd><dd><a href=\"#engine-tab-stab\">Stab<\/a><\/dd><dd><a href=\"#engine-tab-weitere-infos\">Weitere Infos<\/a><\/dd><\/dl><ul class=\"tabs-content contained sc\"> <li id=\"engine-tab-besetzungTab\" class=\"engine-tab\"><\/p>\r\n<ul class=\"cast\">\r\n<li>Erol Sander: \u201eDr. Guth\u201c<\/li>\r\n<li>Anica Dobra: \u201eMiriam Berghof\u201c<\/li>\r\n<li>Sigmar Solbach: \u201eMax Pulkava\u201c<\/li>\r\n<li>Benjamin Felix Meyer: \u201eFrederik\u201c<\/li>\r\n<li>Julia Thurnau: \u201eDr. Alana Hellmann\u201c<\/li>\r\n<li>Philipp Moog: \u201eViktor Falk\u201c<\/li>\r\n<li>Lena Beyerling: \u201eTessa Markwort\u201c<\/li>\r\n<li>Arthur Klemt: \u201eRobert Markwort\u201c<\/li>\r\n<li>Susanne Michel: \u201eKirsten Markwort\u201c<\/li>\r\n<li>Nina Blum: \u201eSchwester Sandra\u201c<\/li>\r\n<li>Diana K\u00f6rner: \u201eEmily von Thaden\u201c<\/li>\r\n<\/ul>\r\n<p><\/li> <li id=\"engine-tab-stabTab\" class=\"engine-tab\"><\/p>\r\n<ul class=\"cast\">\r\n<li>Drehbuch: Ren\u00e9e &amp; Rolf Karthee<\/li>\r\n<li>Regie: Udo Witte<\/li>\r\n<li>Kamera: Jochen Radermacher<\/li>\r\n<li>Herstellungsleiter: Alfred Strobl<\/li>\r\n<li>Produktionsleiter:\u00a0David Spiehs<\/li>\r\n<li>Aufnahmeleiter: Thomas Pascher<\/li>\r\n<li>Tonmeister:\u00a0Georg Krautheim<\/li>\r\n<li>Ausstattung: Bertram Reiter<\/li>\r\n<li>Kost\u00fcm:\u00a0Heidi Melinc<\/li>\r\n<li>Schnitt:\u00a0Michou Hutter<\/li>\r\n<li>Musik: Otto M. Schwarz<\/li>\r\n<\/ul>\r\n<p><\/li><li id=\"engine-tab-weitere-infosTab\" class=\"engine-tab\"><\/p>\r\n<ul class=\"cast\">\r\n<li>Drehorte: Lofer<\/li>\r\n<\/ul>\r\n<p><\/li><\/ul><\/p>\r\n<p><\/div><div class=\"six columns content-col sc\"><\/p>\r\n<h4>Szenenbilder<\/h4>\r\n<p>ngg_shortcode_0_placeholder<\/p>\r\n<p><\/div> <\/div>","protected":false},"excerpt":{"rendered":"<p>This content is only available in german. Jahr: 2007 | Produktionsfirma: Lisa Film (ARD, ORF) H\u00f6rbeispiel (Zusammenschnitt) Handlung \u00a0Nachdem Prof. Alexander Ohlendorf f\u00fcr eine Gastprofessur nach China gegangen ist, h\u00fctet der Herzchirurg Dr. Daniel Guth nun den Einsiedlerhof seines v\u00e4terlichen Freundes. Die meiste Zeit verbringt er allerdings mit Miriam Berghoff, Erbin und Managerin der Klinik [&hellip;]<\/p>\n","protected":false},"author":2,"featured_media":0,"parent":2715,"menu_order":16,"comment_status":"closed","ping_status":"closed","template":"","meta":{"ngg_post_thumbnail":0,"footnotes":""},"class_list":["post-2704","page","type-page","status-publish","hentry"],"_links":{"self":[{"href":"https:\/\/www.ottomschwarz.com\/en\/wp-json\/wp\/v2\/pages\/2704","targetHints":{"allow":["GET"]}}],"collection":[{"href":"https:\/\/www.ottomschwarz.com\/en\/wp-json\/wp\/v2\/pages"}],"about":[{"href":"https:\/\/www.ottomschwarz.com\/en\/wp-json\/wp\/v2\/types\/page"}],"author":[{"embeddable":true,"href":"https:\/\/www.ottomschwarz.com\/en\/wp-json\/wp\/v2\/users\/2"}],"replies":[{"embeddable":true,"href":"https:\/\/www.ottomschwarz.com\/en\/wp-json\/wp\/v2\/comments?post=2704"}],"version-history":[{"count":2,"href":"https:\/\/www.ottomschwarz.com\/en\/wp-json\/wp\/v2\/pages\/2704\/revisions"}],"predecessor-version":[{"id":4511,"href":"https:\/\/www.ottomschwarz.com\/en\/wp-json\/wp\/v2\/pages\/2704\/revisions\/4511"}],"up":[{"embeddable":true,"href":"https:\/\/www.ottomschwarz.com\/en\/wp-json\/wp\/v2\/pages\/2715"}],"wp:attachment":[{"href":"https:\/\/www.ottomschwarz.com\/en\/wp-json\/wp\/v2\/media?parent=2704"}],"curies":[{"name":"wp","href":"https:\/\/api.w.org\/{rel}","templated":true}]}}