{"id":2707,"date":"2014-03-25T17:47:15","date_gmt":"2014-03-25T15:47:15","guid":{"rendered":"http:\/\/www.ottomschwarz.com\/?page_id=2707"},"modified":"2021-07-08T23:57:05","modified_gmt":"2021-07-08T21:57:05","slug":"alpenklinik-v-liebe-heilt-wunden","status":"publish","type":"page","link":"https:\/\/www.ottomschwarz.com\/en\/filmmusic\/filmscores\/alpenklinik-v-liebe-heilt-wunden\/","title":{"rendered":"Alpenklinik V &#8211; Liebe heilt Wunden"},"content":{"rendered":"<p class=\"msg\">This content is only available in german.<\/p><div class=\"top-box\">\r\n<p>Jahr: 2009 | Mona Film (ARD ORF):\u00a0Mona Film (ARD ORF)<\/p>\r\n<p>H\u00f6rbeispiel (Zusammenschnitt)<br \/> \t<audio id=\"wp_mep_1\" src=\"\/sounds\/filmmusik\/alpenklinik _01.mp3\"     controls=\"controls\" preload=\"none\"  >\r\n\t\t\r\n\t\t\r\n\t\t\r\n\t\t\r\n\t\t\r\n\t\t\r\n\t\t\r\n\t<\/audio>\r\n<script type=\"text\/javascript\">\r\njQuery(document).ready(function($) {\r\n\t$('#wp_mep_1').mediaelementplayer({\r\n\t\tm:1\r\n\t\t\r\n\t\t,features: ['playpause','current','progress','duration','volume','tracks','fullscreen']\r\n\t\t,audioWidth:400,audioHeight:30\r\n\t});\r\n});\r\n<\/script>\r\n<\/p>\r\n<a href=\"http:\/\/www.amazon.de\/dp\/B005JFXZMQ\" target=\"_blank\" style=\"background-color:#fff; color: #000\" class=\"button tiny radius sc\"> DVD zum Film <\/a>\r\n<\/div>\r\n<h4>Handlung<\/h4>\r\n<p>Bei einem gewagten Rettungsversuch, verletzt sich eine schwangere junge Frau lebensgef\u00e4hrlich und wird in die Klinik eingeliefert. Dr. Daniel Guth (Erol Sander) kann das Baby retten, doch f\u00fcr die junge Mutter kommt jede Hilfe zu sp\u00e4t. Klinikmanagerin Miriam Berghoff (Saskia Valencia) und Dr. Guth setzen alles daran, den Vater des Babys ausfindig zu machen und finden ihn in den eigenen Reihen: Es ist der junge Pfleger Thomas (David Winter). Paraglider Florian (Bernhard Bettermann) macht sich schwerste Vorw\u00fcrfe. W\u00e4hrend Ober\u00e4rztin Dr. Linda Singer (Beate Maes) versucht ihm diese Gedanken auszureden, verliebt sie sich Hals \u00fcber Kopf in ihren Patienten. In der Klinik ist Morphium ist verschwunden: Oberschwester Hertha (Katerina Jacob) vermutet, dass einer der Patienten s\u00fcchtig ist und will der Sache unbedingt auf den Grund zu gehen. Als Maria (Leoni Brill), die kleine Freundin von Miriams Sohn Frederik (Lukas Schust), bei einem Ausflug bewusstlos zusammenbricht, vermutet Dr. Guth eine Erbkrankheit. Was die Eltern des M\u00e4dchens jedoch vehement verneinen. Beinahe zu sp\u00e4t gesteht die Mutter (Maria K\u00f6stlinger), dass Maria nicht die leibliche Tochter ihres Mannes Peter (Timothy Peach) ist. B\u00fcrgermeister Rosner (Albert Fortell) bekommt Besuch von seiner Schwester Nadja (Barbara Wussow). Als Daniel bemerkt, dass sie offensichtlich an Sehst\u00f6rungen leidet und er kurze Zeit sp\u00e4ter ein leeres Boot im See treiben sieht, bef\u00fcrchtet er Schlimmes. Ein Wettlauf um Leben und Tod beginnt.<\/p>\r\n<div class=\"row sc\"> <div class=\"six columns content-col sc\"><\/p>\r\n<h4>Filmteam<\/h4>\r\n<p><dl class=\"tabs mobile\"><dd><a href=\"#engine-tab-besetzung\">Besetzung<\/a><\/dd><dd><a href=\"#engine-tab-stab\">Stab<\/a><\/dd><dd><a href=\"#engine-tab-weitere-infos\">Weitere Infos<\/a><\/dd><\/dl><ul class=\"tabs-content contained sc\"> <li id=\"engine-tab-besetzungTab\" class=\"engine-tab\"><\/p>\r\n<ul class=\"cast\">\r\n<li>\r\n<p>Erol Sander: \u201eDr. Daniel Guth\u201c<\/p>\r\n<\/li>\r\n<li>\r\n<p>Katerina Jacob: \u201eHertha\u201c<\/p>\r\n<\/li>\r\n<li>\r\n<p>Lukas Schust: \u201eFrederik Berghoff\u201c<\/p>\r\n<\/li>\r\n<li>\r\n<p>Saskia Valencia: \u201eMiriam Berghoff\u201c<\/p>\r\n<\/li>\r\n<li>\r\n<p>Beate Maes: \u201eDr. Linda Singer\u201c<\/p>\r\n<\/li>\r\n<li>\r\n<p>Bernhard Bettermann: \u201eFlorian\u201c<\/p>\r\n<\/li>\r\n<li>\r\n<p>Barbara Wussow: \u201eNadja\u201c<\/p>\r\n<\/li>\r\n<li>\r\n<p>Timothy Peach: \u201ePeter Plank\u201c<\/p>\r\n<\/li>\r\n<li>\r\n<p>Leonie Brill: \u201eMaria Plank\u201c<\/p>\r\n<\/li>\r\n<li>\r\n<p>Maria K\u00f6stlinger: \u201eAnja Plank\u201c<\/p>\r\n<\/li>\r\n<li>\r\n<p>David Winter: \u201ePfleger Thomas\u201c<\/p>\r\n<\/li>\r\n<\/ul>\r\n<p><\/li> <li id=\"engine-tab-stabTab\" class=\"engine-tab\"><\/p>\r\n<ul class=\"cast\">\r\n<li>\r\n<p>Drehbuch: Susanne Freund<\/p>\r\n<\/li>\r\n<li>\r\n<p>Regie: Peter S\u00e4mann<\/p>\r\n<\/li>\r\n<li>\r\n<p>Kamera: C.P. Hildenbrand<\/p>\r\n<\/li>\r\n<li>\r\n<p>Herstellungsleiter: Alfred Strobl<\/p>\r\n<\/li>\r\n<li>\r\n<p>Produktionsleiter: Robert Opratko<\/p>\r\n<\/li>\r\n<li>\r\n<p>Aufnahmeleiter: Thomas Pascher<\/p>\r\n<\/li>\r\n<li>\r\n<p>Tonmeister: Michael Wollmann<\/p>\r\n<\/li>\r\n<li>\r\n<p>Ausstattung: Bertram Reiter<\/p>\r\n<\/li>\r\n<li>\r\n<p>Kost\u00fcm: Heidi Melinc<\/p>\r\n<\/li>\r\n<li>\r\n<p>Schnitt: Daniela Padalewski<\/p>\r\n<\/li>\r\n<li>\r\n<p>Maske: Ernst Dummer, Georgie Schmid- Schmidfelden<\/p>\r\n<\/li>\r\n<li>\r\n<p>Musik: Otto M. Schwarz<\/p>\r\n<\/li>\r\n<\/ul>\r\n<p><\/li><li id=\"engine-tab-weitere-infosTab\" class=\"engine-tab\"><\/p>\r\n<ul class=\"cast\">\r\n<li>Drehorte: Lofer u. Umgebung, Slzbg.<\/li>\r\n<\/ul>\r\n<p><\/li><\/ul><\/p>\r\n<p><\/div><div class=\"six columns content-col sc\"><\/p>\r\n<h4>Szenenbilder<\/h4>\r\n<p>ngg_shortcode_0_placeholder<\/p>\r\n<p><\/div> <\/div>","protected":false},"excerpt":{"rendered":"<p>This content is only available in german. Jahr: 2009 | Mona Film (ARD ORF):\u00a0Mona Film (ARD ORF) H\u00f6rbeispiel (Zusammenschnitt) Handlung Bei einem gewagten Rettungsversuch, verletzt sich eine schwangere junge Frau lebensgef\u00e4hrlich und wird in die Klinik eingeliefert. Dr. Daniel Guth (Erol Sander) kann das Baby retten, doch f\u00fcr die junge Mutter kommt jede Hilfe zu [&hellip;]<\/p>\n","protected":false},"author":2,"featured_media":0,"parent":2715,"menu_order":19,"comment_status":"closed","ping_status":"closed","template":"","meta":{"ngg_post_thumbnail":0,"footnotes":""},"class_list":["post-2707","page","type-page","status-publish","hentry"],"_links":{"self":[{"href":"https:\/\/www.ottomschwarz.com\/en\/wp-json\/wp\/v2\/pages\/2707","targetHints":{"allow":["GET"]}}],"collection":[{"href":"https:\/\/www.ottomschwarz.com\/en\/wp-json\/wp\/v2\/pages"}],"about":[{"href":"https:\/\/www.ottomschwarz.com\/en\/wp-json\/wp\/v2\/types\/page"}],"author":[{"embeddable":true,"href":"https:\/\/www.ottomschwarz.com\/en\/wp-json\/wp\/v2\/users\/2"}],"replies":[{"embeddable":true,"href":"https:\/\/www.ottomschwarz.com\/en\/wp-json\/wp\/v2\/comments?post=2707"}],"version-history":[{"count":2,"href":"https:\/\/www.ottomschwarz.com\/en\/wp-json\/wp\/v2\/pages\/2707\/revisions"}],"predecessor-version":[{"id":4515,"href":"https:\/\/www.ottomschwarz.com\/en\/wp-json\/wp\/v2\/pages\/2707\/revisions\/4515"}],"up":[{"embeddable":true,"href":"https:\/\/www.ottomschwarz.com\/en\/wp-json\/wp\/v2\/pages\/2715"}],"wp:attachment":[{"href":"https:\/\/www.ottomschwarz.com\/en\/wp-json\/wp\/v2\/media?parent=2707"}],"curies":[{"name":"wp","href":"https:\/\/api.w.org\/{rel}","templated":true}]}}