{"id":2719,"date":"2014-03-25T17:56:41","date_gmt":"2014-03-25T15:56:41","guid":{"rendered":"http:\/\/www.ottomschwarz.com\/?page_id=2719"},"modified":"2016-02-03T20:56:32","modified_gmt":"2016-02-03T18:56:32","slug":"lilly-schoenauer-11-liebe-mit-hindernissen","status":"publish","type":"page","link":"https:\/\/www.ottomschwarz.com\/en\/filmmusic\/filmscores\/lilly-schoenauer-11-liebe-mit-hindernissen\/","title":{"rendered":"Lilly Sch\u00f6nauer 11 &#8211; Liebe mit Hindernissen"},"content":{"rendered":"<p class=\"msg\">This content is only available in german.<\/p>\r\n<div class=\"top-box\">\r\n<p>Jahr: 2010\u00a0| Produktionsfirma:\u00a0Bavaria\/Graf Film (ARD, ORF)<\/p>\r\n<p>H\u00f6rbeispiel (Zusammenschnitt)<br \/> \t<audio id=\"wp_mep_1\" src=\"\/sounds\/filmmusik\/lilly_schoenauer_11_hindernissen.mp3\"     controls=\"controls\" preload=\"none\"  >\r\n\t\t\r\n\t\t\r\n\t\t\r\n\t\t\r\n\t\t\r\n\t\t\r\n\t\t\r\n\t<\/audio>\r\n<script type=\"text\/javascript\">\r\njQuery(document).ready(function($) {\r\n\t$('#wp_mep_1').mediaelementplayer({\r\n\t\tm:1\r\n\t\t\r\n\t\t,features: ['playpause','current','progress','duration','volume','tracks','fullscreen']\r\n\t\t,audioWidth:400,audioHeight:30\r\n\t});\r\n});\r\n<\/script>\r\n<\/p>\r\n<a href=\"http:\/\/www.amazon.de\/Lilly-Sch%C3%B6nauer-Collection-3-DVDs\/dp\/B00YTANGPS\" target=\"_blank\" style=\"background-color:#fff; color: #000\" class=\"button tiny radius sc\"> DVD <\/a>\r\n<\/div>\r\n<h4>Handlung<\/h4>\r\n<p>Laura und Alexander sind seit drei Monaten gl\u00fccklich verliebt. Sie schweben im siebten Himmel und verbringen jede freie Minute miteinander. Alexander arbeitet als Juniorchef in dem famili\u00e4ren Traditions-Modeunternehmen seines Vaters, Laura wartet noch auf den Durchbruch als Modedesignerin, und jobbt w\u00e4hrenddessen als Verk\u00e4uferin in einem Modegesch\u00e4ft, wo die beiden sich auch kennengelernt haben.\u00a0Als Laura eines Morgens einen Verlobungsring in Alexanders Schublade findet, ist sie sich sicher, dass Alexander ihr an dem Wochenende, das sie wegen der Rubinhochzeit seiner Eltern auf ihrem Gutshaus auf dem Land verbringen werden, einen Heiratsantrag machen will. Laura ist \u00fcbergl\u00fccklich. Auch wenn sie Alexander noch nicht lange kennt, wei\u00df sie, dass er der Richtige ist.\n\t\t\n\t\t<!--BEGIN .toggle -->\n\t\t<div class=\"toggle closed sc\">\n\t\t\t<div class=\"trigger\">Weiterlesen\u2026<span><i class=\"icon-chevron-down\"><\/i><\/span><\/div>\n\t\t\t<div class=\"toggle-pane\"><div class=\"inner-pane\"><\/p>\r\n<p>Doch auf dem Gut der Schwiegereltern in Spe angekommen, tauchen die ersten grauen Wolken am rosaroten Horizont des P\u00e4rchens auf: Alexanders Mutter Elvira ist \u00fcberhaupt nicht gl\u00fccklich mit der Wahl ihres Sohnes. Laura entspricht ganz und gar nicht ihren Vorstellungen. Lieber w\u00fcrde Elvira ihren Sohn wieder an der Seite seiner Exfreundin Susanne sehen, die kurze Zeit sp\u00e4ter auch schon als verfr\u00fchter Gast zu der Feier auftaucht und keinen Zweifel daran l\u00e4sst, dass sie gekommen ist, um Alexander zur\u00fcck zu erobern. Sie nutzt jede Gelegenheit, um die Harmonie zwischen Laura und Alexander zu st\u00f6ren.<\/p>\r\n<p>Als dann auch noch Lauras unkonventionelle Mutter Maria mit ihrem jugendlichen Liebhaber Anton als \u00dcberraschungsgast dazu kommt, ist das Chaos perfekt. Die Steinbr\u00fccks halten den jungen Mann f\u00fcr Lauras Bruder, und Laura ahnt, dass sie sie lieber in dem Glauben lassen sollte, wenn sie nicht vollst\u00e4ndig in dem Ansehen ihrer Wunschschwiegereltern sinken will. Aber schon bald w\u00e4chst ihr die ganze Situation \u00fcber den Kopf und langsam droht sie ihren Zuk\u00fcnftigen an dessen Ex zu verlieren. Denn Alexander wundert sich zunehmend \u00fcber Lauras merkw\u00fcrdiges Verhalten.<\/p>\r\n<p>Als Laura mit ansieht, wie Alexander seiner Mutter den Verlobungsring zur\u00fcckgibt, zieht sie ein bitteres Res\u00fcmee. Anscheinend war sie f\u00fcr ihn nur ein Trostpflaster, um \u00fcber die Trennung von Susanne hinweg zu kommen, mehr nicht. Laura geht in die Offensive. Sie beendet die Beziehung, um Alexander zuvor zu kommen. Der ist v\u00f6llig vor den Kopf gesto\u00dfen. Schlie\u00dflich liebt er Laura \u00fcber alles. Ihm ist es egal, dass seine Mutter sehr viel lieber die erfolgreiche Susanne an seiner Seite sehen w\u00fcrde. Deswegen hat er ihr auch den Ring zur\u00fcckgegeben, den sie ihm gegeben hatte, um Susanne einen Antrag zu machen. Als Alexander dahinter kommt, dass Susanne alles daf\u00fcr getan hat, um Laura von ihm wegzutreiben, erkennt er, dass er keine Zeit mehr verlieren darf, um seine Liebe doch noch zur\u00fcck zu gewinnen. Er rast Laura hinterher zur\u00fcck nach Graz, um dort endlich die Fragen aller Fragen zu stellen.<\/div><\/div>\n\t\t<\/div> \n\t\t<!--END .toggle --><\/p>\r\n<div class=\"row sc\"> <div class=\"six columns content-col sc\"><\/p>\r\n<h4>Filmteam<\/h4>\r\n<p><dl class=\"tabs mobile\"><dd><a href=\"#engine-tab-besetzung\">Besetzung<\/a><\/dd><dd><a href=\"#engine-tab-stab\">Stab<\/a><\/dd><dd><a href=\"#engine-tab-weitere-infos\">Weitere Infos<\/a><\/dd><\/dl><ul class=\"tabs-content contained sc\"> <li id=\"engine-tab-besetzungTab\" class=\"engine-tab\"><\/p>\r\n<ul class=\"cast\">\r\n<li>\r\n<p>Oliver Boysen: \u201eAlexander Steinbr\u00fcck\u201c<\/p>\r\n<\/li>\r\n<li>\r\n<p>Gudurun Landgrebe: \u201eElvira Steinbr\u00fcck\u201c<\/p>\r\n<\/li>\r\n<li>\r\n<p>Peter Prager: \u201eKlaus Steinbr\u00fcck\u201c<\/p>\r\n<\/li>\r\n<li>\r\n<p>Andrea Eckert: \u201eMaria Brunner\u201c<\/p>\r\n<\/li>\r\n<li>\r\n<p>Eva Klemt: \u201eSusanne Herzog\u201c<\/p>\r\n<\/li>\r\n<li>\r\n<p>Stefano Bernardin: \u201eAnton Maierhofer\u201c<\/p>\r\n<\/li>\r\n<li>\r\n<p>Johanna Orsini-Rosenberg: \u201eHanna\u201c<\/p>\r\n<\/li>\r\n<li>\r\n<p>Silvia Wohlmuth: \u201eVera\u201c<\/p>\r\n<\/li>\r\n<li>\r\n<p>Elisabeth Osterberger: \u201eFrau des B\u00fcrgermeisters\u201c<\/p>\r\n<\/li>\r\n<\/ul>\r\n<p><\/li> <li id=\"engine-tab-stabTab\" class=\"engine-tab\"><\/p>\r\n<ul class=\"cast\">\r\n<li>\r\n<p>Regie: Martin Gies<\/p>\r\n<\/li>\r\n<li>\r\n<p>Drehbuch: Sabine Leipert, Julia Neumann, Sabrina M. Roessel<\/p>\r\n<\/li>\r\n<li>\r\n<p>Kamera: Gero Lasnig<\/p>\r\n<\/li>\r\n<li>\r\n<p>Schnitt: Heidi Handorf<\/p>\r\n<\/li>\r\n<li>\r\n<p>Produzenten: Ronald M\u00fchlfellner, \u00a0Klaus Graf<\/p>\r\n<\/li>\r\n<li>\r\n<p>Musik: Otto M. Schwarz<\/p>\r\n<\/li>\r\n<\/ul>\r\n<p><\/li><li id=\"engine-tab-weitere-infosTab\" class=\"engine-tab\"><\/p>\r\n<ul class=\"cast\">\r\n<li>Keine<\/li>\r\n<\/ul>\r\n<p><\/li><\/ul><\/p>\r\n<p><\/div><div class=\"six columns content-col sc\"><\/p>\r\n<h4>Szenenbilder<\/h4>\r\n<p>Keine<\/p>\r\n<p><\/div> <\/div>","protected":false},"excerpt":{"rendered":"<p>This content is only available in german. Jahr: 2010\u00a0| Produktionsfirma:\u00a0Bavaria\/Graf Film (ARD, ORF) H\u00f6rbeispiel (Zusammenschnitt) Handlung Laura und Alexander sind seit drei Monaten gl\u00fccklich verliebt. Sie schweben im siebten Himmel und verbringen jede freie Minute miteinander. Alexander arbeitet als Juniorchef in dem famili\u00e4ren Traditions-Modeunternehmen seines Vaters, Laura wartet noch auf den Durchbruch als Modedesignerin, und [&hellip;]<\/p>\n","protected":false},"author":2,"featured_media":0,"parent":2715,"menu_order":21,"comment_status":"closed","ping_status":"closed","template":"","meta":{"ngg_post_thumbnail":0,"footnotes":""},"class_list":["post-2719","page","type-page","status-publish","hentry"],"_links":{"self":[{"href":"https:\/\/www.ottomschwarz.com\/en\/wp-json\/wp\/v2\/pages\/2719","targetHints":{"allow":["GET"]}}],"collection":[{"href":"https:\/\/www.ottomschwarz.com\/en\/wp-json\/wp\/v2\/pages"}],"about":[{"href":"https:\/\/www.ottomschwarz.com\/en\/wp-json\/wp\/v2\/types\/page"}],"author":[{"embeddable":true,"href":"https:\/\/www.ottomschwarz.com\/en\/wp-json\/wp\/v2\/users\/2"}],"replies":[{"embeddable":true,"href":"https:\/\/www.ottomschwarz.com\/en\/wp-json\/wp\/v2\/comments?post=2719"}],"version-history":[{"count":3,"href":"https:\/\/www.ottomschwarz.com\/en\/wp-json\/wp\/v2\/pages\/2719\/revisions"}],"predecessor-version":[{"id":3669,"href":"https:\/\/www.ottomschwarz.com\/en\/wp-json\/wp\/v2\/pages\/2719\/revisions\/3669"}],"up":[{"embeddable":true,"href":"https:\/\/www.ottomschwarz.com\/en\/wp-json\/wp\/v2\/pages\/2715"}],"wp:attachment":[{"href":"https:\/\/www.ottomschwarz.com\/en\/wp-json\/wp\/v2\/media?parent=2719"}],"curies":[{"name":"wp","href":"https:\/\/api.w.org\/{rel}","templated":true}]}}