{"id":2720,"date":"2014-03-25T17:56:44","date_gmt":"2014-03-25T15:56:44","guid":{"rendered":"http:\/\/www.ottomschwarz.com\/?page_id=2720"},"modified":"2016-02-03T20:57:41","modified_gmt":"2016-02-03T18:57:41","slug":"lilly-schoenauer-10-wo-die-liebe-hinfaellt","status":"publish","type":"page","link":"https:\/\/www.ottomschwarz.com\/en\/filmmusic\/filmscores\/lilly-schoenauer-10-wo-die-liebe-hinfaellt\/","title":{"rendered":"Lilly Sch\u00f6nauer 10 &#8211; Wo die Liebe hinf\u00e4llt"},"content":{"rendered":"<p class=\"msg\">This content is only available in german.<\/p>\r\n<div class=\"top-box\">\r\n<p>Jahr: 2010\u00a0| Produktionsfirma:\u00a0Bavaria\/Graf Film (ARD, ORF)<\/p>\r\n<p>H\u00f6rbeispiel (Zusammenschnitt)<br \/> \t<audio id=\"wp_mep_1\" src=\"\/sounds\/filmmusik\/lilly_schoenauer_10_wodie liebe.mp3\"     controls=\"controls\" preload=\"none\"  >\r\n\t\t\r\n\t\t\r\n\t\t\r\n\t\t\r\n\t\t\r\n\t\t\r\n\t\t\r\n\t<\/audio>\r\n<script type=\"text\/javascript\">\r\njQuery(document).ready(function($) {\r\n\t$('#wp_mep_1').mediaelementplayer({\r\n\t\tm:1\r\n\t\t\r\n\t\t,features: ['playpause','current','progress','duration','volume','tracks','fullscreen']\r\n\t\t,audioWidth:400,audioHeight:30\r\n\t});\r\n});\r\n<\/script>\r\n<\/p>\r\n<a href=\"http:\/\/www.amazon.de\/Lilly-Sch%C3%B6nauer-Collection-3-DVDs\/dp\/B00YTANGPS\" target=\"_blank\" style=\"background-color:#fff; color: #000\" class=\"button tiny radius sc\"> DVD <\/a>\r\n<\/div>\r\n<h4>Handlung<\/h4>\r\n<p>Valerie (30) arbeitet in einem Reiseb\u00fcro f\u00fcr Luxusreisen und ist seit \u00fcber einem Jahr in ihren smarten Chef Martin (38) verliebt. Doch statt ihre Gef\u00fchle zu offenbaren, wartet sie darauf, dass das Schicksal sie endlich auch privat zusammenf\u00fchrt. Als ihre Wege zuf\u00e4llig die des Architekten Jan (38) kreuzen und sie ihm kurz darauf bei einer zweiten Begegnung aus Versehen Kaffee \u00fcber den neuen Anzug sch\u00fcttet, tauschen sie Visitenkarten aus. Wenig sp\u00e4ter verungl\u00fcckt Jan und wird bewusstlos ins Krankenhaus eingeliefert. Weil er nichts weiter als Valeries Visitenkarte bei sich tr\u00e4gt, bestellt man Valerie ins Krankenhaus und bittet sie darum, die Angeh\u00f6rigen zu informieren. Dabei stellt Valerie entsetzt fest, dass Jans Nichte Lena, die sie zun\u00e4chst f\u00fcr seine Stieftochter h\u00e4lt, alleine zu Hause ist. Ihre Mutter befindet sich auf einer Reise und ist telefonisch nicht zu erreichen.\n\t\t\n\t\t<!--BEGIN .toggle -->\n\t\t<div class=\"toggle closed sc\">\n\t\t\t<div class=\"trigger\">Weiterlesen\u2026<span><i class=\"icon-chevron-down\"><\/i><\/span><\/div>\n\t\t\t<div class=\"toggle-pane\"><div class=\"inner-pane\"><\/p>\r\n<p>Valerie erkennt, dass sie das Kind nicht alleine lassen kann und k\u00fcmmert sich kurzerhand um sie. Sie bleibt \u00fcber Nacht in Jans Haus und lernt auf diese Weise einen Menschen n\u00e4her kennen, der ihr in ihrem Leben nur zweimal kurz begegnet ist: sein altes, renoviertes Bauernhaus mit angrenzendem Architekturb\u00fcro, seine beiden Katzen, die sich schnurrend an Valeries Fu\u00dfende auf die Couch rollen und auch seine Arbeit. Lena erz\u00e4hlt Valerie, dass Jan einen wichtigen Termin verpasst, bei dem er die Entw\u00fcrfe f\u00fcr ein Hotel im Dorf h\u00e4tte pr\u00e4sentieren m\u00fcssen. Als Valerie merkt, wie sehr Lena die verpatzte Chance f\u00fcr Jan belastet, entscheidet sie pl\u00f6tzlich, f\u00fcr ihn einzuspringen und die Entw\u00fcrfe an seiner Stelle vorzustellen. Sie tritt vor die drei Preisrichter und versucht B\u00fcrgermeister, Hotelbesitzerin und Investor zu \u00fcberzeugen, indem sie ihnen Jans Modellentwurf auf warmherzige Weise n\u00e4her bringt. W\u00e4hrenddessen ist Jan aus seinem Schlafzustand erwacht und verl\u00e4sst auf eigenes Risiko die Klinik. Erstaunt tritt er in seinem eigenen Haus Valerie gegen\u00fcber und erkennt, was sie f\u00fcr ihn getan hat. Als sie ihm erz\u00e4hlt, dass sie f\u00fcr ihn die Entw\u00fcrfe pr\u00e4sentiert hat und eigentlich in einem Reiseb\u00fcro arbeitet, glaubt er, seine Chancen st\u00fcnden gleich null.<\/p>\r\n<p>Umso \u00fcberraschender ist es f\u00fcr ihn, als er erf\u00e4hrt, dass man ihn in die engere Wahl gezogen hat. Dankbar l\u00e4dt er Valerie zu einem Ausflug ein und kommt ihr dabei n\u00e4her. Doch er sp\u00fcrt, dass sie nicht frei ist und versucht zun\u00e4chst, seine Gef\u00fchle zu kontrollieren. Valerie ist w\u00e4hrenddessen nach ihrem Ausflug in Jans Leben im Reiseb\u00fcro zum ersten Mal seit \u00fcber einem Jahr so in Gedanken, dass sie Martin endlich nat\u00fcrlich und offen gegen\u00fcbertritt. Und zum ersten Mal sieht Martin in Valerie eine attraktive, interessante Frau, die er n\u00e4her kennenlernen m\u00f6chte. Er l\u00e4dt sie zum Essen ein und der Abend endet in einem leidenschaftlichen Kuss. Valerie ist einerseits am Ziel ihrer Tr\u00e4ume angekommen, leidet aber andererseits unter der beruflichen N\u00e4he zu Martin, die eine ungezwungene Entwicklung dieser Liebesgeschichte nicht richtig zul\u00e4sst. Sie bittet Martin um Urlaub, um die Situation ein wenig zu entspannen. W\u00e4hrenddessen hat Josef Holzer, Jans gr\u00f6\u00dfter Konkurrent, Wind davon bekommen, dass Valerie nicht, wie behauptet, Jans Assistentin ist, sondern blo\u00df eine Angestellte in einem Reiseb\u00fcro. Um Jans Ruf zu retten und ihn nach seiner Krankheit weiterhin zu unterst\u00fctzen, gibt sich Valerie erneut als seine Assistentin aus und greift ihm in ihrer freien Zeit unter die Arme. W\u00e4hrend der gemeinsamen Zeit, die sie miteinander verbringen, kommen sie sich immer n\u00e4her und verlieben sich ineinander.<\/p>\r\n<p>Nach einem ersten Kuss ist Valerie hin und hergerissen, schlie\u00dflich glaubt sie nach wie vor, Martin sei ihr Schicksal, das sich nach so langem Warten endlich erf\u00fcllt hat\u2026 Erst als es fast zu sp\u00e4ter ist, erkennt sie auf \u00fcberraschende Weise, dass nicht Martin sondern Jan ihr Schicksal ist und dass sie ihr eigenes Leben endlich auch so anpacken muss, wie sie Jans Leben gemeistert hat. Denn ihm hat sie in letzter Sekunde doch noch zu seinem Auftrag verholfen, indem sie erneut wie eine L\u00f6win vor die Preisrichter getreten ist und gek\u00e4mpft hat! Und so findet sie nicht nur endlich den Mut, sich den langj\u00e4hrigen Traum vom eigenen Reiseb\u00fcro zu erf\u00fcllen, sondern auch Jan zu sagen, dass sie ihn liebt!<\/div><\/div>\n\t\t<\/div> \n\t\t<!--END .toggle --><\/p>\r\n<div class=\"row sc\"> <div class=\"six columns content-col sc\"><\/p>\r\n<h4>Filmteam<\/h4>\r\n<p><dl class=\"tabs mobile\"><dd><a href=\"#engine-tab-besetzung\">Besetzung<\/a><\/dd><dd><a href=\"#engine-tab-stab\">Stab<\/a><\/dd><dd><a href=\"#engine-tab-weitere-infos\">Weitere Infos<\/a><\/dd><\/dl><ul class=\"tabs-content contained sc\"> <li id=\"engine-tab-besetzungTab\" class=\"engine-tab\"><\/p>\r\n<ul class=\"cast\">\r\n<li>\r\n<p>Sophia Sch\u00fctt: \u201eValerie\u201c<\/p>\r\n<\/li>\r\n<li>\r\n<p>Julian Weigend: \u201eJan Berger\u201c<\/p>\r\n<\/li>\r\n<li>\r\n<p>Giulio Ricciarelli: \u201eMartin Meierhofer\u201c<\/p>\r\n<\/li>\r\n<li>\r\n<p>Katharina Stemberger: \u201eLissi\u201c<\/p>\r\n<\/li>\r\n<li>\r\n<p>Brigitte Zeh: \u201eCaroline\u201c<\/p>\r\n<\/li>\r\n<li>\r\n<p>Luisa Spaniel: \u201eLena\u201c<\/p>\r\n<\/li>\r\n<li>\r\n<p>Paul Matic: \u201eB\u00fcrgermeister\u201c<\/p>\r\n<\/li>\r\n<li>\r\n<p>Fritz Hammel: \u201eJosef Holzer\u201c<\/p>\r\n<\/li>\r\n<\/ul>\r\n<p><\/li> <li id=\"engine-tab-stabTab\" class=\"engine-tab\"><\/p>\r\n<ul class=\"cast\">\r\n<li>\r\n<p>Regie: Holger Barthel<\/p>\r\n<\/li>\r\n<li>\r\n<p>Drehbuch: Antje B\u00e4hr<\/p>\r\n<\/li>\r\n<li>\r\n<p>Kamera: Hans Selikovsky<\/p>\r\n<\/li>\r\n<li>\r\n<p>Schnitt Heidi Handorf<\/p>\r\n<\/li>\r\n<li>\r\n<p>Musik: Otto M. Schwarz<\/p>\r\n<\/li>\r\n<li>\r\n<p>Produzenten: Ronald M\u00fchlfellner, Klaus Graf<\/p>\r\n<\/li>\r\n<\/ul>\r\n<p><\/li><li id=\"engine-tab-weitere-infosTab\" class=\"engine-tab\"><\/p>\r\n<ul class=\"cast\">\r\n<li>Keine<\/li>\r\n<\/ul>\r\n<p><\/li><\/ul><\/p>\r\n<p><\/div><div class=\"six columns content-col sc\"><\/p>\r\n<h4>Szenenbilder<\/h4>\r\n<p>siehe <a href=\"http:\/\/www.graffilm.com\/nc\/produktionen\/abgeschlossen\/2010\/lilly-schoenauer-wo-die-liebe-hinfaellt\/fotos.html\" target=\"_blank\">Graf Film Archiv \u2192<\/a><\/p>\r\n<p><\/div> <\/div>","protected":false},"excerpt":{"rendered":"<p>This content is only available in german. Jahr: 2010\u00a0| Produktionsfirma:\u00a0Bavaria\/Graf Film (ARD, ORF) H\u00f6rbeispiel (Zusammenschnitt) Handlung Valerie (30) arbeitet in einem Reiseb\u00fcro f\u00fcr Luxusreisen und ist seit \u00fcber einem Jahr in ihren smarten Chef Martin (38) verliebt. Doch statt ihre Gef\u00fchle zu offenbaren, wartet sie darauf, dass das Schicksal sie endlich auch privat zusammenf\u00fchrt. Als [&hellip;]<\/p>\n","protected":false},"author":2,"featured_media":0,"parent":2715,"menu_order":22,"comment_status":"closed","ping_status":"closed","template":"","meta":{"ngg_post_thumbnail":0,"footnotes":""},"class_list":["post-2720","page","type-page","status-publish","hentry"],"_links":{"self":[{"href":"https:\/\/www.ottomschwarz.com\/en\/wp-json\/wp\/v2\/pages\/2720","targetHints":{"allow":["GET"]}}],"collection":[{"href":"https:\/\/www.ottomschwarz.com\/en\/wp-json\/wp\/v2\/pages"}],"about":[{"href":"https:\/\/www.ottomschwarz.com\/en\/wp-json\/wp\/v2\/types\/page"}],"author":[{"embeddable":true,"href":"https:\/\/www.ottomschwarz.com\/en\/wp-json\/wp\/v2\/users\/2"}],"replies":[{"embeddable":true,"href":"https:\/\/www.ottomschwarz.com\/en\/wp-json\/wp\/v2\/comments?post=2720"}],"version-history":[{"count":3,"href":"https:\/\/www.ottomschwarz.com\/en\/wp-json\/wp\/v2\/pages\/2720\/revisions"}],"predecessor-version":[{"id":3673,"href":"https:\/\/www.ottomschwarz.com\/en\/wp-json\/wp\/v2\/pages\/2720\/revisions\/3673"}],"up":[{"embeddable":true,"href":"https:\/\/www.ottomschwarz.com\/en\/wp-json\/wp\/v2\/pages\/2715"}],"wp:attachment":[{"href":"https:\/\/www.ottomschwarz.com\/en\/wp-json\/wp\/v2\/media?parent=2720"}],"curies":[{"name":"wp","href":"https:\/\/api.w.org\/{rel}","templated":true}]}}