{"id":2722,"date":"2014-03-25T17:56:49","date_gmt":"2014-03-25T15:56:49","guid":{"rendered":"http:\/\/www.ottomschwarz.com\/?page_id=2722"},"modified":"2023-01-03T15:50:25","modified_gmt":"2023-01-03T13:50:25","slug":"die-huettenwirtin","status":"publish","type":"page","link":"https:\/\/www.ottomschwarz.com\/en\/filmmusic\/filmscores\/die-huettenwirtin\/","title":{"rendered":"Die H\u00fcttenwirtin"},"content":{"rendered":"<p class=\"msg\">This content is only available in german.<\/p>\r\n<div class=\"top-box\">\r\n<p>Jahr: 2009&nbsp;| Produktionsfirma:&nbsp;Mona Film (ARD,ORF)<\/p>\r\n<p>H\u00f6rbeispiel (Zusammenschnitt)<\/p>\r\n\t<audio id=\"wp_mep_1\" src=\"\/sounds\/filmmusik\/huettenwirtin.mp3\"     controls=\"controls\" preload=\"none\"  >\r\n\t\t\r\n\t\t\r\n\t\t\r\n\t\t\r\n\t\t\r\n\t\t\r\n\t\t\r\n\t<\/audio>\r\n<script type=\"text\/javascript\">\r\njQuery(document).ready(function($) {\r\n\t$('#wp_mep_1').mediaelementplayer({\r\n\t\tm:1\r\n\t\t\r\n\t\t,features: ['playpause','current','progress','duration','volume','tracks','fullscreen']\r\n\t\t,audioWidth:400,audioHeight:30\r\n\t});\r\n});\r\n<\/script>\r\n\r\n<a href=\"http:\/\/www.amazon.de\/dp\/B00B1FMOXE\" target=\"_blank\" style=\"background-color:#fff; color: #000\" class=\"button tiny radius sc\">DVD zum Film<\/a>\r\n<\/div>\r\n<h4>Handlung<\/h4>\r\n<p>Improvisation und Durchhalteverm\u00f6gen sind gefragt als Sandra Hofer (Christina Plate) nach dem Tod ihres Vaters dessen Bergh\u00fctte &#8216;H\u00fcttenwirt&#8217; erbt. Die erfolgreiche und studierte Werbemanagerin aus Berlin \u2013 inzwischen mehr Stadtmensch als Kind der Berge \u2013 hat mit der Gastronomie rein gar nichts am Hut und beschlie\u00dft, die H\u00fctte zu verkaufen. Ihr Freund Matthias Jansen (Michael Roll) schmiedet mit Aussicht auf den Verkaufserl\u00f6s schon Zukunftspl\u00e4ne. Doch als Sandra nach Tirol reist, um den Verkauf abzuwickeln und dort mit ihrer alten Heimat konfrontiert wird, sp\u00fcrt sie, wo ihre wahre Bestimmung liegt.\n\t\t\n\t\t<!--BEGIN .toggle -->\n\t\t<div class=\"toggle closed sc\">\n\t\t\t<div class=\"trigger\">Weiterlesen\u2026<span><i class=\"icon-chevron-down\"><\/i><\/span><\/div>\n\t\t\t<div class=\"toggle-pane\"><div class=\"inner-pane\"><\/p>\r\n<p>Als ihr auch noch der Erzfeind ihres Vaters Xaver Riemer (August Schm\u00f6lzer), Betreiber des Konkurrenzbetriebs \u201eGipfelalm\u201c und B\u00fcrgermeister von Ellmau, ein \u00dcbernahmeangebot macht, \u00e4ndert Sandra kurzerhand ihre Pl\u00e4ne und er\u00f6ffnet die H\u00fctte gemeinsam mit den alten Weggef\u00e4hrten und Mitarbeiter ihres Vaters (Elfi Eschke, Maximilian Kr\u00fcckl und Susanne Knechtl). Dabei hat sie die Rechnung allerdings ohne den einflussreichen und skrupellosen Xaver Riemer gemacht, der nichts unversucht l\u00e4sst, um Sandra scheitern zu lassen. Unverhoffte Unterst\u00fctzung erh\u00e4lt Sandra von Xavers Sohn Markus (Jan Sosniok), ihrer fr\u00fcheren Jugendliebe. Die beiden f\u00fchlen sich nach wie vor zueinander hingezogen und schon bald werden alte Gef\u00fchle neu entflammt.<\/div><\/div>\n\t\t<\/div> \n\t\t<!--END .toggle --><\/p>\r\n<div class=\"row sc\"> <div class=\"six columns content-col sc\"><\/p>\r\n<h4>Filmteam<\/h4>\r\n<p><dl class=\"tabs mobile\"><dd><a href=\"#engine-tab-besetzung\">Besetzung<\/a><\/dd><dd><a href=\"#engine-tab-stab\">Stab<\/a><\/dd><dd><a href=\"#engine-tab-weitere-infos\">Weitere Infos<\/a><\/dd><\/dl><ul class=\"tabs-content contained sc\"> <li id=\"engine-tab-besetzungTab\" class=\"engine-tab\"><\/p>\r\n<ul class=\"cast\">\r\n\t<li>\r\n<p>Christina Plate: \u201eSandra Hofer\u201c<\/p>\r\n<\/li>\r\n\t<li>\r\n<p>August Schm\u00f6lzer: \u201eXaver Riemer\u201c<\/p>\r\n<\/li>\r\n\t<li>\r\n<p>Jan Sosniok: \u201eMarkus Riemer\u201c<\/p>\r\n<\/li>\r\n\t<li>\r\n<p>Elfi Eschke: \u201eTheres F\u00e4rber\u201c<\/p>\r\n<\/li>\r\n\t<li>\r\n<p>Maximilian Kr\u00fcckl: \u201eKarli Moser\u201c<\/p>\r\n<\/li>\r\n\t<li>\r\n<p>Susanna Knechtl: \u201eKatti Lang\u201c<\/p>\r\n<\/li>\r\n<\/ul>\r\n<p><\/li> <li id=\"engine-tab-stabTab\" class=\"engine-tab\"><\/p>\r\n<ul class=\"cast\">\r\n\t<li>\r\n<p>Drehbuch: Maximilian Kr\u00fcckl<\/p>\r\n<\/li>\r\n\t<li>\r\n<p>Regie: Thomas Jacob<\/p>\r\n<\/li>\r\n\t<li>\r\n<p>Kamera: Meinolf Schmitz<\/p>\r\n<\/li>\r\n\t<li>\r\n<p>Herstellungsleiter: Alfred Strobl<\/p>\r\n<\/li>\r\n\t<li>\r\n<p>Produktionsleiter: David Spiehs<\/p>\r\n<\/li>\r\n\t<li>\r\n<p>Aufnahmeleiter: Thomas Pascher<\/p>\r\n<\/li>\r\n\t<li>\r\n<p>Tonmeister: Thomas Szabolzc<\/p>\r\n<\/li>\r\n\t<li>\r\n<p>Ausstattung: Bergith Geyer<\/p>\r\n<\/li>\r\n\t<li>\r\n<p>Kost\u00fcm: Heidi Melinc<\/p>\r\n<\/li>\r\n\t<li>\r\n<p>Maske: Martin Geisler<\/p>\r\n<\/li>\r\n\t<li>\r\n<p>Musik: Otto M. Schwarz<\/p>\r\n<\/li>\r\n<\/ul>\r\n<p><\/li><li id=\"engine-tab-weitere-infosTab\" class=\"engine-tab\"><\/p>\r\n<ul class=\"cast\">\r\n\t<li>Drehorte: Ellmau\/Tirol<\/li>\r\n<\/ul>\r\n<p><\/li><\/ul><\/p>\r\n<p><\/div><div class=\"six columns content-col sc\"><\/p>\r\n<h4>Szenenbilder<\/h4>\r\n\r\nngg_shortcode_0_placeholder\r\n\r\n<p><\/div> <\/div>","protected":false},"excerpt":{"rendered":"<p>This content is only available in german. Jahr: 2009&nbsp;| Produktionsfirma:&nbsp;Mona Film (ARD,ORF) H\u00f6rbeispiel (Zusammenschnitt) Handlung Improvisation und Durchhalteverm\u00f6gen sind gefragt als Sandra Hofer (Christina Plate) nach dem Tod ihres Vaters dessen Bergh\u00fctte &#8216;H\u00fcttenwirt&#8217; erbt. Die erfolgreiche und studierte Werbemanagerin aus Berlin \u2013 inzwischen mehr Stadtmensch als Kind der Berge \u2013 hat mit der Gastronomie rein [&hellip;]<\/p>\n","protected":false},"author":2,"featured_media":0,"parent":2715,"menu_order":24,"comment_status":"closed","ping_status":"closed","template":"","meta":{"ngg_post_thumbnail":0,"footnotes":""},"class_list":["post-2722","page","type-page","status-publish","hentry"],"_links":{"self":[{"href":"https:\/\/www.ottomschwarz.com\/en\/wp-json\/wp\/v2\/pages\/2722","targetHints":{"allow":["GET"]}}],"collection":[{"href":"https:\/\/www.ottomschwarz.com\/en\/wp-json\/wp\/v2\/pages"}],"about":[{"href":"https:\/\/www.ottomschwarz.com\/en\/wp-json\/wp\/v2\/types\/page"}],"author":[{"embeddable":true,"href":"https:\/\/www.ottomschwarz.com\/en\/wp-json\/wp\/v2\/users\/2"}],"replies":[{"embeddable":true,"href":"https:\/\/www.ottomschwarz.com\/en\/wp-json\/wp\/v2\/comments?post=2722"}],"version-history":[{"count":4,"href":"https:\/\/www.ottomschwarz.com\/en\/wp-json\/wp\/v2\/pages\/2722\/revisions"}],"predecessor-version":[{"id":5421,"href":"https:\/\/www.ottomschwarz.com\/en\/wp-json\/wp\/v2\/pages\/2722\/revisions\/5421"}],"up":[{"embeddable":true,"href":"https:\/\/www.ottomschwarz.com\/en\/wp-json\/wp\/v2\/pages\/2715"}],"wp:attachment":[{"href":"https:\/\/www.ottomschwarz.com\/en\/wp-json\/wp\/v2\/media?parent=2722"}],"curies":[{"name":"wp","href":"https:\/\/api.w.org\/{rel}","templated":true}]}}