{"id":2723,"date":"2014-03-25T17:56:51","date_gmt":"2014-03-25T15:56:51","guid":{"rendered":"http:\/\/www.ottomschwarz.com\/?page_id=2723"},"modified":"2021-07-08T23:29:13","modified_gmt":"2021-07-08T21:29:13","slug":"ein-strauss-voll-glueck","status":"publish","type":"page","link":"https:\/\/www.ottomschwarz.com\/en\/filmmusic\/filmscores\/ein-strauss-voll-glueck\/","title":{"rendered":"Ein Strau\u00df voll Gl\u00fcck"},"content":{"rendered":"<p class=\"msg\">This content is only available in german.<\/p>\r\n<div class=\"top-box\">\r\n<p>Jahr: 2009 | Produktionsfirma: Neue Deutsche Filmgesellschaft (MDR)<\/p>\r\n<p>H\u00f6rbeispiel (Zusammenschnitt)<br \/> \t<audio id=\"wp_mep_1\" src=\"\/sounds\/filmmusik\/strauss-voll-glueck.mp3\"     controls=\"controls\" preload=\"none\"  >\r\n\t\t\r\n\t\t\r\n\t\t\r\n\t\t\r\n\t\t\r\n\t\t\r\n\t\t\r\n\t<\/audio>\r\n<script type=\"text\/javascript\">\r\njQuery(document).ready(function($) {\r\n\t$('#wp_mep_1').mediaelementplayer({\r\n\t\tm:1\r\n\t\t\r\n\t\t,features: ['playpause','current','progress','duration','volume','tracks','fullscreen']\r\n\t\t,audioWidth:400,audioHeight:30\r\n\t});\r\n});\r\n<\/script>\r\n<\/p>\r\n<\/div>\r\n<h4>Handlung<\/h4>\r\n<p>Mit viel Engagement hat Anna Lehmann nach dem Tod ihres Mannes auf der Insel Amrum eine neue Existenz f\u00fcr sich und ihre beiden Kinder aufgebaut: eine Strau\u00dfenfarm, die die Restaurants der Region mit leckeren Eiern und exotischem Fleisch versorgen soll. Allerdings endet schon die erste Lieferung in einem Desaster. Aufgrund eines Fehlers der Reederei, die den F\u00e4hrbetrieb zum Festland betreibt, kommen die empfindlichen Strau\u00dfeneier allesamt verdorben in den Gastst\u00e4tten an. Da der zynische Reeder Reents sich weigert, angemessenen Schadenersatz zu zahlen und Annas Ruf zu retten, geht die resolute Gesch\u00e4ftsfrau aufs Ganze.<\/p>\r\n\n\t\t\n\t\t<!--BEGIN .toggle -->\n\t\t<div class=\"toggle closed sc\">\n\t\t\t<div class=\"trigger\">Weiterlesen\u2026<span><i class=\"icon-chevron-down\"><\/i><\/span><\/div>\n\t\t\t<div class=\"toggle-pane\"><div class=\"inner-pane\"><\/p>\r\n<p>Mit Hilfe ihres besten Freundes, des Anwalts Matthias, nimmt sie den Kampf gegen den \u00fcberm\u00e4chtigen Reents und dessen gerissenen Winkeladvokaten auf. Janina Hartwig als selbstbewusste Kleinunternehmerin, Michael von Au als gewitzter Anwalt und Gunter Berger als findiger Reeder liefern sich in der Familienkom\u00f6die &#8220;Ein Strau\u00df voll Gl\u00fcck&#8221; ein vergn\u00fcgliches David-gegen-Goliath-Duell. Strau\u00dfenv\u00f6gel auf der Insel Amrum? F\u00fcr die selbstbewusste Anna Lehmann (Janina Hartwig) ist diese Kombination von afrikanischer Tierwelt und norddeutscher Bodenst\u00e4ndigkeit kein Widerspruch, im Gegenteil: Nach dem Tod ihres Mannes hat sie beschlossen, sich und ihren beiden Kindern Laura (Carolyn McGregor) und Paul (Junis Noreick) mit einer professionellen Strau\u00dfenzucht eine neue Existenz aufzubauen. Unterst\u00fctzt von ihrem besten Freund, dem Anwalt Matthias (Michael von Au), und ihrem Schwiegervater (Uwe Friedrichsen), liegen zwei Jahre harter Aufbauarbeit hinter ihr &#8211; nun soll das Gesch\u00e4ft mit den delikaten Eiern und dem feinen Strau\u00dfenfleisch endlich starten. Als Werbema\u00dfnahme und um ihre k\u00fcnftigen Kunden f\u00fcr ihre Produkte zu begeistern, schickt Anna an die umliegenden Restaurants auf dem Festland Strau\u00dfeneier. Doch diese erste Lieferung ger\u00e4t zu einem Desaster. Die Reederei, die den F\u00e4hrbetrieb zum Festland betreibt, hat Annas Steigen zu lange in der Sonne stehen lassen, so dass alle Eier verdorben ihren Bestimmungsort erreichten. Damit ist Annas Ruf nat\u00fcrlich erst einmal ruiniert und ihr Betrieb steht vor dem Bankrott, noch bevor das Gesch\u00e4ft wirklich begonnen hat. Keine Frage, dass sie von dem verantwortlichen Gro\u00dfreeder Fritjof Reents (Gunter Berger) neben einer Entsch\u00e4digung vor allem ein \u00f6ffentliches Schuldeingest\u00e4ndnis verlangt, um das Vertrauen ihrer Kunden zur\u00fcckzugewinnen. Reents, ein zynischer Selfmade-Million\u00e4r, denkt jedoch gar nicht daran, irgendetwas zuzugeben. Es geht ihm dabei gar nicht ums Geld, sondern allein ums Prinzip. Erst als Anna und Matthias in einer aufsehenerregenden Aktion eine seiner F\u00e4hren pf\u00e4nden lassen und der charmante Hamburger Journalist Marc (Florian Fitz), der zu Matthias&#8217; Eifersucht mehr als nur journalistisches Interesse an Anna hat, den Fall auf die Titelseite seiner Zeitung bringt, scheint Reents kalte F\u00fc\u00dfe zu bekommen. Er sieht den bevorstehenden B\u00f6rsengang seines Unternehmens gef\u00e4hrdet. Doch sein vermeintlich gro\u00dfz\u00fcgiges Friedensangebot ist nur ein weiterer Trick, um Anna endg\u00fcltig in die Knie zu zwingen. Mit perfiden Methoden gelingt es ihm sogar, die Bewohner von Amrum gegen die Strau\u00dfenz\u00fcchterin aufzubringen. Allerdings hat der vermeintlich \u00fcberm\u00e4chtige Gro\u00dfreeder den Kampfgeist und den Einfallsreichtum von Anna und ihren Freunden untersch\u00e4tzt. Das zeitlose &#8220;David-gegen-Goliath&#8221;-Motiv erf\u00e4hrt in der Familienkom\u00f6die &#8220;Ein Strau\u00df voll Gl\u00fcck&#8221; eine humorvoll-spannende Modernisierung: Janina Hartwig (&#8220;Um Himmels Willen&#8221;) k\u00e4mpft als resolute Kleinunternehmerin gegen einen scheinbar \u00fcberm\u00e4chtigen Gegner, der von Gunter Berger (&#8220;Immer Wirbel um Marie&#8221;) mit malizi\u00f6ser Hinterh\u00e4ltigkeit verk\u00f6rpert wird. Bei ihrem Duell lassen die beiden sich immer neue, aberwitzige Tricks einfallen, um dem anderen eins auszuwischen. Neben Michael von Au, der als leicht linkischer, aber \u00e4u\u00dferst cleverer Anwalt in einer Paraderolle zu sehen ist, geh\u00f6ren Uwe Friedrichsen und Florian Fitz zum gut aufgelegten Ensemble des Films.<\/p>\r\n<p><\/div><\/div>\n\t\t<\/div> \n\t\t<!--END .toggle -->\r\n<div class=\"row sc\"> <div class=\"six columns content-col sc\"><\/p>\r\n<h4>Filmteam<\/h4>\r\n<p><dl class=\"tabs mobile\"><dd><a href=\"#engine-tab-besetzung\">Besetzung<\/a><\/dd><dd><a href=\"#engine-tab-stab\">Stab<\/a><\/dd><dd><a href=\"#engine-tab-weitere-infos\">Weitere Infos<\/a><\/dd><\/dl><ul class=\"tabs-content contained sc\"> <li id=\"engine-tab-besetzungTab\" class=\"engine-tab\"><\/p>\r\n<ul class=\"cast\">\r\n<li>\r\n<p>Janina Hartwig: \u201eAnna Lehmann\u201c<\/p>\r\n<\/li>\r\n<li>\r\n<p>Michael von Au: \u201eMatthias Dierksen\u201c<\/p>\r\n<\/li>\r\n<li>\r\n<p>Uwe Friedrichsen Opa: \u201eLehmann\u201c<\/p>\r\n<\/li>\r\n<li>\r\n<p>Gunter Berger Fritjof: \u201eReents\u201c<\/p>\r\n<\/li>\r\n<li>\r\n<p>Alexander Radszun: \u201eRechtsanwalt T\u00f6nnsen\u201c<\/p>\r\n<\/li>\r\n<li>\r\n<p>Florian Fitz: \u201eMarc\u201c<\/p>\r\n<\/li>\r\n<li>\r\n<p>Lutger Abeln: \u201eRudi Frankenheimer\u201c<\/p>\r\n<\/li>\r\n<li>\r\n<p>Frank Auerbach: \u201eMetzger\u201c<\/p>\r\n<\/li>\r\n<li>\r\n<p>Arved Birnbaum: \u201eJ\u00f6rn Kallius\u201c<\/p>\r\n<\/li>\r\n<li>\r\n<p>Harald Burmeister: \u201ePer\u201c<\/p>\r\n<\/li>\r\n<li>\r\n<p>Albrecht Ganskopf: \u201eRestaurantbesitzer\u201c<\/p>\r\n<\/li>\r\n<li>\r\n<p>Harrebye-Brandt: \u201e Dormann Mathias\u201c<\/p>\r\n<\/li>\r\n<li>\r\n<p>Frank Jordan: \u201eHolger\u201c<\/p>\r\n<\/li>\r\n<li>\r\n<p>Nina Juraga: \u201eAnja\u201c<\/p>\r\n<\/li>\r\n<li>\r\n<p>Krystian Martinek: \u201eRechtsanwalt Freylinghuysen\u201c<\/p>\r\n<\/li>\r\n<li>\r\n<p>Carolyn McGregor: \u201eLaura Lehmann\u201c<\/p>\r\n<\/li>\r\n<\/ul>\r\n<p><\/li> <li id=\"engine-tab-stabTab\" class=\"engine-tab\"><\/p>\r\n<ul class=\"cast\">\r\n<li>\r\n<p>Kamera: Helge Peyker<\/p>\r\n<\/li>\r\n<li>\r\n<p>Buch: Johannes Lackner<\/p>\r\n<\/li>\r\n<li>\r\n<p>Regie: Helmut Metzger<\/p>\r\n<\/li>\r\n<li>\r\n<p>Musik: Otto M. Schwarz<\/p>\r\n<\/li>\r\n<\/ul>\r\n<p><\/li><li id=\"engine-tab-weitere-infosTab\" class=\"engine-tab\"><\/p>\r\n<ul class=\"cast\">\r\n<li>Keine<\/li>\r\n<\/ul>\r\n<p><\/li><\/ul><\/p>\r\n<p><\/div><div class=\"six columns content-col sc\"><\/p>\r\n<h4>Szenenbilder<\/h4>\r\n<p>ngg_shortcode_0_placeholder<\/p>\r\n<p><\/div> <\/div>","protected":false},"excerpt":{"rendered":"<p>This content is only available in german. Jahr: 2009 | Produktionsfirma: Neue Deutsche Filmgesellschaft (MDR) H\u00f6rbeispiel (Zusammenschnitt) Handlung Mit viel Engagement hat Anna Lehmann nach dem Tod ihres Mannes auf der Insel Amrum eine neue Existenz f\u00fcr sich und ihre beiden Kinder aufgebaut: eine Strau\u00dfenfarm, die die Restaurants der Region mit leckeren Eiern und exotischem [&hellip;]<\/p>\n","protected":false},"author":2,"featured_media":0,"parent":2715,"menu_order":25,"comment_status":"closed","ping_status":"closed","template":"","meta":{"ngg_post_thumbnail":0,"footnotes":""},"class_list":["post-2723","page","type-page","status-publish","hentry"],"_links":{"self":[{"href":"https:\/\/www.ottomschwarz.com\/en\/wp-json\/wp\/v2\/pages\/2723","targetHints":{"allow":["GET"]}}],"collection":[{"href":"https:\/\/www.ottomschwarz.com\/en\/wp-json\/wp\/v2\/pages"}],"about":[{"href":"https:\/\/www.ottomschwarz.com\/en\/wp-json\/wp\/v2\/types\/page"}],"author":[{"embeddable":true,"href":"https:\/\/www.ottomschwarz.com\/en\/wp-json\/wp\/v2\/users\/2"}],"replies":[{"embeddable":true,"href":"https:\/\/www.ottomschwarz.com\/en\/wp-json\/wp\/v2\/comments?post=2723"}],"version-history":[{"count":2,"href":"https:\/\/www.ottomschwarz.com\/en\/wp-json\/wp\/v2\/pages\/2723\/revisions"}],"predecessor-version":[{"id":4492,"href":"https:\/\/www.ottomschwarz.com\/en\/wp-json\/wp\/v2\/pages\/2723\/revisions\/4492"}],"up":[{"embeddable":true,"href":"https:\/\/www.ottomschwarz.com\/en\/wp-json\/wp\/v2\/pages\/2715"}],"wp:attachment":[{"href":"https:\/\/www.ottomschwarz.com\/en\/wp-json\/wp\/v2\/media?parent=2723"}],"curies":[{"name":"wp","href":"https:\/\/api.w.org\/{rel}","templated":true}]}}