{"id":2724,"date":"2014-03-25T17:56:53","date_gmt":"2014-03-25T15:56:53","guid":{"rendered":"http:\/\/www.ottomschwarz.com\/?page_id=2724"},"modified":"2021-07-08T23:30:57","modified_gmt":"2021-07-08T21:30:57","slug":"annas-zweite-chance","status":"publish","type":"page","link":"https:\/\/www.ottomschwarz.com\/en\/filmmusic\/filmscores\/annas-zweite-chance\/","title":{"rendered":"Annas zweite Chance"},"content":{"rendered":"<p class=\"msg\">This content is only available in german.<\/p>\r\n<div class=\"top-box\">\r\n<p>Jahr: 2008\u00a0| Produktionsfirma:\u00a0Lisa Film (ARD, ORF)<\/p>\r\n<p>H\u00f6rbeispiel (Zusammenschnitt)<br \/> \t<audio id=\"wp_mep_1\" src=\"\/sounds\/filmmusik\/annas_chance.mp3\"     controls=\"controls\" preload=\"none\"  >\r\n\t\t\r\n\t\t\r\n\t\t\r\n\t\t\r\n\t\t\r\n\t\t\r\n\t\t\r\n\t<\/audio>\r\n<script type=\"text\/javascript\">\r\njQuery(document).ready(function($) {\r\n\t$('#wp_mep_1').mediaelementplayer({\r\n\t\tm:1\r\n\t\t\r\n\t\t,features: ['playpause','current','progress','duration','volume','tracks','fullscreen']\r\n\t\t,audioWidth:400,audioHeight:30\r\n\t});\r\n});\r\n<\/script>\r\n<\/p>\r\n<a href=\"https:\/\/open.spotify.com\/album\/3zjXZBZLa9kDt3zE7MuKmB?si=2qfYdilfRFOmyyo4jaRvMg\" target=\"_blank\" style=\"background-color:#fff; color: #000\" class=\"button tiny radius sc\"> Spotify <\/a>\r\n<a href=\"http:\/\/www.amazon.de\/dp\/B005QSMMHK\" target=\"_blank\" style=\"background-color:#fff; color: #000\" class=\"button tiny radius sc\"> DVD zum Film <\/a>\r\n<\/div>\r\n<h4>Handlung<\/h4>\r\n<p>Anna Ewald Klahsen, gefeiertes Mitglied der High Society Hamburgs und Gattin eines Topmanagers wird nach dem Millionenbetrug ihres Mannes f\u00fcr den entstandenen Schaden mitverantwortlich gemacht, verliert materiellen Besitz und sozialen Status. In einem Alter wo andere aufh\u00f6ren, sieht sie sich gezwungen neu anzufangen. Anna bekommt eine Chance in v\u00f6llig fremden Umfeld: Als Besitzerin eines Gem\u00fcseladens am Wiener Naschmarkt.<br \/>Wird sie die T\u00fccken des neuen Berufs meistern? Kann sie den hartn\u00e4ckigen Intrigen, ihr den Laden abspenstig zu machen, Paroli bieten? Kann Anna ihre zweite Chance nutzen?<\/p>\r\n\n\t\t\n\t\t<!--BEGIN .toggle -->\n\t\t<div class=\"toggle closed sc\">\n\t\t\t<div class=\"trigger\">Weiterlesen\u2026<span><i class=\"icon-chevron-down\"><\/i><\/span><\/div>\n\t\t\t<div class=\"toggle-pane\"><div class=\"inner-pane\"><\/p>\r\n<p>Sie kann. Und Hilfe erh\u00e4lt sie von dem etwas schlitzohrigen aber \u00fcberaus sympathischen Bernhard. Er weist sie in das neue Leben ein und verr\u00e4t ihr Tricks, wie sie am Naschmarkt \u00fcberleben kann. Anna muss viele Strapazen, Erniedrigungen und Intrigen durchstehen und oft ist sie knapp davor aufzugeben. Doch sie ist willensstark. Das bemerken auch die benachbarten Standbesitzer am Naschmarkt und bewundern sie f\u00fcr ihre Kraft und ihren Ideenreichtum.<\/p>\r\n<p>Selbst die gemeinen Tricks und durchaus kriminellen Aktionen ihres Widersachers Charly k\u00f6nnen sie nicht einsch\u00fcchtern. Anna besinnt sich auf ihre St\u00e4rken und setzt diese gekonnt ein. Nach anf\u00e4nglichen Schwierigkeiten findet Anna schlie\u00dflich auch Freunde. Besonders wachsen ihr ein frecher Junge und seine Mutter Maria ans Herz.<\/p>\r\n<p>Als diese knapp davor steht ihre Segelschule an der der alten Donau zu verlieren, findet Anna einen Weg das zu verhindern. Gemeinsam sind sie stark. Doch was f\u00fcr ein Spiel spielt Bernhard? Was hat er mit Charly zu besprechen? Was verbindet ihn mit Anna\u00b4s gr\u00f6\u00dftem Widersacher? Kann sie Bernhard, f\u00fcr den sie mehr als nur Freundschaft hegt, noch vertrauen?<\/p>\r\n<p><\/div><\/div>\n\t\t<\/div> \n\t\t<!--END .toggle -->\r\n<div class=\"row sc\"> <div class=\"six columns content-col sc\"><\/p>\r\n<h4>Filmteam<\/h4>\r\n<p><dl class=\"tabs mobile\"><dd><a href=\"#engine-tab-besetzung\">Besetzung<\/a><\/dd><dd><a href=\"#engine-tab-stab\">Stab<\/a><\/dd><dd><a href=\"#engine-tab-weitere-infos\">Weitere Infos<\/a><\/dd><\/dl><ul class=\"tabs-content contained sc\"> <li id=\"engine-tab-besetzungTab\" class=\"engine-tab\"><\/p>\r\n<ul class=\"cast\">\r\n<li>\r\n<p>Christiane H\u00f6rbiger: \u201eAnna Ewald-Klahsen\u201c<\/p>\r\n<\/li>\r\n<li>\r\n<p>Friedrich von Thun: \u201eBernhard Jeschke\u201c<\/p>\r\n<\/li>\r\n<li>\r\n<p>Erwin Steinhauer: \u201eCharly Seckar\u201c<\/p>\r\n<\/li>\r\n<li>\r\n<p>Susi Stach: \u201eLiesi Sch\u00e4uber\u201c<\/p>\r\n<\/li>\r\n<li>\r\n<p>Anna Mertin: \u201eFrau Bruckner\u201c<\/p>\r\n<\/li>\r\n<li>\r\n<p>Simon Morze: \u201eBenni Fichtner\u201c<\/p>\r\n<\/li>\r\n<li>\r\n<p>Petra Morz\u00e9: \u201eMaria Fichtner\u201c<\/p>\r\n<\/li>\r\n<li>\r\n<p>Bernd Birkhahn: \u201eSpannberger\u201c<\/p>\r\n<\/li>\r\n<li>\r\n<p>Doina Weber: \u201eSilke\u201c<\/p>\r\n<\/li>\r\n<li>\r\n<p>Rainer Frieb: \u201eHorst\u201c<\/p>\r\n<\/li>\r\n<li>\r\n<p>Erich Padalewski: \u201eAlfred Goldner\u201c<\/p>\r\n<\/li>\r\n<li>\r\n<p>Marianne Mendt: \u201eHeidi Dolesch\u201c<\/p>\r\n<\/li>\r\n<\/ul>\r\n<p><\/li> <li id=\"engine-tab-stabTab\" class=\"engine-tab\"><\/p>\r\n<ul class=\"cast\">\r\n<li>\r\n<p>Drehbuch: Sascha Bigler, Susanne Freund<\/p>\r\n<\/li>\r\n<li>\r\n<p>Regie: Karsten Wichniarz<\/p>\r\n<\/li>\r\n<li>\r\n<p>Musik: Otto M. Schwarz<\/p>\r\n<\/li>\r\n<li>\r\n<p>Kamera: Hermann Dunzendorfer<\/p>\r\n<\/li>\r\n<li>\r\n<p>Herstellungsleiter: Alfred Strobl<\/p>\r\n<\/li>\r\n<li>\r\n<p>Produktionsleiter: Robert Opratko<\/p>\r\n<\/li>\r\n<li>\r\n<p>Aufnahmeleiter: Roman Haschberger<\/p>\r\n<\/li>\r\n<li>\r\n<p>Tonmeister: Thomas Szabolcs<\/p>\r\n<\/li>\r\n<li>\r\n<p>Ausstattung: Bertram Reiter<\/p>\r\n<\/li>\r\n<li>\r\n<p>Kost\u00fcm: Caterina Czepek<\/p>\r\n<\/li>\r\n<li>\r\n<p>Schnitt: Uschi Erber<\/p>\r\n<\/li>\r\n<li>\r\n<p>Maske: Martin Geisler<\/p>\r\n<\/li>\r\n<\/ul>\r\n<p><\/li><li id=\"engine-tab-weitere-infosTab\" class=\"engine-tab\"><\/p>\r\n<ul class=\"cast\">\r\n<li>Diva Award 2009<\/li>\r\n<\/ul>\r\n<p><\/li><\/ul><\/p>\r\n<p><\/div><div class=\"six columns content-col sc\"><\/p>\r\n<h4>Szenenbilder<\/h4>\r\n<p>ngg_shortcode_0_placeholder<\/p>\r\n<p><\/div> <\/div>","protected":false},"excerpt":{"rendered":"<p>This content is only available in german. Jahr: 2008\u00a0| Produktionsfirma:\u00a0Lisa Film (ARD, ORF) H\u00f6rbeispiel (Zusammenschnitt) Handlung Anna Ewald Klahsen, gefeiertes Mitglied der High Society Hamburgs und Gattin eines Topmanagers wird nach dem Millionenbetrug ihres Mannes f\u00fcr den entstandenen Schaden mitverantwortlich gemacht, verliert materiellen Besitz und sozialen Status. In einem Alter wo andere aufh\u00f6ren, sieht sie [&hellip;]<\/p>\n","protected":false},"author":2,"featured_media":0,"parent":2715,"menu_order":26,"comment_status":"closed","ping_status":"closed","template":"","meta":{"ngg_post_thumbnail":0,"footnotes":""},"class_list":["post-2724","page","type-page","status-publish","hentry"],"_links":{"self":[{"href":"https:\/\/www.ottomschwarz.com\/en\/wp-json\/wp\/v2\/pages\/2724","targetHints":{"allow":["GET"]}}],"collection":[{"href":"https:\/\/www.ottomschwarz.com\/en\/wp-json\/wp\/v2\/pages"}],"about":[{"href":"https:\/\/www.ottomschwarz.com\/en\/wp-json\/wp\/v2\/types\/page"}],"author":[{"embeddable":true,"href":"https:\/\/www.ottomschwarz.com\/en\/wp-json\/wp\/v2\/users\/2"}],"replies":[{"embeddable":true,"href":"https:\/\/www.ottomschwarz.com\/en\/wp-json\/wp\/v2\/comments?post=2724"}],"version-history":[{"count":3,"href":"https:\/\/www.ottomschwarz.com\/en\/wp-json\/wp\/v2\/pages\/2724\/revisions"}],"predecessor-version":[{"id":4494,"href":"https:\/\/www.ottomschwarz.com\/en\/wp-json\/wp\/v2\/pages\/2724\/revisions\/4494"}],"up":[{"embeddable":true,"href":"https:\/\/www.ottomschwarz.com\/en\/wp-json\/wp\/v2\/pages\/2715"}],"wp:attachment":[{"href":"https:\/\/www.ottomschwarz.com\/en\/wp-json\/wp\/v2\/media?parent=2724"}],"curies":[{"name":"wp","href":"https:\/\/api.w.org\/{rel}","templated":true}]}}