{"id":2725,"date":"2014-03-25T17:56:56","date_gmt":"2014-03-25T15:56:56","guid":{"rendered":"http:\/\/www.ottomschwarz.com\/?page_id=2725"},"modified":"2023-01-03T15:52:05","modified_gmt":"2023-01-03T13:52:05","slug":"birdstrike","status":"publish","type":"page","link":"https:\/\/www.ottomschwarz.com\/en\/filmmusic\/filmscores\/birdstrike\/","title":{"rendered":"Birdstrike"},"content":{"rendered":"<p class=\"msg\">This content is only available in german.<\/p>\r\n<div class=\"top-box\">\r\n<p>Jahr: 2008&nbsp;| Produktionsfirma:&nbsp;Filmakademie BW<\/p>\r\n<p>H\u00f6rbeispiel (Zusammenschnitt)<\/p>\r\n\t<audio id=\"wp_mep_1\" src=\"\/sounds\/filmmusik\/birdstrike.mp3\"     controls=\"controls\" preload=\"none\"  >\r\n\t\t\r\n\t\t\r\n\t\t\r\n\t\t\r\n\t\t\r\n\t\t\r\n\t\t\r\n\t<\/audio>\r\n<script type=\"text\/javascript\">\r\njQuery(document).ready(function($) {\r\n\t$('#wp_mep_1').mediaelementplayer({\r\n\t\tm:1\r\n\t\t\r\n\t\t,features: ['playpause','current','progress','duration','volume','tracks','fullscreen']\r\n\t\t,audioWidth:400,audioHeight:30\r\n\t});\r\n});\r\n<\/script>\r\n\r\n<\/div>\r\n<h4>Handlung<\/h4>\r\n<p>Wenn Flugzeuge auf V\u00f6gel treffen, ziehen die V\u00f6gel meistens den K\u00fcrzeren. Doch was wenn das Flugzeug kleiner ist als der Vogel?<\/p>\r\n<p>Der 6-min\u00fctige computer-animierte Kurzfilm Birdstrike entstand im Rahmen der Filmgestaltung 2 an der Filmakademie Baden-W\u00fcrttemberg.<\/p>\r\n<div class=\"row sc\"> <div class=\"six columns content-col sc\"><\/p>\r\n<h4>Filmteam<\/h4>\r\n<p><dl class=\"tabs mobile\"><dd><a href=\"#engine-tab-besetzung\">Besetzung<\/a><\/dd><dd><a href=\"#engine-tab-stab\">Stab<\/a><\/dd><dd><a href=\"#engine-tab-weitere-infos\">Weitere Infos<\/a><\/dd><\/dl><ul class=\"tabs-content contained sc\"> <li id=\"engine-tab-besetzungTab\" class=\"engine-tab\"><\/p>\r\n<ul class=\"cast\">\r\n\t<li>Animation<\/li>\r\n<\/ul>\r\n<p><\/li> <li id=\"engine-tab-stabTab\" class=\"engine-tab\"><\/p>\r\n<ul class=\"cast\">\r\n\t<li>\r\n<p>Regie: Johannes Schiehsl<\/p>\r\n<\/li>\r\n\t<li>\r\n<p>Animation: Johannes Schiehsl<\/p>\r\n<\/li>\r\n\t<li>\r\n<p>Musik: Otto M. Schwarz<\/p>\r\n<\/li>\r\n<\/ul>\r\n<p><\/li><li id=\"engine-tab-weitere-infosTab\" class=\"engine-tab\"><\/p>\r\n<ul class=\"cast\">\r\n\t<li>Keine<\/li>\r\n<\/ul>\r\n<p><\/li><\/ul><\/p>\r\n<h4>Szenenbilder<\/h4>\r\n\r\nngg_shortcode_0_placeholder\r\n\r\n<p><\/div><div class=\"six columns content-col sc\"><\/p>\r\n<h4>Trailer<\/h4>\r\n<div class=\"lyte-wrapper fourthree\" style=\"width:640px;max-width:100%;margin:5px;\"><div class=\"lyMe\" id=\"WYL_AtnL9E-bgRQ\"><div id=\"lyte_AtnL9E-bgRQ\" data-src=\"\/\/i.ytimg.com\/vi\/AtnL9E-bgRQ\/hqdefault.jpg\" class=\"pL\"><div class=\"tC\"><div class=\"tT\"><\/div><\/div><div class=\"play\"><\/div><div class=\"ctrl\"><div class=\"Lctrl\"><\/div><div class=\"Rctrl\"><\/div><\/div><\/div><noscript><a href=\"https:\/\/youtu.be\/AtnL9E-bgRQ\" rel=\"nofollow\"><img loading=\"lazy\" decoding=\"async\" src=\"https:\/\/i.ytimg.com\/vi\/AtnL9E-bgRQ\/0.jpg\" alt=\"YouTube video thumbnail\" width=\"640\" height=\"460\" \/><\/a><\/noscript><\/div><\/div><div class=\"lL\" style=\"max-width:100%;width:640px;margin:5px;\"> <a href=\"https:\/\/youtu.be\/AtnL9E-bgRQ\" target=\"_blank\">Watch this video on YouTube<\/a>.<\/div><\/p>\r\n<p><\/div> <\/div>","protected":false},"excerpt":{"rendered":"<p>This content is only available in german. Jahr: 2008&nbsp;| Produktionsfirma:&nbsp;Filmakademie BW H\u00f6rbeispiel (Zusammenschnitt) Handlung Wenn Flugzeuge auf V\u00f6gel treffen, ziehen die V\u00f6gel meistens den K\u00fcrzeren. Doch was wenn das Flugzeug kleiner ist als der Vogel? Der 6-min\u00fctige computer-animierte Kurzfilm Birdstrike entstand im Rahmen der Filmgestaltung 2 an der Filmakademie Baden-W\u00fcrttemberg.<\/p>\n","protected":false},"author":2,"featured_media":0,"parent":2715,"menu_order":27,"comment_status":"closed","ping_status":"closed","template":"","meta":{"ngg_post_thumbnail":0,"footnotes":""},"class_list":["post-2725","page","type-page","status-publish","hentry"],"_links":{"self":[{"href":"https:\/\/www.ottomschwarz.com\/en\/wp-json\/wp\/v2\/pages\/2725","targetHints":{"allow":["GET"]}}],"collection":[{"href":"https:\/\/www.ottomschwarz.com\/en\/wp-json\/wp\/v2\/pages"}],"about":[{"href":"https:\/\/www.ottomschwarz.com\/en\/wp-json\/wp\/v2\/types\/page"}],"author":[{"embeddable":true,"href":"https:\/\/www.ottomschwarz.com\/en\/wp-json\/wp\/v2\/users\/2"}],"replies":[{"embeddable":true,"href":"https:\/\/www.ottomschwarz.com\/en\/wp-json\/wp\/v2\/comments?post=2725"}],"version-history":[{"count":2,"href":"https:\/\/www.ottomschwarz.com\/en\/wp-json\/wp\/v2\/pages\/2725\/revisions"}],"predecessor-version":[{"id":5423,"href":"https:\/\/www.ottomschwarz.com\/en\/wp-json\/wp\/v2\/pages\/2725\/revisions\/5423"}],"up":[{"embeddable":true,"href":"https:\/\/www.ottomschwarz.com\/en\/wp-json\/wp\/v2\/pages\/2715"}],"wp:attachment":[{"href":"https:\/\/www.ottomschwarz.com\/en\/wp-json\/wp\/v2\/media?parent=2725"}],"curies":[{"name":"wp","href":"https:\/\/api.w.org\/{rel}","templated":true}]}}