{"id":2726,"date":"2014-03-25T17:56:57","date_gmt":"2014-03-25T15:56:57","guid":{"rendered":"http:\/\/www.ottomschwarz.com\/?page_id=2726"},"modified":"2016-02-03T19:54:03","modified_gmt":"2016-02-03T17:54:03","slug":"zwei-herzen-und-ein-edelweiss","status":"publish","type":"page","link":"https:\/\/www.ottomschwarz.com\/en\/filmmusic\/filmscores\/zwei-herzen-und-ein-edelweiss\/","title":{"rendered":"Zwei Herzen und ein Edelwei\u00df"},"content":{"rendered":"<p class=\"msg\">This content is only available in german.<\/p>\r\n<div class=\"top-box\">\r\n<p>Jahr: 2007\u00a0| Produktionsfirma:\u00a0Ziegler Film (ARD,ORF)<\/p>\r\n<p>H\u00f6rbeispiel (Zusammenschnitt)<br \/> \t<audio id=\"wp_mep_1\" src=\"\/sounds\/filmmusik\/zwei-herzen-und-edelweiss.mp3\"     controls=\"controls\" preload=\"none\"  >\r\n\t\t\r\n\t\t\r\n\t\t\r\n\t\t\r\n\t\t\r\n\t\t\r\n\t\t\r\n\t<\/audio>\r\n<script type=\"text\/javascript\">\r\njQuery(document).ready(function($) {\r\n\t$('#wp_mep_1').mediaelementplayer({\r\n\t\tm:1\r\n\t\t\r\n\t\t,features: ['playpause','current','progress','duration','volume','tracks','fullscreen']\r\n\t\t,audioWidth:400,audioHeight:30\r\n\t});\r\n});\r\n<\/script>\r\n<\/p>\r\n<\/div>\r\n<h4>Handlung<\/h4>\r\n<p>Nach der Scheidung hat Bettina Finke (Julia J\u00e4ger) nur einen Wunsch: Ab nach Italien zu ihrer besten Freundin und mal richtig Urlaub machen mit den Kindern Tom (Paul Metzger) und Lisa (Karla Leipold). Doch vorher m\u00f6chte sie noch ihren Gro\u00dfonkel in Bayern besuchen. Seit ihrer Kindheit war sie nicht mehr auf dem idyllischen Bauernhof. Sehr zum Leidwesen ihrer Mutter Sophie (Gaby Dohm), die eine Jobsuche f\u00fcr vern\u00fcnftiger erachten w\u00fcrde, macht sich Bettina mit den Kindern auf den Weg \u2013 und kommt gerade rechtzeitig zur Beisetzung von Onkel Gustav. Als ihr der Nachlassverwalter Dr. Steinbach (Paul Fa\u00dfnacht) er\u00f6ffnet, dass der Hof nun ihr geh\u00f6rt, ist Bettina ratlos. Nur Karl (Peter Mitterrutzner), Onkel Gustavs alter Freund und Hofverwalter, ist sichtlich erfreut, hegt er doch die Hoffnung, dass der Hof nun nicht an eine Autohaus-Kette und ihren zwielichtigen Makler (Florian Fitz) verschachert wird. Doch Bettina hat nur ein Ziel: den Bauernhof schnellstm\u00f6glich zu verkaufen. Nat\u00fcrlich w\u00fcrde auch sie gern den Hof erhalten, ist es doch der Ort ihrer Kindheitserinnerungen. Die M\u00e4ngel an dem alten Gem\u00e4uer sind jedoch offensichtlich. Als Brandstifter die Scheune niederbrennen, ist Bettina endg\u00fcltig bereit, an die Autohaus-Kette zu ver\u00e4u\u00dfern. Doch da ist Martin (Sascha Hehn) zur Stelle, Bettinas heimliche Liebe aus Teenager-Zeiten. Der Tankstellenbesitzer rettet die Scheune und l\u00e4sst Bettina ihr altes Gro\u00dfstadt-Leben vergessen.<\/p>\r\n<div class=\"row sc\"> <div class=\"six columns content-col sc\"><\/p>\r\n<h4>Filmteam<\/h4>\r\n<p><dl class=\"tabs mobile\"><dd><a href=\"#engine-tab-besetzung\">Besetzung<\/a><\/dd><dd><a href=\"#engine-tab-stab\">Stab<\/a><\/dd><dd><a href=\"#engine-tab-weitere-infos\">Weitere Infos<\/a><\/dd><\/dl><ul class=\"tabs-content contained sc\"> <li id=\"engine-tab-besetzungTab\" class=\"engine-tab\"><\/p>\r\n<ul class=\"cast\">\r\n<li>\r\n<p>Julia J\u00e4ger<\/p>\r\n<\/li>\r\n<li>\r\n<p>Sascha Hehn<\/p>\r\n<\/li>\r\n<li>\r\n<p>Gaby Dohm<\/p>\r\n<\/li>\r\n<li>\r\n<p>Paul Fa\u00dfnacht<\/p>\r\n<\/li>\r\n<li>\r\n<p>Karla Leipold<\/p>\r\n<\/li>\r\n<li>\r\n<p>Peter Mitterrutzner<\/p>\r\n<\/li>\r\n<li>\r\n<p>Paul Metzger<\/p>\r\n<\/li>\r\n<\/ul>\r\n<p><\/li> <li id=\"engine-tab-stabTab\" class=\"engine-tab\"><\/p>\r\n<ul class=\"cast\">\r\n<li>\r\n<p>Regie: Helmut Metzger<\/p>\r\n<\/li>\r\n<li>\r\n<p>Buch: Mathias Klaschka<\/p>\r\n<\/li>\r\n<li>\r\n<p>Musik: Otto M. Schwarz<\/p>\r\n<\/li>\r\n<li>\r\n<p>Schnitt: Gaby Seyfried<\/p>\r\n<\/li>\r\n<li>\r\n<p>Szenografie: Christian M\u00fcller<\/p>\r\n<\/li>\r\n<li>\r\n<p>Kamera: Zivko Zalar<\/p>\r\n<\/li>\r\n<li>\r\n<p>Produktionsleitung: Richard Wennemann<\/p>\r\n<\/li>\r\n<li>\r\n<p>Produzent: Tanja Ziegler, Rita Serra-Roll<\/p>\r\n<\/li>\r\n<li>\r\n<p>Herstellungsleitung: Gregori Winkowski<\/p>\r\n<\/li>\r\n<li>\r\n<p>Producer: Eva Roebling<\/p>\r\n<\/li>\r\n<li>\r\n<p>Redaktion: Renate Michel, Degeto<\/p>\r\n<\/li>\r\n<\/ul>\r\n<p><\/li><li id=\"engine-tab-weitere-infosTab\" class=\"engine-tab\"><\/p>\r\n<ul class=\"cast\">\r\n<li>Keine<\/li>\r\n<\/ul>\r\n<p><\/li><\/ul><\/p>\r\n<p><\/div><div class=\"six columns content-col sc\"><\/p>\r\n<h4>Szenenbilder<\/h4>\r\n<p>Keine<\/p>\r\n<p><\/div> <\/div>","protected":false},"excerpt":{"rendered":"<p>This content is only available in german. Jahr: 2007\u00a0| Produktionsfirma:\u00a0Ziegler Film (ARD,ORF) H\u00f6rbeispiel (Zusammenschnitt) Handlung Nach der Scheidung hat Bettina Finke (Julia J\u00e4ger) nur einen Wunsch: Ab nach Italien zu ihrer besten Freundin und mal richtig Urlaub machen mit den Kindern Tom (Paul Metzger) und Lisa (Karla Leipold). Doch vorher m\u00f6chte sie noch ihren Gro\u00dfonkel [&hellip;]<\/p>\n","protected":false},"author":2,"featured_media":0,"parent":2715,"menu_order":28,"comment_status":"closed","ping_status":"closed","template":"","meta":{"ngg_post_thumbnail":0,"footnotes":""},"class_list":["post-2726","page","type-page","status-publish","hentry"],"_links":{"self":[{"href":"https:\/\/www.ottomschwarz.com\/en\/wp-json\/wp\/v2\/pages\/2726","targetHints":{"allow":["GET"]}}],"collection":[{"href":"https:\/\/www.ottomschwarz.com\/en\/wp-json\/wp\/v2\/pages"}],"about":[{"href":"https:\/\/www.ottomschwarz.com\/en\/wp-json\/wp\/v2\/types\/page"}],"author":[{"embeddable":true,"href":"https:\/\/www.ottomschwarz.com\/en\/wp-json\/wp\/v2\/users\/2"}],"replies":[{"embeddable":true,"href":"https:\/\/www.ottomschwarz.com\/en\/wp-json\/wp\/v2\/comments?post=2726"}],"version-history":[{"count":2,"href":"https:\/\/www.ottomschwarz.com\/en\/wp-json\/wp\/v2\/pages\/2726\/revisions"}],"predecessor-version":[{"id":3639,"href":"https:\/\/www.ottomschwarz.com\/en\/wp-json\/wp\/v2\/pages\/2726\/revisions\/3639"}],"up":[{"embeddable":true,"href":"https:\/\/www.ottomschwarz.com\/en\/wp-json\/wp\/v2\/pages\/2715"}],"wp:attachment":[{"href":"https:\/\/www.ottomschwarz.com\/en\/wp-json\/wp\/v2\/media?parent=2726"}],"curies":[{"name":"wp","href":"https:\/\/api.w.org\/{rel}","templated":true}]}}