{"id":2727,"date":"2014-03-25T17:57:01","date_gmt":"2014-03-25T15:57:01","guid":{"rendered":"http:\/\/www.ottomschwarz.com\/?page_id=2727"},"modified":"2021-07-08T23:46:18","modified_gmt":"2021-07-08T21:46:18","slug":"agathe-kanns-nicht-lassen-i-mord-im-kloster","status":"publish","type":"page","link":"https:\/\/www.ottomschwarz.com\/en\/filmmusic\/filmscores\/agathe-kanns-nicht-lassen-i-mord-im-kloster\/","title":{"rendered":"Agathe kann&#8217;s nicht lassen I &#8211; Mord im Kloster"},"content":{"rendered":"<p class=\"msg\">This content is only available in german.<\/p>\r\n<div class=\"top-box\">\r\n<p>Jahr: 2005\u00a0| Produktionsfirma:\u00a0Lisa Film (ARD, ORF)<\/p>\r\n<p>H\u00f6rbeispiel (Zusammenschnitt)<br \/> \t<audio id=\"wp_mep_1\" src=\"\/sounds\/filmmusik\/agathe-kanns_nicht-lassen_1-5.mp3\"     controls=\"controls\" preload=\"none\"  >\r\n\t\t\r\n\t\t\r\n\t\t\r\n\t\t\r\n\t\t\r\n\t\t\r\n\t\t\r\n\t<\/audio>\r\n<script type=\"text\/javascript\">\r\njQuery(document).ready(function($) {\r\n\t$('#wp_mep_1').mediaelementplayer({\r\n\t\tm:1\r\n\t\t\r\n\t\t,features: ['playpause','current','progress','duration','volume','tracks','fullscreen']\r\n\t\t,audioWidth:400,audioHeight:30\r\n\t});\r\n});\r\n<\/script>\r\n<\/p>\r\n<a href=\"http:\/\/www.amazon.de\/dp\/B000G1TE8W\" target=\"_blank\" style=\"background-color:#fff; color: #000\" class=\"button tiny radius sc\">Soundtrack (CD)<\/a>\r\n<a href=\"http:\/\/www.amazon.de\/dp\/B001UNQSSO\" target=\"_blank\" style=\"background-color:#fff; color: #000\" class=\"button tiny radius sc\"> DVD zum Film <\/a>\r\n<\/div>\r\n<h4>Handlung<\/h4>\r\n<p>Im Kloster Marienfeld wird ein M\u00f6nch tot in der Bibliothek aufgefunden. Er scheint von einem umgest\u00fcrzten Regal erschlagen worden zu sein. In seiner Hand befinden sich vermeintlich originale Notenbl\u00e4tter von Mozart. Buchh\u00e4ndler Stingermann (Hans Peter Korff), Agathes guter Freund (Hans Peter Korff), der ihr oft bei ihren Ermittlungsf\u00e4llen mit kriminalistischem Sp\u00fcrsinn hilfreich zur Seite steht, wird wenig sp\u00e4ter als Experte f\u00fcr antiquarische Schriften zu einem musikalischen Kolloquium ins Kloster geladen. Der Abt der heiligen St\u00e4tte will eine bisher unbekannte Komposition von Wolfgang Amadeus Mozart vorstellen \u2013 eine Sensation! Vor Ort trifft Stingermann unerwartet auf Agathe (Ruth Drexel), die sich \u2013 als Nonne verkleidet \u2013 Zugang in das Kloster verschafft hat, um vor Ort Nachforschungen in dem geheimnisvollen Todesfall anzustellen.<\/p>\r\n\n\t\t\n\t\t<!--BEGIN .toggle -->\n\t\t<div class=\"toggle closed sc\">\n\t\t\t<div class=\"trigger\">Weiterlesen\u2026<span><i class=\"icon-chevron-down\"><\/i><\/span><\/div>\n\t\t\t<div class=\"toggle-pane\"><div class=\"inner-pane\"><\/p>\r\n<p>Kurze Zeit sp\u00e4ter wird der M\u00f6nch Markus (Konstantin Moreth) erschlagen in der Bibliothek aufgefunden. Gleichzeitig sind die wertvollen Notenbl\u00e4tter nicht mehr aufzufinden. Agathes Sp\u00fcrsinn ist geweckt und gegen den Willen von Kommissar Krefeldt (Maximilian Kr\u00fcckl) mischt sie sich in die Ermittlungen ein und stellt Nachforschungen an. Verd\u00e4chtig sind vor allem jene Personen, die sich w\u00e4hrend des Mordes im Kloster aufgehalten haben. Abgesehen von den M\u00f6nchen kommen damit die Musikwissenschaftlerin Monika Pfister (Nicole Beutler), der Komponist Rudolf Heinze (Florian Fitz) und der Pianist Friedrich Falkenberg (Karlheinz Hackl), aber auch Hotelier Max Bieringer (Wolfgang M\u00fcller) und die Musikverlegerin Beatrice Schilling (Andrea Eckert) als T\u00e4ter in Frage.<\/p>\r\n<p>Zun\u00e4chst f\u00e4llt der Verdacht auf Bieringer, der schon seit langem versucht, dem Kloster Grund abzukaufen. Mit originalen Notenbl\u00e4ttern von Mozart st\u00fcnde dem Kloster so viel Geld zur Verf\u00fcgung, dass der Abt den Verkauf mit Sicherheit abgelehnt h\u00e4tte. Damit hat Bieringer ein stichfestes Motiv. F\u00fcr Agathe bleibt jedoch fraglich, wie er sich in der Mordnacht Zugang zum Kloster verschafft haben soll.<\/p>\r\n<p>Als dann noch der Abt tot aufgefunden wird und sich herausstellt, dass es sich bei den Schriftst\u00fccken um eine F\u00e4lschung handelt, wendet sich das Blatt schlagartig. Nun geraten Manuela Pfister, der Komponist Heinze und Pianist Falkenberg ins Visier von Agathe. Um weitere Morde zu verhindern, muss Agathe jetzt schnell reagieren.<\/p>\r\n<p><\/div><\/div>\n\t\t<\/div> \n\t\t<!--END .toggle -->\r\n<div class=\"row sc\"> <div class=\"six columns content-col sc\"><\/p>\r\n<h4>Filmteam<\/h4>\r\n<p><dl class=\"tabs mobile\"><dd><a href=\"#engine-tab-besetzung\">Besetzung<\/a><\/dd><dd><a href=\"#engine-tab-stab\">Stab<\/a><\/dd><dd><a href=\"#engine-tab-weitere-infos\">Weitere Infos<\/a><\/dd><\/dl><ul class=\"tabs-content contained sc\"> <li id=\"engine-tab-besetzungTab\" class=\"engine-tab\"><\/p>\r\n<ul class=\"cast\">\r\n<li>\r\n<p>Ruth Drexel: \u201eAgathe Heiland\u201c<\/p>\r\n<\/li>\r\n<li>\r\n<p>Hans-Peter Korff: \u201eCornelius Stingermann\u201c<\/p>\r\n<\/li>\r\n<li>\r\n<p>Maximilian Kr\u00fcckl: \u201eKommissar Krefeldt\u201c<\/p>\r\n<\/li>\r\n<li>\r\n<p>Michael Mendl: \u201eAbt\u201c<\/p>\r\n<\/li>\r\n<li>\r\n<p>Wolfgang M\u00fcller: \u201eMax Bieringer\u201c<\/p>\r\n<\/li>\r\n<li>\r\n<p>Andrea Eckert: \u201eBeatrice Schilling\u201c<\/p>\r\n<\/li>\r\n<li>\r\n<p>Florian Fitz: \u201eRudolf Heinze\u201c<\/p>\r\n<\/li>\r\n<li>\r\n<p>Karl Heinz Hackl: \u201eFriedrich Falkenberg\u201c<\/p>\r\n<\/li>\r\n<li>\r\n<p>Nicole Beutler: \u201eManuela Pfister\u201c<\/p>\r\n<\/li>\r\n<\/ul>\r\n<p><\/li> <li id=\"engine-tab-stabTab\" class=\"engine-tab\"><\/p>\r\n<ul class=\"cast\">\r\n<li>\r\n<p>Regie: Max Kr\u00fcckl &amp; Helmut Metzger<\/p>\r\n<\/li>\r\n<li>\r\n<p>Drehbuch: Max Kr\u00fcckl &amp; Helmut Metzger<\/p>\r\n<\/li>\r\n<li>\r\n<p>Musik: Otto M. Schwarz<\/p>\r\n<\/li>\r\n<li>\r\n<p>Kamera: Helge Peyker<\/p>\r\n<\/li>\r\n<li>\r\n<p>Herstellungsleiter: Alfred Strobl<\/p>\r\n<\/li>\r\n<li>\r\n<p>Produktionsleiter: Carli Morbach<\/p>\r\n<\/li>\r\n<li>\r\n<p>Aufnahmeleiter: Claudia J\u00f6rs<\/p>\r\n<\/li>\r\n<li>\r\n<p>Tonmeister: Heinz Ebner<\/p>\r\n<\/li>\r\n<li>\r\n<p>Ausstattung: Michael K\u00f6ning<\/p>\r\n<\/li>\r\n<li>\r\n<p>Kost\u00fcm: Birgit Hutter<\/p>\r\n<\/li>\r\n<li>\r\n<p>Schnitt: Romy Schumann<\/p>\r\n<\/li>\r\n<li>\r\n<p>Maske: Gerd Reitinger<\/p>\r\n<\/li>\r\n<\/ul>\r\n<p><\/li><li id=\"engine-tab-weitere-infosTab\" class=\"engine-tab\"><\/p>\r\n<ul class=\"cast\">\r\n<li>\r\n<p>Drehorte: Region Achensee\/ Tirol, Ober\u00f6sterreich, M\u00fcnchen und Umgebung<\/p>\r\n<\/li>\r\n<\/ul>\r\n<p><\/li><\/ul><\/p>\r\n<p><\/div><div class=\"six columns content-col sc\"><\/p>\r\n<h4>Szenenbilder<\/h4>\r\n<p>ngg_shortcode_0_placeholder<\/p>\r\n<p><\/div> <\/div>","protected":false},"excerpt":{"rendered":"<p>This content is only available in german. Jahr: 2005\u00a0| Produktionsfirma:\u00a0Lisa Film (ARD, ORF) H\u00f6rbeispiel (Zusammenschnitt) Handlung Im Kloster Marienfeld wird ein M\u00f6nch tot in der Bibliothek aufgefunden. Er scheint von einem umgest\u00fcrzten Regal erschlagen worden zu sein. In seiner Hand befinden sich vermeintlich originale Notenbl\u00e4tter von Mozart. Buchh\u00e4ndler Stingermann (Hans Peter Korff), Agathes guter Freund [&hellip;]<\/p>\n","protected":false},"author":2,"featured_media":0,"parent":2715,"menu_order":29,"comment_status":"closed","ping_status":"closed","template":"","meta":{"ngg_post_thumbnail":0,"footnotes":""},"class_list":["post-2727","page","type-page","status-publish","hentry"],"_links":{"self":[{"href":"https:\/\/www.ottomschwarz.com\/en\/wp-json\/wp\/v2\/pages\/2727","targetHints":{"allow":["GET"]}}],"collection":[{"href":"https:\/\/www.ottomschwarz.com\/en\/wp-json\/wp\/v2\/pages"}],"about":[{"href":"https:\/\/www.ottomschwarz.com\/en\/wp-json\/wp\/v2\/types\/page"}],"author":[{"embeddable":true,"href":"https:\/\/www.ottomschwarz.com\/en\/wp-json\/wp\/v2\/users\/2"}],"replies":[{"embeddable":true,"href":"https:\/\/www.ottomschwarz.com\/en\/wp-json\/wp\/v2\/comments?post=2727"}],"version-history":[{"count":3,"href":"https:\/\/www.ottomschwarz.com\/en\/wp-json\/wp\/v2\/pages\/2727\/revisions"}],"predecessor-version":[{"id":4509,"href":"https:\/\/www.ottomschwarz.com\/en\/wp-json\/wp\/v2\/pages\/2727\/revisions\/4509"}],"up":[{"embeddable":true,"href":"https:\/\/www.ottomschwarz.com\/en\/wp-json\/wp\/v2\/pages\/2715"}],"wp:attachment":[{"href":"https:\/\/www.ottomschwarz.com\/en\/wp-json\/wp\/v2\/media?parent=2727"}],"curies":[{"name":"wp","href":"https:\/\/api.w.org\/{rel}","templated":true}]}}