{"id":2728,"date":"2014-03-25T17:57:03","date_gmt":"2014-03-25T15:57:03","guid":{"rendered":"http:\/\/www.ottomschwarz.com\/?page_id=2728"},"modified":"2021-07-08T23:45:35","modified_gmt":"2021-07-08T21:45:35","slug":"agathe-kanns-nicht-lassen-ii-alles-oder-nichts","status":"publish","type":"page","link":"https:\/\/www.ottomschwarz.com\/en\/filmmusic\/filmscores\/agathe-kanns-nicht-lassen-ii-alles-oder-nichts\/","title":{"rendered":"Agathe kann&#8217;s nicht lassen II &#8211; Alles oder nichts"},"content":{"rendered":"<p class=\"msg\">This content is only available in german.<\/p>\r\n<div class=\"top-box\">\r\n<p>Jahr: 2005 | Produktionsfirma: Lisa Film (ARD, ORF)<\/p>\r\n<p>H\u00f6rbeispiel (Zusammenschnitt)<br \/> \t<audio id=\"wp_mep_1\" src=\"\/sounds\/filmmusik\/agathe-kanns_nicht-lassen_1-5.mp3\"     controls=\"controls\" preload=\"none\"  >\r\n\t\t\r\n\t\t\r\n\t\t\r\n\t\t\r\n\t\t\r\n\t\t\r\n\t\t\r\n\t<\/audio>\r\n<script type=\"text\/javascript\">\r\njQuery(document).ready(function($) {\r\n\t$('#wp_mep_1').mediaelementplayer({\r\n\t\tm:1\r\n\t\t\r\n\t\t,features: ['playpause','current','progress','duration','volume','tracks','fullscreen']\r\n\t\t,audioWidth:400,audioHeight:30\r\n\t});\r\n});\r\n<\/script>\r\n<\/p>\r\n<a href=\"http:\/\/www.amazon.de\/dp\/B000G1TE8W\" target=\"_blank\" style=\"background-color:#fff; color: #000\" class=\"button tiny radius sc\">Soundtrack (CD)<\/a>\r\n<a href=\"http:\/\/www.amazon.de\/dp\/B001UNQSSE\" target=\"_blank\" style=\"background-color:#fff; color: #000\" class=\"button tiny radius sc\"> DVD zum Film <\/a>\r\n<\/div>\r\n<h4>Handlung<\/h4>\r\n<p>Die Hobbykriminalistin Agathe (Ruth Drexel) kann ihr Gl\u00fcck kaum fassen: Bei einem Kreuzwortr\u00e4tsel gewinnt sie einen Wellnessurlaub f\u00fcr zwei Personen nach Achenkirch in Tirol. Kurzerhand l\u00e4dt sie ihren guten Freund Stingermann (Hans Peter Korff) ein, der eher unfreiwillig mit kommt. Im &#8220;Posthotel&#8221; machen die beiden Bekanntschaft mit dem Ehepaar von Klier. Gemeinsam mit seiner Frau Marion (Sonja Kirchberger) und seinem Assistenten Bernd (Gunther Gillian), der gleichzeitig der heimliche Geliebte seiner Ehefrau ist, m\u00f6chte Conrad von Klier (Miguel Herz Kestranek) in Achenkirch ein paar ruhige Tage abseits vom stressigen Alltag als Gesch\u00e4ftsmann verbringen. Doch Agathe wittert schon bald, dass an der tr\u00fcgerischen Idylle etwas nicht zu stimmen scheint. Als Agathe einen heftigen Streit zwischen der Croupier Viola (Doris Schretzmayer) und Conrad von Klier beobachtet, scheint sich ihre Vorahnung zu best\u00e4tigen.<\/p>\r\n\n\t\t\n\t\t<!--BEGIN .toggle -->\n\t\t<div class=\"toggle closed sc\">\n\t\t\t<div class=\"trigger\">Weiterlesen\u2026<span><i class=\"icon-chevron-down\"><\/i><\/span><\/div>\n\t\t\t<div class=\"toggle-pane\"><div class=\"inner-pane\"><\/p>\r\n<p>Einen Abend sp\u00e4ter macht sie dann einen grausigen Fund: Viola liegt ermordet in einer Abstellkammer des Hotels. Kommissar Krefeldt (Maximilian Kr\u00fcckl), der mit seiner Geliebten Rosi (Dana Golombek) ein paar Tage im selben Wellnesshotel verbringt, wird sofort von Agathe zum Tatort gerufen. Doch auch Agathes Ermittlerinstinkt ist geweckt und zusammen mit ihrem Gehilfen Stingermann begibt sie sich auf die Spur des T\u00e4ters.<\/p>\r\n<p>W\u00e4hrend Kommissar Krefeldt versucht, vom Achenkirchener Dorfpolizisten Brachl (Rainer Egger) die B\u00e4nder der \u00dcberwachungskamera zu besorgen, heftet Stingermann sich an die Fersen von Skilehrer Andy (Christian Spatzek), dem zuk\u00fcnftigen Ehemann der Ermordeten. Gerade als er versucht ihn auszuhorchen, kommt Brachl ihm zuvor und l\u00e4sst Andy verhaften. Doch Agathe ist von Andy B\u00f6hmers Unschuld \u00fcberzeugt. Als sie den jungen Skilehrer und Hotelchauffeur im Gef\u00e4ngnis besucht, best\u00e4tigt er ihren Verdacht, dass Conrad in der Vergangenheit ein Verh\u00e4ltnis mit Viola hatte.<\/p>\r\n<p>Bevor Agathe weitere Ermittlungen anstellen kann, entdeckt sie im Hotelpool eine zweite Leiche &#8211; es ist Conrad von Klier. F\u00fcr Agathe sind mehrere der Hotelg\u00e4ste verd\u00e4chtig und sie schmiedet einen teuflischen Plan: Auf einer H\u00fcttenfeier von Hotelier M\u00fchlheim (Gunther Berger) inszeniert Agathe ihr Showdown.<\/p>\r\n<p><\/div><\/div>\n\t\t<\/div> \n\t\t<!--END .toggle -->\r\n<div class=\"row sc\"> <div class=\"six columns content-col sc\"><\/p>\r\n<h4>Filmteam<\/h4>\r\n<p><dl class=\"tabs mobile\"><dd><a href=\"#engine-tab-besetzung\">Besetzung<\/a><\/dd><dd><a href=\"#engine-tab-stab\">Stab<\/a><\/dd><dd><a href=\"#engine-tab-weitere-infos\">Weitere Infos<\/a><\/dd><\/dl><ul class=\"tabs-content contained sc\"> <li id=\"engine-tab-besetzungTab\" class=\"engine-tab\"><\/p>\r\n<ul class=\"cast\">\r\n<li>Herbert Fux: \u201eCroupier\u201c<\/li>\r\n<li>Ruth Drexel: \u201eAgathe Heiland\u201c<\/li>\r\n<li>Hans-Peter Korff: \u201eCornelius Stingermann\u201c<\/li>\r\n<li>Maximilian Kr\u00fcckl: \u201eKommissar Krefeldt\u201c<\/li>\r\n<li>Gunter Berger: \u201eM\u00fchlheim\u201c<\/li>\r\n<li>Sonja Kirchberger: \u201eMarion von Klier\u201c<\/li>\r\n<li>Miguel Herz-Kestranek: \u201eConrad von Klier\u201c<\/li>\r\n<li>Gunther Gillian: \u201eBernd Teubner\u201c<\/li>\r\n<li>Christian Spatzek: \u201eAndy Boehmer\u201c<\/li>\r\n<li>Rainer Egger: \u201eBrachl\u201c<\/li>\r\n<li>Doris Schretzmayer: \u201eViola\u201c<\/li>\r\n<li>Dana Golombek: \u201eRosi Ballmann\u201c<\/li>\r\n<\/ul>\r\n<p><\/li> <li id=\"engine-tab-stabTab\" class=\"engine-tab\"><\/p>\r\n<ul class=\"cast\">\r\n<li>Regie: Maximilian Kr\u00fcckl &amp;Helmut Metzger<\/li>\r\n<li>Drehbuch: Maximilian Kr\u00fcckl &amp;Helmut Metzger<\/li>\r\n<li>Musik: Otto M. Schwarz<\/li>\r\n<li>Kamera: Helge Peyker<\/li>\r\n<li>Herstellungsleiter: Alfred Strobl<\/li>\r\n<li>Produktionsleiter: Carli Morbach<\/li>\r\n<li>Aufnahmeleiter: Claudia J\u00f6rs<\/li>\r\n<li>Tonmeister: Heinz Ebner<\/li>\r\n<li>Ausstattung: Michael K\u00f6nig<\/li>\r\n<li>Kost\u00fcm: Birgit Hutter<\/li>\r\n<li>Schnitt: Romy Schumann<\/li>\r\n<li>Maske: Gerd Reitinger<\/li>\r\n<\/ul>\r\n<p><\/li><li id=\"engine-tab-weitere-infosTab\" class=\"engine-tab\"><\/p>\r\n<ul class=\"cast\">\r\n<li>Drehorte: Region Achensee\/ Tirol, Ober\u00f6sterreich, M\u00fcnchen und Umgebung<\/li>\r\n<\/ul>\r\n<p><\/li><\/ul><\/p>\r\n<p><\/div><div class=\"six columns content-col sc\"><\/p>\r\n<h4>Szenenbilder<\/h4>\r\n<p>ngg_shortcode_0_placeholder<\/p>\r\n<p><\/div> <\/div>","protected":false},"excerpt":{"rendered":"<p>This content is only available in german. Jahr: 2005 | Produktionsfirma: Lisa Film (ARD, ORF) H\u00f6rbeispiel (Zusammenschnitt) Handlung Die Hobbykriminalistin Agathe (Ruth Drexel) kann ihr Gl\u00fcck kaum fassen: Bei einem Kreuzwortr\u00e4tsel gewinnt sie einen Wellnessurlaub f\u00fcr zwei Personen nach Achenkirch in Tirol. Kurzerhand l\u00e4dt sie ihren guten Freund Stingermann (Hans Peter Korff) ein, der eher [&hellip;]<\/p>\n","protected":false},"author":2,"featured_media":0,"parent":2715,"menu_order":30,"comment_status":"closed","ping_status":"closed","template":"","meta":{"ngg_post_thumbnail":0,"footnotes":""},"class_list":["post-2728","page","type-page","status-publish","hentry"],"_links":{"self":[{"href":"https:\/\/www.ottomschwarz.com\/en\/wp-json\/wp\/v2\/pages\/2728","targetHints":{"allow":["GET"]}}],"collection":[{"href":"https:\/\/www.ottomschwarz.com\/en\/wp-json\/wp\/v2\/pages"}],"about":[{"href":"https:\/\/www.ottomschwarz.com\/en\/wp-json\/wp\/v2\/types\/page"}],"author":[{"embeddable":true,"href":"https:\/\/www.ottomschwarz.com\/en\/wp-json\/wp\/v2\/users\/2"}],"replies":[{"embeddable":true,"href":"https:\/\/www.ottomschwarz.com\/en\/wp-json\/wp\/v2\/comments?post=2728"}],"version-history":[{"count":2,"href":"https:\/\/www.ottomschwarz.com\/en\/wp-json\/wp\/v2\/pages\/2728\/revisions"}],"predecessor-version":[{"id":4507,"href":"https:\/\/www.ottomschwarz.com\/en\/wp-json\/wp\/v2\/pages\/2728\/revisions\/4507"}],"up":[{"embeddable":true,"href":"https:\/\/www.ottomschwarz.com\/en\/wp-json\/wp\/v2\/pages\/2715"}],"wp:attachment":[{"href":"https:\/\/www.ottomschwarz.com\/en\/wp-json\/wp\/v2\/media?parent=2728"}],"curies":[{"name":"wp","href":"https:\/\/api.w.org\/{rel}","templated":true}]}}