{"id":2729,"date":"2014-03-25T17:57:04","date_gmt":"2014-03-25T15:57:04","guid":{"rendered":"http:\/\/www.ottomschwarz.com\/?page_id=2729"},"modified":"2023-01-03T15:37:29","modified_gmt":"2023-01-03T13:37:29","slug":"agathe-kanns-nicht-lassen-iii-die-tote-im-bootshaus","status":"publish","type":"page","link":"https:\/\/www.ottomschwarz.com\/en\/filmmusic\/filmscores\/agathe-kanns-nicht-lassen-iii-die-tote-im-bootshaus\/","title":{"rendered":"Agathe kann&#8217;s nicht lassen III &#8211; Die Tote im Bootshaus"},"content":{"rendered":"<p class=\"msg\">This content is only available in german.<\/p>\r\n<div class=\"top-box\">\r\n<p>Jahr: 2006 | Produktionsfirma: Lisa Film (ARD, ORF)<\/p>\r\n<p>H\u00f6rbeispiel (Zusammenschnitt)<\/p>\r\n\t<audio id=\"wp_mep_1\" src=\"\/sounds\/filmmusik\/agathe-kanns_nicht-lassen_1-5.mp3\"     controls=\"controls\" preload=\"none\"  >\r\n\t\t\r\n\t\t\r\n\t\t\r\n\t\t\r\n\t\t\r\n\t\t\r\n\t\t\r\n\t<\/audio>\r\n<script type=\"text\/javascript\">\r\njQuery(document).ready(function($) {\r\n\t$('#wp_mep_1').mediaelementplayer({\r\n\t\tm:1\r\n\t\t\r\n\t\t,features: ['playpause','current','progress','duration','volume','tracks','fullscreen']\r\n\t\t,audioWidth:400,audioHeight:30\r\n\t});\r\n});\r\n<\/script>\r\n\r\n<a href=\"http:\/\/www.amazon.de\/dp\/B000G1TE8W\" target=\"_blank\" style=\"background-color:#fff; color: #000\" class=\"button tiny radius sc\">Soundtrack (CD)<\/a>\r\n<a href=\"http:\/\/www.amazon.de\/dp\/B001UNQSSY\" target=\"_blank\" style=\"background-color:#fff; color: #000\" class=\"button tiny radius sc\"> DVD zum Film <\/a>\r\n<\/div>\r\n<h4>Handlung<\/h4>\r\n<p>Agathe f\u00e4hrt mit Stingermann \u00fcber das Wochenende mit einem alten Campingwagen an den W\u00f6rthersee. Was sie jedoch nicht wei\u00df ist, dass Krefeld an der gegen\u00fcber liegenden Uferseite bei seinen Freunden Caroline und Thorsten, einem erfolgreichen Bauunternehmer, Carolines 40. Geburtstag feiert. Alte und neue Freunde hat Thorsten eingeladen. Besonders freut Krefeld die Gegenwart der attraktiven Monika, einer Journalistin. Zu fortgeschrittener Stunde kommen sich Krefeld und Monika immer n\u00e4her und unternehmen eine Bootsfahrt am See.<\/p>\r\n<p>Am n\u00e4chsten Tag gibt es jedoch ein b\u00f6ses Erwachen. Die Polizei hat Monikas Leiche in dem kleinen Boot entdeckt. Sie wurde offensichtlich im Bootshaus get\u00f6tet und dann ins Boot gezerrt. Da sie aber Krefelds Krawatte um den Hals tr\u00e4gt, mit ihm zuletzt gesehen wurde, und auf einem Diktierger\u00e4t ihre vermeintlich letzten Worte zu h\u00f6ren sind, wird Krefeld in Untersuchungshaft genommen. Agathe ist das hohe Polizeiaufgebot sofort aufgefallen und neugierig n\u00e4hert sie sich der Villa. Da muss sie mit ansehen wie Krefeld in Handschellen abgef\u00fchrt wird.<\/p>\r\n\n\t\t\n\t\t<!--BEGIN .toggle -->\n\t\t<div class=\"toggle closed sc\">\n\t\t\t<div class=\"trigger\">Weiterlesen\u2026<span><i class=\"icon-chevron-down\"><\/i><\/span><\/div>\n\t\t\t<div class=\"toggle-pane\"><div class=\"inner-pane\"><\/p>\r\n<p>Kommissar Hackl ist sich sicher den T\u00e4ter geschnappt zu haben. Sofort wird Agathe klar, dass sie Krefeld aus der Patsche helfen muss. Sie findet einen Zugang zur Villa \u00fcber die Haush\u00e4lterin Katharina. Die treue Seele des Hauses vermietet Agathe ein Zimmer in der Villa. Nun hat sie die M\u00f6glichkeit Thorsten, seine Frau Caroline und deren Freund, Stadtbaurat L\u00f6ffler, genauer unter die Lupe zu nehmen. Schnell erkennt Agathe, dass Monika einer hei\u00dfen Story auf der Spur war. Sie brachte in Erfahrung, dass L\u00f6ffler und Thorsten korrupte Gesch\u00e4fte f\u00fchrten. Thorstens Frau Caroline hat die Firma von ihrem Vater geerbt und wusste zun\u00e4chst nichts davon.Doch auch sie kam der Sache auf die Spur. Wollte einer der drei verhindern, dass Monika den Artikel \u00fcber die Machenschaften ver\u00f6ffentlicht?<\/p>\r\n<p>Agathe recherchiert in Monikas Redaktion und auf der Baustelle Thorstens. Mehr und mehr ger\u00e4t f\u00fcr sie L\u00f6ffler unter Verdacht. Krefeld wird vor\u00fcbergehend aus Mangel an Beweisen freigelassen, doch Hackl ist von Krefelds Unschuld nicht \u00fcberzeugt. Nun werden Agathe, Krefeld und Stingermann gemeinsam recherchieren. Ein turbulentes Unterfangen. Kurz nach seiner Entlassung macht Krefeld eine grauenhafte Entdeckung: L\u00f6ffler wurde erstochen. Wer hat Interesse Monika und L\u00f6ffler zu t\u00f6ten? Agathe folgt mehreren Spuren. Sie untersucht das Segelboot Monikas, kontrolliert Alibis, recherchiert auf der Baustelle Thorstens. Stingermann agiert, einem gewissen Herrn Watson nicht un\u00e4hnlich, an Agathes Seite und muss daf\u00fcr sogar in eine schummrige Nachtbar.<\/p>\r\n<p><\/div><\/div>\n\t\t<\/div> \n\t\t<!--END .toggle -->\r\n<div class=\"row sc\"> <div class=\"six columns content-col sc\"><\/p>\r\n<h4>Filmteam<\/h4>\r\n<p><dl class=\"tabs mobile\"><dd><a href=\"#engine-tab-besetzung\">Besetzung<\/a><\/dd><dd><a href=\"#engine-tab-stab\">Stab<\/a><\/dd><dd><a href=\"#engine-tab-weitere-infos\">Weitere Infos<\/a><\/dd><\/dl><ul class=\"tabs-content contained sc\"> <li id=\"engine-tab-besetzungTab\" class=\"engine-tab\"><\/p>\r\n<ul class=\"cast\">\r\n\t<li>\r\n<p>Ruth Drexel: \u201eAgathe Heiland\u201c<\/p>\r\n<\/li>\r\n\t<li>\r\n<p>Hans-Peter Korff: \u201eCornelius Stingermann\u201c<\/p>\r\n<\/li>\r\n\t<li>\r\n<p>Maximilian Kr\u00fcckl: \u201eKommissar Krefeldt\u201c<\/p>\r\n<\/li>\r\n\t<li>\r\n<p>Barbara Bauer: \u201eFr\u00e4ulein Buchecker\u201c<\/p>\r\n<\/li>\r\n\t<li>\r\n<p>Bernhard Schir: \u201eThorsten Buchholz\u201c<\/p>\r\n<\/li>\r\n\t<li>\r\n<p>Marion Mitterhammer: \u201eCaroline Buchholz\u201c<\/p>\r\n<\/li>\r\n\t<li>\r\n<p>Julia Thurnau: \u201eMonika Stetten\u201c<\/p>\r\n<\/li>\r\n\t<li>\r\n<p>Rosel Zech: \u201eKatharina Meindl\u201c<\/p>\r\n<\/li>\r\n\t<li>\r\n<p>Christian Tramnitz: \u201eKommissar Hackl\u201c<\/p>\r\n<\/li>\r\n\t<li>\r\n<p>Wolfgang B\u00f6ck: \u201eBaudezernent L\u00f6ffler\u201c<\/p>\r\n<\/li>\r\n\t<li>\r\n<p>Judith Rumpf: \u201eJaquline\u201c<\/p>\r\n<\/li>\r\n<\/ul>\r\n<p><\/li> <li id=\"engine-tab-stabTab\" class=\"engine-tab\"><\/p>\r\n<ul class=\"cast\">\r\n\t<li>\r\n<p>Drehbuch: Max Kr\u00fcckl<\/p>\r\n<\/li>\r\n\t<li>\r\n<p>Regie: Helmut Metzger<\/p>\r\n<\/li>\r\n\t<li>\r\n<p>Kamera: Helge Peyker<\/p>\r\n<\/li>\r\n\t<li>\r\n<p>Musik: Otto M. Schwarz<\/p>\r\n<\/li>\r\n\t<li>\r\n<p>Herstellungsleiter: Alfred Strobl<\/p>\r\n<\/li>\r\n\t<li>\r\n<p>Produktionsleiter: Carli Morbach<\/p>\r\n<\/li>\r\n\t<li>\r\n<p>Aufnahmeleiter: Claudia J\u00f6rs<\/p>\r\n<\/li>\r\n\t<li>\r\n<p>Tonmeister: Alexander von Z\u00fcndt<\/p>\r\n<\/li>\r\n\t<li>\r\n<p>Ausstattung: Michael K\u00f6ning<\/p>\r\n<\/li>\r\n\t<li>\r\n<p>Kost\u00fcm: Schmidt C.Silke<\/p>\r\n<\/li>\r\n\t<li>\r\n<p>Schnitt: Romy Schumann<\/p>\r\n<\/li>\r\n\t<li>\r\n<p>Maske: Dorothea Goldfu\u00df, Claudia Pehaim, Renate Bauer<\/p>\r\n<\/li>\r\n<\/ul>\r\n<p><\/li><li id=\"engine-tab-weitere-infosTab\" class=\"engine-tab\"><\/p>\r\n<ul class=\"cast\">\r\n\t<li>Drehorte: Velden am W\u00f6rthersee und Umgebung (K\u00e4rnten)<\/li>\r\n<\/ul>\r\n<p><\/li><\/ul><\/p>\r\n<p><\/div><div class=\"six columns content-col sc\"><\/p>\r\n<h4>Szenenbilder<\/h4>\r\n\r\nngg_shortcode_0_placeholder\r\n\r\n\r\n\r\n<p><\/div> <\/div>","protected":false},"excerpt":{"rendered":"<p>This content is only available in german. Jahr: 2006 | Produktionsfirma: Lisa Film (ARD, ORF) H\u00f6rbeispiel (Zusammenschnitt) Handlung Agathe f\u00e4hrt mit Stingermann \u00fcber das Wochenende mit einem alten Campingwagen an den W\u00f6rthersee. Was sie jedoch nicht wei\u00df ist, dass Krefeld an der gegen\u00fcber liegenden Uferseite bei seinen Freunden Caroline und Thorsten, einem erfolgreichen Bauunternehmer, Carolines [&hellip;]<\/p>\n","protected":false},"author":2,"featured_media":0,"parent":2715,"menu_order":31,"comment_status":"closed","ping_status":"closed","template":"","meta":{"ngg_post_thumbnail":0,"footnotes":""},"class_list":["post-2729","page","type-page","status-publish","hentry"],"_links":{"self":[{"href":"https:\/\/www.ottomschwarz.com\/en\/wp-json\/wp\/v2\/pages\/2729","targetHints":{"allow":["GET"]}}],"collection":[{"href":"https:\/\/www.ottomschwarz.com\/en\/wp-json\/wp\/v2\/pages"}],"about":[{"href":"https:\/\/www.ottomschwarz.com\/en\/wp-json\/wp\/v2\/types\/page"}],"author":[{"embeddable":true,"href":"https:\/\/www.ottomschwarz.com\/en\/wp-json\/wp\/v2\/users\/2"}],"replies":[{"embeddable":true,"href":"https:\/\/www.ottomschwarz.com\/en\/wp-json\/wp\/v2\/comments?post=2729"}],"version-history":[{"count":4,"href":"https:\/\/www.ottomschwarz.com\/en\/wp-json\/wp\/v2\/pages\/2729\/revisions"}],"predecessor-version":[{"id":5417,"href":"https:\/\/www.ottomschwarz.com\/en\/wp-json\/wp\/v2\/pages\/2729\/revisions\/5417"}],"up":[{"embeddable":true,"href":"https:\/\/www.ottomschwarz.com\/en\/wp-json\/wp\/v2\/pages\/2715"}],"wp:attachment":[{"href":"https:\/\/www.ottomschwarz.com\/en\/wp-json\/wp\/v2\/media?parent=2729"}],"curies":[{"name":"wp","href":"https:\/\/api.w.org\/{rel}","templated":true}]}}