{"id":2740,"date":"2014-03-25T18:01:44","date_gmt":"2014-03-25T16:01:44","guid":{"rendered":"http:\/\/www.ottomschwarz.com\/?page_id=2740"},"modified":"2016-02-03T20:48:26","modified_gmt":"2016-02-03T18:48:26","slug":"lilly-schoenauer-9-verliebt-in-einen-unbekannten","status":"publish","type":"page","link":"https:\/\/www.ottomschwarz.com\/en\/filmmusic\/filmscores\/lilly-schoenauer-9-verliebt-in-einen-unbekannten\/","title":{"rendered":"Lilly Sch\u00f6nauer 9 &#8211; Verliebt in einen Unbekannten"},"content":{"rendered":"<p class=\"msg\">This content is only available in german.<\/p>\r\n<div class=\"top-box\">\r\n<p>Jahr: 2009 | Produktionsfirma:\u00a0Bavaria\/Graf Film (ARD, ORF)<\/p>\r\n<p>H\u00f6rbeispiel (Zusammenschnitt)<br \/> \t<audio id=\"wp_mep_1\" src=\"\/sounds\/filmmusik\/lilly_schoenauer_09_verliebt.mp3\"     controls=\"controls\" preload=\"none\"  >\r\n\t\t\r\n\t\t\r\n\t\t\r\n\t\t\r\n\t\t\r\n\t\t\r\n\t\t\r\n\t<\/audio>\r\n<script type=\"text\/javascript\">\r\njQuery(document).ready(function($) {\r\n\t$('#wp_mep_1').mediaelementplayer({\r\n\t\tm:1\r\n\t\t\r\n\t\t,features: ['playpause','current','progress','duration','volume','tracks','fullscreen']\r\n\t\t,audioWidth:400,audioHeight:30\r\n\t});\r\n});\r\n<\/script>\r\n<\/p>\r\n<a href=\"http:\/\/www.amazon.de\/Lilly-Sch%C3%B6nauer-Collection-DVDs\/dp\/B0152B8CME\/\" target=\"_blank\" style=\"background-color:#fff; color: #000\" class=\"button tiny radius sc\"> DVD <\/a>\r\n<\/div>\r\n<h4>Handlung<\/h4>\r\n<p>Clara Weichsler (Lara Joy K\u00f6rner) lebt seit der Scheidung von ihrem Mann alleine mit ihrer Tochter Sophie (Franziska Neiding) in einem kleinen H\u00e4uschen am Klopeiner See. Sie arbeitet als Auktionatorin in einem Auktionshaus in Klagenfurt und ist mit ihrem Chef, dem charmanten Robert Kemper (Andreas Brucker) liiert. Die beiden sind beruflich wie privat das perfekte Team und wollen demn\u00e4chst gemeinsam mit Claras Tochter nach London ziehen, um dort in einem renommierten Auktionshaus zu arbeiten und sich ein neues Leben aufzubauen. Der Umzug steht kurz bevor und Claras beste Freundin Iris (Adele Neuhauser) k\u00fcmmert sich als Maklerin um die Vermietung des Hauses am Klopeiner See. Doch je n\u00e4her der gro\u00dfe Umzug heranr\u00fcckt, umso wehm\u00fctiger wird Clara.\n\t\t\n\t\t<!--BEGIN .toggle -->\n\t\t<div class=\"toggle closed sc\">\n\t\t\t<div class=\"trigger\">Weiterlesen\u2026<span><i class=\"icon-chevron-down\"><\/i><\/span><\/div>\n\t\t\t<div class=\"toggle-pane\"><div class=\"inner-pane\"><\/p>\r\n<p>W\u00e4hrend Robert f\u00fcr ein paar Tage nach London reist, um dort letzte Vorbereitungen zu treffen, trifft Clara in ihrer Bergh\u00fctte auf einen Fremden, der sich auf Grund einer Verwechslung dort h\u00e4uslich eingerichtet hat. Erstaunt nimmt sie zur Kenntnis, dass der Unbekannte, Kinderbuchillustrator Benedikt (Gunther Gillian), nicht gewillt ist, die H\u00fctte wieder zu r\u00e4umen. Denn er hat sich in die Abgeschiedenheit zur\u00fcckgezogen, um endlich wieder arbeiten zu k\u00f6nnen. Seit sein bester Freund Jonas bei einer gemeinsamen Bergwanderung t\u00f6dlich verungl\u00fcckte, ist er wie blockiert und schafft es nicht, f\u00fcr dessen letztes Buch die Zeichnungen anzufertigen.<\/p>\r\n<p>Von kindlicher Neugier getrieben, besucht Sophie den Fremden auf der H\u00fctte, was Clara anfangs sehr missf\u00e4llt. Sie stellt Nachforschungen an und je mehr sie \u00fcber den eigenwilligen Sonderling erf\u00e4hrt, umso mehr f\u00fchlt sie sich zu ihm hingezogen. Als Ben ihre Gef\u00fchle erwidert, stellt dies Clara vor eine gro\u00dfe Entscheidung.<\/div><\/div>\n\t\t<\/div> \n\t\t<!--END .toggle --><\/p>\r\n<div class=\"row sc\"> <div class=\"six columns content-col sc\"><\/p>\r\n<h4>Filmteam<\/h4>\r\n<p><dl class=\"tabs mobile\"><dd><a href=\"#engine-tab-besetzung\">Besetzung<\/a><\/dd><dd><a href=\"#engine-tab-stab\">Stab<\/a><\/dd><dd><a href=\"#engine-tab-weitere-infos\">Weitere Infos<\/a><\/dd><\/dl><ul class=\"tabs-content contained sc\"> <li id=\"engine-tab-besetzungTab\" class=\"engine-tab\"><\/p>\r\n<ul class=\"cast\">\r\n<li>\r\n<p>Lara Joy K\u00f6rner: \u201eClara Weichsler\u201c<\/p>\r\n<\/li>\r\n<li>\r\n<p>Gunther Gillian: \u201eBenedikt Sanders\u201c<\/p>\r\n<\/li>\r\n<li>\r\n<p>Andreas Brucker: \u201eRobert Kemper\u201c<\/p>\r\n<\/li>\r\n<li>\r\n<p>Franziska Neiding: \u201eSophie Weichsler\u201c<\/p>\r\n<\/li>\r\n<li>\r\n<p>Marion Mitterhammer: \u201eSabine Scheffler\u201c<\/p>\r\n<\/li>\r\n<li>\r\n<p>Adele Neuhauser: \u201eIris\u201c<\/p>\r\n<\/li>\r\n<li>\r\n<p>Dorothea Parton: \u201eFrau Breitner\u201c<\/p>\r\n<\/li>\r\n<li>\r\n<p>Luise Deschauer: \u201eAlte Dame\u201c<\/p>\r\n<\/li>\r\n<\/ul>\r\n<p><\/li> <li id=\"engine-tab-stabTab\" class=\"engine-tab\"><\/p>\r\n<ul class=\"cast\">\r\n<li>\r\n<p>Regie: Holger Barthel<\/p>\r\n<\/li>\r\n<li>\r\n<p>Drehbuch: Antje B\u00e4hr<\/p>\r\n<\/li>\r\n<li>\r\n<p>Kamera: Marc Prill<\/p>\r\n<\/li>\r\n<li>\r\n<p>Schnitt Thomas Kn\u00f6pfel<\/p>\r\n<\/li>\r\n<li>\r\n<p>Musik: Otto M. Schwarz<\/p>\r\n<\/li>\r\n<li>\r\n<p>Produzenten: Ronald M\u00fchlfellner, Klaus Graf<\/p>\r\n<\/li>\r\n<\/ul>\r\n<p><\/li><li id=\"engine-tab-weitere-infosTab\" class=\"engine-tab\"><\/p>\r\n<ul class=\"cast\">\r\n<li>Keine<\/li>\r\n<\/ul>\r\n<p><\/li><\/ul><\/p>\r\n<p><\/div><div class=\"six columns content-col sc\"><\/p>\r\n<h4>Szenenbilder<\/h4>\r\n<p>siehe <a href=\"http:\/\/www.graffilm.com\/produktionen\/abgeschlossen\/2009\/lilly-schoenauer-verliebt-in-einen-unbekannten\/fotos.html\" target=\"_blank\">Graf Film Archiv \u2192<\/a><\/p>\r\n<p><\/div> <\/div>","protected":false},"excerpt":{"rendered":"<p>This content is only available in german. Jahr: 2009 | Produktionsfirma:\u00a0Bavaria\/Graf Film (ARD, ORF) H\u00f6rbeispiel (Zusammenschnitt) Handlung Clara Weichsler (Lara Joy K\u00f6rner) lebt seit der Scheidung von ihrem Mann alleine mit ihrer Tochter Sophie (Franziska Neiding) in einem kleinen H\u00e4uschen am Klopeiner See. Sie arbeitet als Auktionatorin in einem Auktionshaus in Klagenfurt und ist mit [&hellip;]<\/p>\n","protected":false},"author":2,"featured_media":0,"parent":2715,"menu_order":23,"comment_status":"closed","ping_status":"closed","template":"","meta":{"ngg_post_thumbnail":0,"footnotes":""},"class_list":["post-2740","page","type-page","status-publish","hentry"],"_links":{"self":[{"href":"https:\/\/www.ottomschwarz.com\/en\/wp-json\/wp\/v2\/pages\/2740","targetHints":{"allow":["GET"]}}],"collection":[{"href":"https:\/\/www.ottomschwarz.com\/en\/wp-json\/wp\/v2\/pages"}],"about":[{"href":"https:\/\/www.ottomschwarz.com\/en\/wp-json\/wp\/v2\/types\/page"}],"author":[{"embeddable":true,"href":"https:\/\/www.ottomschwarz.com\/en\/wp-json\/wp\/v2\/users\/2"}],"replies":[{"embeddable":true,"href":"https:\/\/www.ottomschwarz.com\/en\/wp-json\/wp\/v2\/comments?post=2740"}],"version-history":[{"count":2,"href":"https:\/\/www.ottomschwarz.com\/en\/wp-json\/wp\/v2\/pages\/2740\/revisions"}],"predecessor-version":[{"id":3663,"href":"https:\/\/www.ottomschwarz.com\/en\/wp-json\/wp\/v2\/pages\/2740\/revisions\/3663"}],"up":[{"embeddable":true,"href":"https:\/\/www.ottomschwarz.com\/en\/wp-json\/wp\/v2\/pages\/2715"}],"wp:attachment":[{"href":"https:\/\/www.ottomschwarz.com\/en\/wp-json\/wp\/v2\/media?parent=2740"}],"curies":[{"name":"wp","href":"https:\/\/api.w.org\/{rel}","templated":true}]}}