{"id":2741,"date":"2014-03-25T18:01:46","date_gmt":"2014-03-25T16:01:46","guid":{"rendered":"http:\/\/www.ottomschwarz.com\/?page_id=2741"},"modified":"2021-07-08T23:46:47","modified_gmt":"2021-07-08T21:46:47","slug":"agathe-kanns-nicht-lassen-iv-mord-mit-handicap","status":"publish","type":"page","link":"https:\/\/www.ottomschwarz.com\/en\/filmmusic\/filmscores\/agathe-kanns-nicht-lassen-iv-mord-mit-handicap\/","title":{"rendered":"Agathe kann&#8217;s nicht lassen IV &#8211; Mord mit Handicap"},"content":{"rendered":"<p class=\"msg\">This content is only available in german.<\/p>\r\n<div class=\"top-box\">\r\n<p>Jahr: 2006 | Produktionsfirma: Lisa Film (ARD, ORF)<\/p>\r\n<p>H\u00f6rbeispiel (Zusammenschnitt)<br \/> \t<audio id=\"wp_mep_1\" src=\"\/sounds\/filmmusik\/agathe-kanns_nicht-lassen_1-5.mp3\"     controls=\"controls\" preload=\"none\"  >\r\n\t\t\r\n\t\t\r\n\t\t\r\n\t\t\r\n\t\t\r\n\t\t\r\n\t\t\r\n\t<\/audio>\r\n<script type=\"text\/javascript\">\r\njQuery(document).ready(function($) {\r\n\t$('#wp_mep_1').mediaelementplayer({\r\n\t\tm:1\r\n\t\t\r\n\t\t,features: ['playpause','current','progress','duration','volume','tracks','fullscreen']\r\n\t\t,audioWidth:400,audioHeight:30\r\n\t});\r\n});\r\n<\/script>\r\n<\/p>\r\n<a href=\"http:\/\/www.amazon.de\/dp\/B000G1TE8W\" target=\"_blank\" style=\"background-color:#fff; color: #000\" class=\"button tiny radius sc\">Soundtrack (CD)<\/a>\r\n<a href=\"http:\/\/www.amazon.de\/dp\/B001UNQST8\" target=\"_blank\" style=\"background-color:#fff; color: #000\" class=\"button tiny radius sc\"> DVD zum Film <\/a>\r\n<\/div>\r\n<h4>Handlung<\/h4>\r\n<p>Agathe begleitet ihren Freund Cornelius Stingermann auf einen Flugplatz. Er hat einen kleinen Rundflug gewonnen. Doch als er das alte Flugzeug sieht, sucht er schnell das Weite. So kommt Agathe zum Zug und fliegt statt Herrn Stingermann. Doch diesen Flug wird Agathe niemals vergessen. Aus der Luft wird sie Zeuge eines Mordes! Agathe informiert sofort den Pilot, doch dieser kann nichts erkennen und glaubt der schrulligen alten Dame nicht. Dennoch macht er via Funk Meldung. Soll sich doch die Polizei darum k\u00fcmmern und einmal nachschauen. Die Polizei findet nichts. Der ermittelnde Kommissar ist Krefeld. Er ist sich sicher, dass Agathes Fantasie mit ihr durchgegangen ist. Am vermeintlichen Tatort wurde keine Leiche gefunden, nichts au\u00dfer Agathes Beobachtung weist darauf hin, dass ein Mord stattgefunden hat. Nat\u00fcrlich l\u00e4sst das Agathe nicht auf sich sitzen. Gemeinsam mit Stingermann schleicht sie sich zu jener Stelle wo sie den Mord beobachtet hat. Schleifspuren und Reifenspuren sind f\u00fcr sie bereits sehr verd\u00e4chtig. Bei ihren Erkundungen sto\u00dfen sie auf Klaus Graser und Peter Pfeiffer, die am angrenzenden Golfplatz gerade ihr Turnier bestreiten. Agathe verwickelt die beiden geschickt in ein Gespr\u00e4ch.<\/p>\r\n\n\t\t\n\t\t<!--BEGIN .toggle -->\n\t\t<div class=\"toggle closed sc\">\n\t\t\t<div class=\"trigger\">Weiterlesen\u2026<span><i class=\"icon-chevron-down\"><\/i><\/span><\/div>\n\t\t\t<div class=\"toggle-pane\"><div class=\"inner-pane\"><\/p>\r\n<p>Schnell entschlossen findet Agathe eine Gelegenheit im Golfrestaurant zu arbeiten. Sie muss die Leiche finden. Das kann ihr nur gelingen, wenn sie sich auf dem Gel\u00e4nde aufhalten darf. Das Restaurant ist der ideale Ort um die Menschen n\u00e4her kennen zu lernen und sich ein wenig umzusehen. Stingermann ist von Agathes Idee alles andere als begeistert, dennoch hilft er ihr. Schon bald bekommt Agathe eine Ahnung wo die Leiche versteckt sein k\u00f6nnte. Ihr sind drei Regentonnen aufgefallen, wobei eine davon mit L\u00f6chern durchstanzt war. Offensichtlich wollte der T\u00e4ter die Leiche in diesem Regenfass versenken. In derselben Nacht schleicht sie mit Stingermann auf das Golfplatzgel\u00e4nde um sich die F\u00e4sser genauer anzusehen und \u00fcberrascht dabei einen Mann.<\/p>\r\n<p>Der Mann flieht ohne dass Agathe sein Gesicht erkennen kann. Als sie jedoch die verd\u00e4chtige Regentonne \u00f6ffnet, findet sie wie vermutet die Leiche. Sofort verst\u00e4ndigt sie die Polizei. Nun muss auch Krefeld eingestehen, dass ein Mord stattgefunden hat und beginnt mit seinen Ermittlungen. Die Tote ist eine gewisse Jana Oettinger, eine attraktive Lehrerin, die am renommierten Ludwig Gymnasium unterrichtete. Doch warum musste sie sterben? Agathe setzt Stingermann auf die Sekret\u00e4rin des Gymnasiums an um mehr zu erfahren. Hierf\u00fcr muss er in die Rolle eines Schulinspektors schl\u00fcpfen. Und Agathe versucht am Golfplatz mehr in Erfahrung zu bringen.<\/p>\r\n<p>Der sympathische Abiturient Julian Pfeiffer lief Gefahr von der Schule verwiesen zu werden. Der technisch versierte Julian hat den Zentralcomputer des Gymnasiums manipuliert, Jana Oettinger kam dahinter und bestand auf seinen Verweis. Doch Julians Vater Peter Pfeiffer konnte das verhindern und Julian machte seinen Schulabschluss. Als Agathe Julian kennen lernt wird ihr sofort klar, dass er nicht der M\u00f6rder von Jana Oettinger sein konnte. Er hatte kein Motiv. Mit dem Abitur in der Tasche stand ihm die ganze Welt offen. Krefeld hat schon bald einen Hauptverd\u00e4chtigen. Der ehrgeizige Direktor des Gymnasiums Wollzogen hat ein gutes Motiv. Er wurde von Frau Oettinger erpresst, und er hat kein Alibi.<\/p>\r\n<p>Doch Wollzogen wird ermordet, als er wie \u00fcblich in Agathes Restaurant selbst sein Bier zapft. Er erleidet dabei einen t\u00f6dlichen Stromschlag. Krefeld verd\u00e4chtigt nun den an Elektronik interessierten Julian. Krefeld glaubt fest daran, dass Julian seine ehemalige Lehrerin t\u00f6ten wollte, weil sie ein Verh\u00e4ltnis mit seinem Vater hatte. Agathe versucht im Internat Hinweise auf Jana Oettingers M\u00f6rder zu finden. Dabei entdeckt sie in einem Schreibtisch den Eintrag eines Ministeriums. Sie findet heraus, dass Klaus Graser in dieser Abteilung arbeitete und ist sich schon bald sicher, dass er der M\u00f6rder Jana Oettingers ist. Agathe muss dem M\u00f6rder eine Falle stellen. Sie l\u00e4dt alle Verd\u00e4chtigen ins Restaurant und behauptet einen Brief, der den M\u00f6rder verr\u00e4t unter einer Speiseglocke zu verwahren.<\/p>\r\n<p>Tats\u00e4chlich befindet sich aber unter der Glocke ein mit Farbe getr\u00e4nkter Schwamm. Julian inszeniert einen Kurzschluss, und als das Licht wieder an ist kann Agathe den T\u00e4ter anhand seiner roten Finger entlarven. Es ist Klaus Graser, Beamter im Kultusministerium. Er hat Pfeiffer die Aufgaben f\u00fcrs Abitur seines Sohnes gegen 25.000 Euro beschafft. Doch Julian hat sich von Jana Oettinger erwischen lassen. Jana wollte sich \u00fcber Graser beschweren und h\u00e4tte ihm dadurch seinen Beruf sowie seine Pension gekostet. Deshalb musste sie sterben. Wolzogen hingegen unterschrieb sein Todesurteil als er Graser erpresste, denn er beobachtete Graser als er die Leiche in das Regenfass stopfte.<\/p>\r\n<p><\/div><\/div>\n\t\t<\/div> \n\t\t<!--END .toggle -->\r\n<div class=\"row sc\"> <div class=\"six columns content-col sc\"><\/p>\r\n<h4>Filmteam<\/h4>\r\n<p><dl class=\"tabs mobile\"><dd><a href=\"#engine-tab-besetzung\">Besetzung<\/a><\/dd><dd><a href=\"#engine-tab-stab\">Stab<\/a><\/dd><dd><a href=\"#engine-tab-weitere-infos\">Weitere Infos<\/a><\/dd><\/dl><ul class=\"tabs-content contained sc\"> <li id=\"engine-tab-besetzungTab\" class=\"engine-tab\"><\/p>\r\n<ul class=\"cast\">\r\n<li>\r\n<p>Ruth Drexel: \u201eAgathe Heiland\u201c<\/p>\r\n<\/li>\r\n<li>\r\n<p>Hans-Peter Korff: \u201eCornelius Stingermann\u201c<\/p>\r\n<\/li>\r\n<li>\r\n<p>Maximilian Kr\u00fcckl: \u201eKommissar Krefeldt\u201c<\/p>\r\n<\/li>\r\n<li>\r\n<p>Barbara Bauer: \u201eFr\u00e4ulein Buchecker\u201c<\/p>\r\n<\/li>\r\n<li>\r\n<p>Martin Walch: \u201ePostbote\u201c<\/p>\r\n<\/li>\r\n<li>\r\n<p>Marco Bretscher-Coschignano: \u201eJulian Pfeiffer\u201c<\/p>\r\n<\/li>\r\n<li>\r\n<p>Helmut Berger: \u201eWolzogen\u201c<\/p>\r\n<\/li>\r\n<li>\r\n<p>Max Volkert Martens: \u201ePeter Pfeiffer\u201c<\/p>\r\n<\/li>\r\n<li>\r\n<p>Barbara Wussow: \u201eMarianne Pfeiffer\u201c<\/p>\r\n<\/li>\r\n<li>\r\n<p>Stephanie Kellner: \u201eAssistenz\u00e4rztin\u201c<\/p>\r\n<\/li>\r\n<\/ul>\r\n<p><\/li> <li id=\"engine-tab-stabTab\" class=\"engine-tab\"><\/p>\r\n<ul class=\"cast\">\r\n<li>\r\n<p>Drehbuch: Ralf Kinder &amp; Christiane Bubner<\/p>\r\n<\/li>\r\n<li>\r\n<p>Regie: Helmut Metzger<\/p>\r\n<\/li>\r\n<li>\r\n<p>Kamera: Peyker Helge<\/p>\r\n<\/li>\r\n<li>\r\n<p>Musik: Otto M. Schwarz<\/p>\r\n<\/li>\r\n<li>\r\n<p>Herstellungsleiter: Alfred Strobl<\/p>\r\n<\/li>\r\n<li>\r\n<p>Produktionsleiter: Carli Morbach<\/p>\r\n<\/li>\r\n<li>\r\n<p>Aufnahmeleiter: J\u00f6rs Claudia<\/p>\r\n<\/li>\r\n<li>\r\n<p>Tonmeister: Alexander von Z\u00fcndt<\/p>\r\n<\/li>\r\n<li>\r\n<p>Ausstattung: K\u00f6ning Michael<\/p>\r\n<\/li>\r\n<li>\r\n<p>Kost\u00fcm: Schmiedt C.Silke<\/p>\r\n<\/li>\r\n<li>\r\n<p>Schnitt: Schumann Romy<\/p>\r\n<\/li>\r\n<li>\r\n<p>Maske: Goldfu\u00df Dorothea, Pehaim Claudia, Renate Bauer<\/p>\r\n<\/li>\r\n<\/ul>\r\n<p><\/li><li id=\"engine-tab-weitere-infosTab\" class=\"engine-tab\"><\/p>\r\n<ul class=\"cast\">\r\n<li>Drehorte: M\u00fcnchen und Umgebung<\/li>\r\n<\/ul>\r\n<p><\/li><\/ul><\/p>\r\n<p><\/div><div class=\"six columns content-col sc\"><\/p>\r\n<h4>Szenenbilder<\/h4>\r\n<p>ngg_shortcode_0_placeholder<\/p>\r\n<p><\/div> <\/div>","protected":false},"excerpt":{"rendered":"<p>This content is only available in german. Jahr: 2006 | Produktionsfirma: Lisa Film (ARD, ORF) H\u00f6rbeispiel (Zusammenschnitt) Handlung Agathe begleitet ihren Freund Cornelius Stingermann auf einen Flugplatz. Er hat einen kleinen Rundflug gewonnen. Doch als er das alte Flugzeug sieht, sucht er schnell das Weite. So kommt Agathe zum Zug und fliegt statt Herrn Stingermann. [&hellip;]<\/p>\n","protected":false},"author":2,"featured_media":0,"parent":2715,"menu_order":32,"comment_status":"closed","ping_status":"closed","template":"","meta":{"ngg_post_thumbnail":0,"footnotes":""},"class_list":["post-2741","page","type-page","status-publish","hentry"],"_links":{"self":[{"href":"https:\/\/www.ottomschwarz.com\/en\/wp-json\/wp\/v2\/pages\/2741","targetHints":{"allow":["GET"]}}],"collection":[{"href":"https:\/\/www.ottomschwarz.com\/en\/wp-json\/wp\/v2\/pages"}],"about":[{"href":"https:\/\/www.ottomschwarz.com\/en\/wp-json\/wp\/v2\/types\/page"}],"author":[{"embeddable":true,"href":"https:\/\/www.ottomschwarz.com\/en\/wp-json\/wp\/v2\/users\/2"}],"replies":[{"embeddable":true,"href":"https:\/\/www.ottomschwarz.com\/en\/wp-json\/wp\/v2\/comments?post=2741"}],"version-history":[{"count":2,"href":"https:\/\/www.ottomschwarz.com\/en\/wp-json\/wp\/v2\/pages\/2741\/revisions"}],"predecessor-version":[{"id":4510,"href":"https:\/\/www.ottomschwarz.com\/en\/wp-json\/wp\/v2\/pages\/2741\/revisions\/4510"}],"up":[{"embeddable":true,"href":"https:\/\/www.ottomschwarz.com\/en\/wp-json\/wp\/v2\/pages\/2715"}],"wp:attachment":[{"href":"https:\/\/www.ottomschwarz.com\/en\/wp-json\/wp\/v2\/media?parent=2741"}],"curies":[{"name":"wp","href":"https:\/\/api.w.org\/{rel}","templated":true}]}}