{"id":2743,"date":"2014-03-25T18:01:51","date_gmt":"2014-03-25T16:01:51","guid":{"rendered":"http:\/\/www.ottomschwarz.com\/?page_id=2743"},"modified":"2021-07-08T23:43:30","modified_gmt":"2021-07-08T21:43:30","slug":"die-liebe-eines-priesters","status":"publish","type":"page","link":"https:\/\/www.ottomschwarz.com\/en\/filmmusic\/filmscores\/die-liebe-eines-priesters\/","title":{"rendered":"Die Liebe eines Priesters"},"content":{"rendered":"<p class=\"msg\">This content is only available in german.<\/p>\r\n<div class=\"top-box\">\r\n<p>Jahr: 2005 | Produktionsfirma: Lisa Film (ARD, ORF)<\/p>\r\n<p>H\u00f6rbeispiel (Zusammenschnitt)<br \/> \t<audio id=\"wp_mep_1\" src=\"\/sounds\/filmmusik\/liebe_eines_priesters.mp3\"     controls=\"controls\" preload=\"none\"  >\r\n\t\t\r\n\t\t\r\n\t\t\r\n\t\t\r\n\t\t\r\n\t\t\r\n\t\t\r\n\t<\/audio>\r\n<script type=\"text\/javascript\">\r\njQuery(document).ready(function($) {\r\n\t$('#wp_mep_1').mediaelementplayer({\r\n\t\tm:1\r\n\t\t\r\n\t\t,features: ['playpause','current','progress','duration','volume','tracks','fullscreen']\r\n\t\t,audioWidth:400,audioHeight:30\r\n\t});\r\n});\r\n<\/script>\r\n<\/p>\r\n<a href=\"http:\/\/www.amazon.de\/dp\/B000G1TE8W\" target=\"_blank\" style=\"background-color:#fff; color: #000\" class=\"button tiny radius sc\">Soundtrack (CD)<\/a>\r\n<a href=\"https:\/\/open.spotify.com\/album\/4uXa3f2xiKyrqPplARyyJX?si=_DIAfdhIRIm6XcEKsNAiug\" target=\"_blank\" style=\"background-color:#fff; color: #000\" class=\"button tiny radius sc\">Spotify<\/a>\r\n<a href=\"http:\/\/www.amazon.de\/dp\/B000NVHUOK\" target=\"_blank\" style=\"background-color:#fff; color: #000\" class=\"button tiny radius sc\">DVD zum Film<\/a>\r\n<\/div>\r\n<h4>Handlung<\/h4>\r\n<p>Nach einem Raub\u00fcberfall auf der Flucht vor der Polizei, beobachtet Michael (Erol Sander), wie sich die sch\u00f6ne Klara (Sonsee Neu) von einer Br\u00fccke in die Moldau st\u00fcrzt. Ohne zu z\u00f6gern, springt er in das eisige Wasser und rettet ihr das Leben. F\u00fcr Michael ist es ein Moment der Erleuchtung, der ihn zu seinem v\u00e4terlichen Freund Pater Christoph (Maximilian Schell) zur\u00fcckf\u00fchrt.\u00a0Der Geistliche nimmt ihn kr\u00e4ftig ins Gebet und versteckt seinen Sch\u00fctzling daraufhin in einem Kloster, wo Michael ins Priesterseminar eintritt und sein Talent als Restaurator entfaltet. Sechs Jahre sp\u00e4ter kehrt Michael nach Prag zur\u00fcck, wo er durch Zufall Klara wiedertrifft.<\/p>\r\n\n\t\t\n\t\t<!--BEGIN .toggle -->\n\t\t<div class=\"toggle closed sc\">\n\t\t\t<div class=\"trigger\">Weiterlesen\u2026<span><i class=\"icon-chevron-down\"><\/i><\/span><\/div>\n\t\t\t<div class=\"toggle-pane\"><div class=\"inner-pane\"><\/p>\r\n<p>Er hat sie nie vergessen, doch Klara erkennt ihren einstigen Retter nicht wieder. Erst k\u00fcrzlich ist sie mit ihrer kleinen Tochter Eva (Lena Beyerling) nach Prag zur\u00fcckgekehrt, um mit der Unterst\u00fctzung ihrer Tante Sarah (Andrea Eckert) neu anzufangen.<\/p>\r\n<p>Klara und Michael verlieben sich ineinander, doch Michael wagt nicht, ihr von seiner bevorstehenden Priesterweihe zu erz\u00e4hlen. Unterdessen wird Klara von der Vergangenheit in Gestalt ihres zwielichtigen Exmannes Paul (Philipp Moog) eingeholt, der auch der Vater ihrer Tochter ist. Paul gibt vor, sich gebessert zu haben, doch in Wahrheit soll er Klara dazu bringen, im Edelbordell des Unterweltbosses Pokorny (Wolfgang B\u00f6ck) zu arbeiten. Als Klara erf\u00e4hrt, dass Michael ihr nicht die Wahrheit gesagt hat, ist sie entt\u00e4uscht von seiner Unaufrichtigkeit.<\/p>\r\n<p>Michael ist hin- und hergerissen zwischen seinem Glauben und der Liebe zu Klara. Erst als Pater Christoph ihm ein Geheimnis verr\u00e4t, \u00f6ffnen sich ihm die Augen.<\/p>\r\n<p><\/div><\/div>\n\t\t<\/div> \n\t\t<!--END .toggle -->\r\n<div class=\"row sc\"> <div class=\"six columns content-col sc\"><\/p>\r\n<h4>Filmteam<\/h4>\r\n<p><dl class=\"tabs mobile\"><dd><a href=\"#engine-tab-besetzung\">Besetzung<\/a><\/dd><dd><a href=\"#engine-tab-stab\">Stab<\/a><\/dd><dd><a href=\"#engine-tab-weitere-infos\">Weitere Infos<\/a><\/dd><\/dl><ul class=\"tabs-content contained sc\"> <li id=\"engine-tab-besetzungTab\" class=\"engine-tab\"><\/p>\r\n<ul class=\"cast\">\r\n<li>\r\n<p>Erol Sander: \u201eMichael\u201c<\/p>\r\n<\/li>\r\n<li>\r\n<p>Sonsee Neu: \u201eKlara\u201c<\/p>\r\n<\/li>\r\n<li>\r\n<p>Maximilian Schell : \u201eChristoph\u201c<\/p>\r\n<\/li>\r\n<li>\r\n<p>Andrea Eckert: \u201eSarah\u201c<\/p>\r\n<\/li>\r\n<li>\r\n<p>Lena Beyerling: \u201eEva\u201c<\/p>\r\n<\/li>\r\n<li>\r\n<p>Philipp Moog: \u201ePaul\u201c<\/p>\r\n<\/li>\r\n<li>\r\n<p>Wolfgang B\u00f6ck: \u201ePokorny\u201c<\/p>\r\n<\/li>\r\n<li>\r\n<p>Julian Weigend: \u201eJindra\u201c<\/p>\r\n<\/li>\r\n<\/ul>\r\n<p><\/li> <li id=\"engine-tab-stabTab\" class=\"engine-tab\"><\/p>\r\n<ul class=\"cast\">\r\n<li>\r\n<p>Drehbuch: Don Bohlinger<\/p>\r\n<\/li>\r\n<li>\r\n<p>Regie: Franz Josef Gottlieb<\/p>\r\n<\/li>\r\n<li>\r\n<p>Kamera: Peter Zeitlinger<\/p>\r\n<\/li>\r\n<li>\r\n<p>Herstellungsleiter: Alfred Strobl<\/p>\r\n<\/li>\r\n<li>\r\n<p>Produktionsleiter: David Spiehs<\/p>\r\n<\/li>\r\n<li>\r\n<p>Aufnahmeleiter: Jaroslava Halmiov\u00e1<\/p>\r\n<\/li>\r\n<li>\r\n<p>Tonmeister: Jiri Kriz<\/p>\r\n<\/li>\r\n<li>\r\n<p>Ausstattung: Jana Karen<\/p>\r\n<\/li>\r\n<li>\r\n<p>Kost\u00fcm: Gidl Dohme<\/p>\r\n<\/li>\r\n<li>\r\n<p>Musik: Otto M. Schwarz<\/p>\r\n<\/li>\r\n<\/ul>\r\n<p><\/li><li id=\"engine-tab-weitere-infosTab\" class=\"engine-tab\"><\/p>\r\n<ul class=\"cast\">\r\n<li>Drehorte : Prag und Umgebung\u00a0<\/li>\r\n<\/ul>\r\n<p><\/li><\/ul><\/p>\r\n<p><\/div><div class=\"six columns content-col sc\"><\/p>\r\n<h4>Szenenbilder<\/h4>\r\n<p>ngg_shortcode_0_placeholder><\/p>\r\n<p><\/div> <\/div>","protected":false},"excerpt":{"rendered":"<p>This content is only available in german. Jahr: 2005 | Produktionsfirma: Lisa Film (ARD, ORF) H\u00f6rbeispiel (Zusammenschnitt) Handlung Nach einem Raub\u00fcberfall auf der Flucht vor der Polizei, beobachtet Michael (Erol Sander), wie sich die sch\u00f6ne Klara (Sonsee Neu) von einer Br\u00fccke in die Moldau st\u00fcrzt. Ohne zu z\u00f6gern, springt er in das eisige Wasser und [&hellip;]<\/p>\n","protected":false},"author":2,"featured_media":0,"parent":2715,"menu_order":34,"comment_status":"closed","ping_status":"closed","template":"","meta":{"ngg_post_thumbnail":0,"footnotes":""},"class_list":["post-2743","page","type-page","status-publish","hentry"],"_links":{"self":[{"href":"https:\/\/www.ottomschwarz.com\/en\/wp-json\/wp\/v2\/pages\/2743","targetHints":{"allow":["GET"]}}],"collection":[{"href":"https:\/\/www.ottomschwarz.com\/en\/wp-json\/wp\/v2\/pages"}],"about":[{"href":"https:\/\/www.ottomschwarz.com\/en\/wp-json\/wp\/v2\/types\/page"}],"author":[{"embeddable":true,"href":"https:\/\/www.ottomschwarz.com\/en\/wp-json\/wp\/v2\/users\/2"}],"replies":[{"embeddable":true,"href":"https:\/\/www.ottomschwarz.com\/en\/wp-json\/wp\/v2\/comments?post=2743"}],"version-history":[{"count":6,"href":"https:\/\/www.ottomschwarz.com\/en\/wp-json\/wp\/v2\/pages\/2743\/revisions"}],"predecessor-version":[{"id":4506,"href":"https:\/\/www.ottomschwarz.com\/en\/wp-json\/wp\/v2\/pages\/2743\/revisions\/4506"}],"up":[{"embeddable":true,"href":"https:\/\/www.ottomschwarz.com\/en\/wp-json\/wp\/v2\/pages\/2715"}],"wp:attachment":[{"href":"https:\/\/www.ottomschwarz.com\/en\/wp-json\/wp\/v2\/media?parent=2743"}],"curies":[{"name":"wp","href":"https:\/\/api.w.org\/{rel}","templated":true}]}}