{"id":2745,"date":"2014-03-25T18:01:57","date_gmt":"2014-03-25T16:01:57","guid":{"rendered":"http:\/\/www.ottomschwarz.com\/?page_id=2745"},"modified":"2021-07-08T23:42:57","modified_gmt":"2021-07-08T21:42:57","slug":"die-jungen-von-der-paulstrasse","status":"publish","type":"page","link":"https:\/\/www.ottomschwarz.com\/en\/filmmusic\/filmscores\/die-jungen-von-der-paulstrasse\/","title":{"rendered":"Die Jungen von der Paulstra\u00dfe"},"content":{"rendered":"<p class=\"msg\">This content is only available in german.<\/p>\r\n<div class=\"top-box\">\r\n<p>Jahr: 2004 | Produktionsfirma: Lisa Film (ARD, ORF)<\/p>\r\n<p>H\u00f6rbeispiel (Zusammenschnitt)<br \/> \t<audio id=\"wp_mep_1\" src=\"\/sounds\/filmmusik\/jungen_von_der_paulstrasse.mp3\"     controls=\"controls\" preload=\"none\"  >\r\n\t\t\r\n\t\t\r\n\t\t\r\n\t\t\r\n\t\t\r\n\t\t\r\n\t\t\r\n\t<\/audio>\r\n<script type=\"text\/javascript\">\r\njQuery(document).ready(function($) {\r\n\t$('#wp_mep_1').mediaelementplayer({\r\n\t\tm:1\r\n\t\t\r\n\t\t,features: ['playpause','current','progress','duration','volume','tracks','fullscreen']\r\n\t\t,audioWidth:400,audioHeight:30\r\n\t});\r\n});\r\n<\/script>\r\n<\/p>\r\n<a href=\"http:\/\/www.amazon.de\/dp\/B000G1TE8W\" target=\"_blank\" style=\"background-color:#fff; color: #000\" class=\"button tiny radius sc\">Soundtrack (CD)<\/a>\r\n<a href=\"http:\/\/www.amazon.de\/dp\/B000DZ7W8K\" target=\"_blank\" style=\"background-color:#fff; color: #000\" class=\"button tiny radius sc\"> DVD zum Film <\/a>\r\n<\/div>\r\n<h4>Handlung<\/h4>\r\n<p>Budapest 1910. Nemecsek ist der Sohn des Schneiders Andreas. Als er eines Tages seine Mutter zu einem Kunden begleitet, findet er heraus, dass seine Mutter eine Aff\u00e4re mit einem reichen Mann hat. Nemecseks Welt bricht zusammen. Er liebt seine Mutter, die stets sanft und einf\u00fchlsam ist. Andreas wirft seine Frau wegen ihrer Untreue aus dem Haus. Die Trennung von der Mutter ist f\u00fcr Nemecsek, aber auch f\u00fcr seine Mutter eine Katastrophe.<\/p>\r\n\n\t\t\n\t\t<!--BEGIN .toggle -->\n\t\t<div class=\"toggle closed sc\">\n\t\t\t<div class=\"trigger\">Weiterlesen\u2026<span><i class=\"icon-chevron-down\"><\/i><\/span><\/div>\n\t\t\t<div class=\"toggle-pane\"><div class=\"inner-pane\"><\/p>\r\n<p>Nemecsek ist kleiner als seine Klassenkameraden, aber er hat Mut wie ein L\u00f6we. Kaum einer Rauferei geht er aus dem Weg, und sein gr\u00f6\u00dfter Wunsch ist es, zu einer der Cliquen in seiner Schule zu geh\u00f6ren. Das gelingt ihm schon bald, und sein erster Auftrag ist es, einen Platz f\u00fcr ihre Treffen zu finden. Nemecsek findet auch bald einen anderen passenden Platz in der Paulstra\u00dfe. Doch der Grund geh\u00f6rt einem alten Mann, der dort sehr zur\u00fcckgezogen mit seinem Hund Hector lebt und an einer Statue arbeitet. Vorerst hat Nemecsek Angst vor dem unheimlichen Mann, doch nach einiger Zeit freundet er sich mit ihm an. Als er mit seinen Kameraden zu dem alten Mann geht, um ihn zu bitten, auf seinem Grund spielen zu d\u00fcrfen, passiert ein Missgeschick und einer der Jungen zerrei\u00dft sich dort sein Jacket.<\/p>\r\n<p>Als er zu Hause seine Gro\u00dfmutter Edith trifft, von dem Missgeschick erz\u00e4hlt und den alten Mann beschreibt, beschlie\u00dft die Gro\u00dfmutter, den alten Mann aufzusuchen. Sie erkennt in ihm ihre alte Liebe Jan, der sie vor Jahren wegen einer anderen Frau verlassen hat. Sie kann Jan davon \u00fcberzeugen, die Jungen auf seinem Grund spielen zu lassen. Jan gefallen die milit\u00e4rischen Aspekte der Jungen nicht, aber er willigt ein. Edith f\u00fchrt die Anwaltskanzlei ihres verstorbenen Mannes weiter. Da eine Frau 1911 keine Anw\u00e4ltin sein kann, hat sie einen Mann, den sie f\u00fcr die Repr\u00e4sentanz vorschiebt. Die F\u00e4den zieht allerdings sie selbst.<\/p>\r\n<p>Der Junge, der die Clique anf\u00fchrt, ist Boka, ein sehr sympathischer, intelligenter Junge. Er nimmt Nemecsek zwar zun\u00e4chst nur als einfachen \u201eSoldat\u201c auf, im Unterschied zu den anderen Kameraden, die bereits Offiziere sind. Bald schon erkennt er Nemecseks Qualit\u00e4ten. Boka ist der Sohn eines Kriegshelden. Seine Mutter ist schon sehr jung gestorben. Bokas Vater ist Spieler und kann nicht gegen diese Sucht ank\u00e4mpfen. Er hat schon sein ganzes Verm\u00f6gen verspielt, und Boka versucht ihn davon abzuhalten weiter zu spielen.<\/p>\r\n<p>Eine Frau h\u00e4lt zu Boka, die T\u00e4nzerin Klara. Sie erz\u00e4hlt Boka, dass sein Vater in den n\u00e4chsten Tagen wegen seiner Spielschulden ein Duell zu bestreiten hat. Bokas Vater hat ihr Geld nicht annehmen wollen, aber sie m\u00f6chte Boka darum bitten, das Geld seinem Vater zu geben. Die Jungen von der Paulstra\u00dfe freuen sich \u00fcber ihren Grund, und schon bald haben sie eine eigene Fahne. Schon bald legen sich die \u00e4lteren Jungen aus der rivalisierenden Gang mit ihnen an, und zahlreiche Abenteuer und K\u00e4mpfe m\u00fcssen die Jungen aus der Paulstra\u00dfe erleben.<\/p>\r\n<p>Doch es droht ihnen auch eine zweite Gefahr, ihren Spielgrund zu verlieren. Die Exfrau des alten Mannes, Julia, erf\u00e4hrt von Jans neuen Freunden und dem damit verbundenen Gl\u00fcck und versucht, an den Grund zu gelangen. Edith unterst\u00fctzt Jan nun rechtlich auf eigene Kosten. Bei einem gemeinsamen romantischen Abendessen erkennen sie, dass Julia, Jans Exfrau, damals auf Grund einer Intrige Edith dazu gebracht hat, sich von Jan zu trennen. Nemecseks Mutter bekommt von ihrem Mann eine zweite Chance. Sie darf wieder zuhaus bei ihrem Sohn leben, aber nur unter der Bedingung, dass sie ihren Liebhaber nicht wieder sieht. Doch dieser ist in sie verliebt und gibt sie nicht so leicht auf.<\/p>\r\n<p>Als er ihr zu ihrem Geburtstag einen Brillantring schenken m\u00f6chte und sie zuhaus aufsucht, lehnt sie ab und bittet ihn zu gehen. Dabei wirft sich auch der kleine Nemecsek dazwischen und verletzt sich. Sein Vater kommt wenig sp\u00e4ter nachhaus. Er wirft seine Frau erneut aus dem Haus. Er kann nicht neben einer Frau leben, die einen anderen Mann liebt, aber er macht Nemecsek das Angebot, mit seiner Mutter zu gehen.<\/p>\r\n<p>Nemecsek aber glaubt an eine Vers\u00f6hnung. Auch Boka leidet sehr unter seiner Familie, denn das Duell findet statt. Bokas Vater wird dabei verletzt. Nur knapp entgeht er dabei dem Tod. Im Kampf gegen die Gang der anderen Jungen m\u00fcssen sie viele Abenteuer durchstehen. Nemecsek muss dabei auch \u00f6fter durch eiskaltes Wasser. Er wird sehr krank, m\u00f6chte aber f\u00fcr seine Paulstra\u00dfe k\u00e4mpfen.<\/p>\r\n<p>Jan bringt ihn zu seinem Vater und r\u00e4t diesem, seinen Stolz zu vergessen und Nemecseks Mutter zu holen. Als Andreas seine Frau findet, arbeitet sie in einer Hotelk\u00fcche. Sie hat ihren Liebhaber schon lange verlassen. Sie eilt so schnell wie m\u00f6glich nach Hause. Doch Nemecsek geht in die Paulstra\u00dfe, da hier eine wichtige Schlacht gegen die Jungen der anderen Gang stattfindet. Er k\u00e4mpft mit hohem Fieber und gr\u00f6\u00dfter Kraft gegen den Anf\u00fchrer der Jungen, der sich geschlagen gibt. Dann bricht Nemecsek zusammen. Bei Nemecsek versammeln sich alle seine Freunde. Er stirbt.<\/p>\r\n<p>Jan wird ebenso aus der Paulstra\u00dfe vertrieben und die Kinder verlieren ihren Spielplatz. \u00dcbrig bleibt nur eine Statue des kleinen Nemecsek, die Jan gemacht hat.<\/p>\r\n<p><\/div><\/div>\n\t\t<\/div> \n\t\t<!--END .toggle -->\r\n<div class=\"row sc\"> <div class=\"six columns content-col sc\"><\/p>\r\n<h4>Filmteam<\/h4>\r\n<p><dl class=\"tabs mobile\"><dd><a href=\"#engine-tab-besetzung\">Besetzung<\/a><\/dd><dd><a href=\"#engine-tab-stab\">Stab<\/a><\/dd><dd><a href=\"#engine-tab-weitere-infos\">Weitere Infos<\/a><\/dd><\/dl><ul class=\"tabs-content contained sc\"> <li id=\"engine-tab-besetzungTab\" class=\"engine-tab\"><\/p>\r\n<ul class=\"cast\">\r\n<li>\r\n<p>Mario Adorf: \u201eJanos\u201c<\/p>\r\n<\/li>\r\n<li>\r\n<p>Virna Lisi: \u201eEdit\u201c<\/p>\r\n<\/li>\r\n<li>\r\n<p>Christian Kohlund: \u201ePadre Boka\u201c<\/p>\r\n<\/li>\r\n<li>\r\n<p>Nancy Brilli: \u201eAnna\u201c<\/p>\r\n<\/li>\r\n<li>\r\n<p>Gaby Dohm: \u201eJulia\u201c<\/p>\r\n<\/li>\r\n<li>\r\n<p>Giuseppe Battiston: \u201eAndreas\u201c<\/p>\r\n<\/li>\r\n<li>\r\n<p>Harald Krassnitzer: \u201eSig. Kovacs\u201c<\/p>\r\n<\/li>\r\n<li>\r\n<p>Eliana Miglio: \u201eKlara\u201c<\/p>\r\n<\/li>\r\n<\/ul>\r\n<p><\/li> <li id=\"engine-tab-stabTab\" class=\"engine-tab\"><\/p>\r\n<ul class=\"cast\">\r\n<li>\r\n<p>Regie: Maurizio Zaccaro<\/p>\r\n<\/li>\r\n<li>\r\n<p>Drehbuch: Massimo de Rita, Ottavio Jemma, Alessandro de Rita<\/p>\r\n<\/li>\r\n<li>\r\n<p>Musik: Otto M. Schwarz<\/p>\r\n<\/li>\r\n<\/ul>\r\n<p><\/li><li id=\"engine-tab-weitere-infosTab\" class=\"engine-tab\"><\/p>\r\n<ul class=\"cast\">\r\n<li>Drehort: Budapest<\/li>\r\n<\/ul>\r\n<p><\/li><\/ul><\/p>\r\n<p><\/div><div class=\"six columns content-col sc\"><\/p>\r\n<h4>Szenenbilder<\/h4>\r\n<p>ngg_shortcode_0_placeholder<\/p>\r\n<p><\/div> <\/div>","protected":false},"excerpt":{"rendered":"<p>This content is only available in german. Jahr: 2004 | Produktionsfirma: Lisa Film (ARD, ORF) H\u00f6rbeispiel (Zusammenschnitt) Handlung Budapest 1910. Nemecsek ist der Sohn des Schneiders Andreas. Als er eines Tages seine Mutter zu einem Kunden begleitet, findet er heraus, dass seine Mutter eine Aff\u00e4re mit einem reichen Mann hat. Nemecseks Welt bricht zusammen. Er [&hellip;]<\/p>\n","protected":false},"author":2,"featured_media":0,"parent":2715,"menu_order":36,"comment_status":"closed","ping_status":"closed","template":"","meta":{"ngg_post_thumbnail":0,"footnotes":""},"class_list":["post-2745","page","type-page","status-publish","hentry"],"_links":{"self":[{"href":"https:\/\/www.ottomschwarz.com\/en\/wp-json\/wp\/v2\/pages\/2745","targetHints":{"allow":["GET"]}}],"collection":[{"href":"https:\/\/www.ottomschwarz.com\/en\/wp-json\/wp\/v2\/pages"}],"about":[{"href":"https:\/\/www.ottomschwarz.com\/en\/wp-json\/wp\/v2\/types\/page"}],"author":[{"embeddable":true,"href":"https:\/\/www.ottomschwarz.com\/en\/wp-json\/wp\/v2\/users\/2"}],"replies":[{"embeddable":true,"href":"https:\/\/www.ottomschwarz.com\/en\/wp-json\/wp\/v2\/comments?post=2745"}],"version-history":[{"count":2,"href":"https:\/\/www.ottomschwarz.com\/en\/wp-json\/wp\/v2\/pages\/2745\/revisions"}],"predecessor-version":[{"id":4505,"href":"https:\/\/www.ottomschwarz.com\/en\/wp-json\/wp\/v2\/pages\/2745\/revisions\/4505"}],"up":[{"embeddable":true,"href":"https:\/\/www.ottomschwarz.com\/en\/wp-json\/wp\/v2\/pages\/2715"}],"wp:attachment":[{"href":"https:\/\/www.ottomschwarz.com\/en\/wp-json\/wp\/v2\/media?parent=2745"}],"curies":[{"name":"wp","href":"https:\/\/api.w.org\/{rel}","templated":true}]}}