{"id":2746,"date":"2014-03-25T18:02:00","date_gmt":"2014-03-25T16:02:00","guid":{"rendered":"http:\/\/www.ottomschwarz.com\/?page_id=2746"},"modified":"2014-03-25T18:02:00","modified_gmt":"2014-03-25T16:02:00","slug":"herz-ohne-krone","status":"publish","type":"page","link":"https:\/\/www.ottomschwarz.com\/en\/filmmusic\/filmscores\/herz-ohne-krone\/","title":{"rendered":"Herz ohne Krone"},"content":{"rendered":"<p class=\"msg\">This content is only available in german.<\/p>\r\n<div class=\"top-box\">\r\n<p>Jahr: 2003\u00a0| Produktionsfirma: NDF, Kefeder Promotions (NDR)<\/p>\r\n<p>H\u00f6rbeispiel (Zusammenschnitt):\u00a0nicht verf\u00fcgbar<\/p>\r\n<\/div>\r\n<h4>Handlung<\/h4>\r\n<p>K\u00f6nig Rudolph von Sachenien, alt, weise, traditionsbewusst und ein bisschen st\u00f6rrisch, lebt seit 20 Jahren im Exil und verweigert sich, gekr\u00e4nkt wie er ist, jeder Nachricht aus seinem Ex-Land. Als Sachenien von einem riesigen Korruptionsskandal ersch\u00fcttert wird, kehrt Rudolph zur\u00fcck. Sein Volk w\u00e4hlt ihn zwar mit gro\u00dfer Mehrheit, doch viele junge B\u00fcrger sind gar nicht begeistert. Sie tr\u00e4umen von einer modernen Demokratie &#8211; ohne einen K\u00f6nig. Ganz besonders heftig konfrontiert die engagierte Fernsehjournalistin Linda Marco Rudolph mit all diesen Vorurteilen. Doch als die streitbare Dame erf\u00e4hrt, dass auch ihr Lebensgef\u00e4hrte Philipp Vermont einer der korrupten Nutznie\u00dfer des Regierungsskandals ist, nimmt sie ein hintersinniges Angebot des zur\u00fcck gekehrten Regenten an.<\/p>\r\n\n\t\t\n\t\t<!--BEGIN .toggle -->\n\t\t<div class=\"toggle closed sc\">\n\t\t\t<div class=\"trigger\">Weiterlesen\u2026<span><i class=\"icon-chevron-down\"><\/i><\/span><\/div>\n\t\t\t<div class=\"toggle-pane\"><div class=\"inner-pane\"><\/p>\r\n<p>Sie beobachtet und kommentiert exklusiv s\u00e4mtliche Regierungsvorhaben und bringt &#8211; ohne es zu ahnen &#8211; vor allem Rudolphs schwache Kenntnisse \u00fcber Sachenien auf den neuesten Stand. Es bleibt nicht aus: Linda lernt den K\u00f6nig sch\u00e4tzen und respektieren und Rudolph f\u00fchlt sich zu der jungen Frau hingezogen. Doch Linda verliebt sich in Rudolphs langj\u00e4hrigen Sekret\u00e4r und Vertrauten Adam Severin. Um den K\u00f6nig nicht zu verletzen, halten sie ihre Beziehung geheim. Pl\u00f6tzlich taucht eine weitere erbitterte Gegnerin des K\u00f6nigs auf: Melanie von Auerfeld. Rudolphs entfernte Cousine und fr\u00fchere Verlobte lebt jetzt in Amerika und verfolgt schon l\u00e4ngere Zeit den Plan, aus Teilen des Landes ein \u201eeurop\u00e4isches Las Vegas&#8221; zu machen. Unterst\u00fctzt von Lindas Ex Philipp und ihren hervorragenden Kontakten zur Mafia, rauscht Melanie nach Rudolphs Wiederwahl aus Chicago an und quartiert sich im Schloss ein. Im Schlepptau den undurchsichtigen Mr. Sinclair. Im &#8220;Kampf um Sachenien&#8221; versucht Rudolph seine Cousine mit allen Mitteln loszuwerden. Doch Melanie von Auerfeld hat einen dicken Trumpf im \u00c4rmel, den der listige K\u00f6nig nur mit einem einzigen &#8211; fast aberwitzigen &#8211; Schachzug parieren kann. Es ist ein raffinierter Plan, der kaum Aussicht auf Erfolg hat, h\u00f6chst gewagt ist und au\u00dferdem ein bisschen unmoralisch. Aber wenn er gel\u00e4nge, k\u00f6nnte Rudolph nicht nur Land und Dynastie retten, sondern Linda doch noch f\u00fcr sich gewinnen.<\/p>\r\n<p><\/div><\/div>\n\t\t<\/div> \n\t\t<!--END .toggle -->\r\n<div class=\"row sc\"> <div class=\"six columns content-col sc\"><\/p>\r\n<h4>Filmteam<\/h4>\r\n<p><dl class=\"tabs mobile\"><dd><a href=\"#engine-tab-besetzung\">Besetzung<\/a><\/dd><dd><a href=\"#engine-tab-stab\">Stab<\/a><\/dd><dd><a href=\"#engine-tab-weitere-infos\">Weitere Infos<\/a><\/dd><\/dl><ul class=\"tabs-content contained sc\"> <li id=\"engine-tab-besetzungTab\" class=\"engine-tab\"><\/p>\r\n<ul class=\"cast\">\r\n<li>\r\n<p>Horst Tappert : \u201eK\u00f6nig Rudolph von Sachenien\u201c<\/p>\r\n<\/li>\r\n<li>\r\n<p>Eleonora Brigliadori : \u201eLinda Marco\u201c<\/p>\r\n<\/li>\r\n<li>\r\n<p>Gregor Blo\u00e9b: \u201ePhilipp Vermont\u201c<\/p>\r\n<\/li>\r\n<li>\r\n<p>Jacques Breuer: \u201eAdam Severin\u201c<\/p>\r\n<\/li>\r\n<li>\r\n<p>Birte Berg : \u201eMelanie von Auerfeld\u201c<\/p>\r\n<\/li>\r\n<li>\r\n<p>Riccardo: \u201eTorrebruna Mr. Sinclair\u201c<\/p>\r\n<\/li>\r\n<li>\r\n<p>Franco Nero: \u201eDer W\u00e4chter\u201c<\/p>\r\n<\/li>\r\n<\/ul>\r\n<p><\/li> <li id=\"engine-tab-stabTab\" class=\"engine-tab\"><\/p>\r\n<ul class=\"cast\">\r\n<li>\r\n<p>Regie: Peter Patzak<\/p>\r\n<\/li>\r\n<li>\r\n<p>Drehbuch: Barbara Piazza<\/p>\r\n<\/li>\r\n<li>\r\n<p>Musik: Otto M. Schwarz, Peter Patzak<\/p>\r\n<\/li>\r\n<\/ul>\r\n<p><\/li><li id=\"engine-tab-weitere-infosTab\" class=\"engine-tab\"><\/p>\r\n<ul class=\"cast\">\r\n<li>Letzter Film in Horst Tapperts ZDF Karriere<\/li>\r\n<\/ul>\r\n<p><\/li><\/ul><\/p>\r\n<p><\/div><div class=\"six columns content-col sc\"><\/p>\r\n<h4>Szenenbilder<\/h4>\r\n<p>Keine<\/p>\r\n<p><\/div> <\/div>","protected":false},"excerpt":{"rendered":"<p>This content is only available in german. Jahr: 2003\u00a0| Produktionsfirma: NDF, Kefeder Promotions (NDR) H\u00f6rbeispiel (Zusammenschnitt):\u00a0nicht verf\u00fcgbar Handlung K\u00f6nig Rudolph von Sachenien, alt, weise, traditionsbewusst und ein bisschen st\u00f6rrisch, lebt seit 20 Jahren im Exil und verweigert sich, gekr\u00e4nkt wie er ist, jeder Nachricht aus seinem Ex-Land. Als Sachenien von einem riesigen Korruptionsskandal ersch\u00fcttert wird, [&hellip;]<\/p>\n","protected":false},"author":2,"featured_media":0,"parent":2715,"menu_order":37,"comment_status":"closed","ping_status":"closed","template":"","meta":{"ngg_post_thumbnail":0,"footnotes":""},"class_list":["post-2746","page","type-page","status-publish","hentry"],"_links":{"self":[{"href":"https:\/\/www.ottomschwarz.com\/en\/wp-json\/wp\/v2\/pages\/2746","targetHints":{"allow":["GET"]}}],"collection":[{"href":"https:\/\/www.ottomschwarz.com\/en\/wp-json\/wp\/v2\/pages"}],"about":[{"href":"https:\/\/www.ottomschwarz.com\/en\/wp-json\/wp\/v2\/types\/page"}],"author":[{"embeddable":true,"href":"https:\/\/www.ottomschwarz.com\/en\/wp-json\/wp\/v2\/users\/2"}],"replies":[{"embeddable":true,"href":"https:\/\/www.ottomschwarz.com\/en\/wp-json\/wp\/v2\/comments?post=2746"}],"version-history":[{"count":1,"href":"https:\/\/www.ottomschwarz.com\/en\/wp-json\/wp\/v2\/pages\/2746\/revisions"}],"predecessor-version":[{"id":2756,"href":"https:\/\/www.ottomschwarz.com\/en\/wp-json\/wp\/v2\/pages\/2746\/revisions\/2756"}],"up":[{"embeddable":true,"href":"https:\/\/www.ottomschwarz.com\/en\/wp-json\/wp\/v2\/pages\/2715"}],"wp:attachment":[{"href":"https:\/\/www.ottomschwarz.com\/en\/wp-json\/wp\/v2\/media?parent=2746"}],"curies":[{"name":"wp","href":"https:\/\/api.w.org\/{rel}","templated":true}]}}