{"id":2747,"date":"2014-03-25T18:02:02","date_gmt":"2014-03-25T16:02:02","guid":{"rendered":"http:\/\/www.ottomschwarz.com\/?page_id=2747"},"modified":"2014-03-25T18:02:02","modified_gmt":"2014-03-25T16:02:02","slug":"die-achte-todsuende-das-toskana-karussell","status":"publish","type":"page","link":"https:\/\/www.ottomschwarz.com\/en\/filmmusic\/filmscores\/die-achte-todsuende-das-toskana-karussell\/","title":{"rendered":"Die achte Tods\u00fcnde: Das Toskana Karussell"},"content":{"rendered":"<p class=\"msg\">This content is only available in german.<\/p>\r\n<div class=\"top-box\">\r\n<p>Jahr: 2002\u00a0| Produktionsfirma: NDF, Kefeder Promotions (NDR)<\/p>\r\n<p>H\u00f6rbeispiel (Zusammenschnitt):\u00a0nicht verf\u00fcgbar<\/p>\r\n<\/div>\r\n<h4>Handlung<\/h4>\r\n<p>Durch anonyme Hinweise eines italienischen Finanzbeamten wird OLAF (Office Europ\u00e9enne pour la lutte anti-fraude), die Beh\u00f6rde der Europ\u00e4ischen Kommission gegen Betrug und Korruption in Br\u00fcssel, auf einen international operierenden Betr\u00fcgerring aufmerksam. Die deutsche Ermittlerin Marion Hansen bricht gemeinsam mit ihrem franz\u00f6sischen Kollegen nach Pisa auf.\u00a0Dort arbeitet ein Deutscher, Rietschel, seit kurzem als Gesch\u00e4ftsf\u00fchrer der Elektronikfirma Angelotti. Den Strafverfolgungsbeh\u00f6rden in seiner Heimat ist er bereits ein Begriff. OLAF vermutet, dass der neue Firmenbesitzer, der einflussreiche Italiener Sforza, mit Hilfe Ritschels und anderer internationaler Kontakte ein sogenanntes &#8220;Karussell&#8221; aufgebaut hat.<\/p>\r\n\n\t\t\n\t\t<!--BEGIN .toggle -->\n\t\t<div class=\"toggle closed sc\">\n\t\t\t<div class=\"trigger\">Weiterlesen\u2026<span><i class=\"icon-chevron-down\"><\/i><\/span><\/div>\n\t\t\t<div class=\"toggle-pane\"><div class=\"inner-pane\"><\/p>\r\n<p>Dabei wird Handelsware nur noch auf dem Papier \u00fcber europ\u00e4ische L\u00e4ndergrenzen hinweg &#8220;verkauft&#8221; und dann innerhalb der L\u00e4nder weiter ver\u00e4u\u00dfert, um durch fingierte K\u00e4ufe und Verk\u00e4ufe den Finanz\u00e4mtern die Mehrwertsteuer zu entziehen. Hauptmann Nester von den Carabinieri in Pisa unterst\u00fctzt die Ermittlungen von Marion Hansen. Sie findet heraus, dass Sforza und Ritschel Kontakte zu dem Hannoveraner Gro\u00dfh\u00e4ndler Margolius unterhalten. F\u00fcr Staatsanwalt Arnold in Hannover sind diese Ermittlungen von unsch\u00e4tzbarem Wert.<\/p>\r\n<p>Unterdessen wird der amerikanische Journalist David Bradley von Marion Hansen \u00fcber die raffinierten Methoden der Betr\u00fcger unterrichtet. Marion zweifelt daran, dass OLAF allein etwas ausrichten kann gegen skrupellose Gesch\u00e4ftemacher, die ihre Millionen-Gewinne dazu verwenden, kleinere Konkurrenten durch Dumping-Preise vom Markt zu verdr\u00e4ngen. Die Beh\u00f6rden bereiten Schritt f\u00fcr Schritt eine konzertierte Verhaftungswelle vor, bei der den Drahtziehern in England, Holland, Belgien, Deutschland und Italien gleichzeitig das Handwerk gelegt werden soll, und nat\u00fcrlich herrscht h\u00f6chste Geheimhaltungsstufe. Umso gr\u00f6\u00dfer ist die Irritation, als zwei Tage vorher einer der potentiellen Hauptbelastungszeugen ermordet wird.<\/p>\r\n<p><\/div><\/div>\n\t\t<\/div> \n\t\t<!--END .toggle -->\r\n<div class=\"row sc\"> <div class=\"six columns content-col sc\"><\/p>\r\n<h4>Filmteam<\/h4>\r\n<p><dl class=\"tabs mobile\"><dd><a href=\"#engine-tab-besetzung\">Besetzung<\/a><\/dd><dd><a href=\"#engine-tab-stab\">Stab<\/a><\/dd><dd><a href=\"#engine-tab-weitere-infos\">Weitere Infos<\/a><\/dd><\/dl><ul class=\"tabs-content contained sc\"> <li id=\"engine-tab-besetzungTab\" class=\"engine-tab\"><\/p>\r\n<ul class=\"cast\">\r\n<li>\r\n<p>Susanne Lothar: \u201eMarion Hansen\u201c<\/p>\r\n<\/li>\r\n<li>\r\n<p>Franco Nero: \u201eGiuseppe Mantaldo\u201c<\/p>\r\n<\/li>\r\n<li>\r\n<p>R\u00fcdiger Vogler: \u201ePierre Schmid-Alphand\u201c<\/p>\r\n<\/li>\r\n<li>\r\n<p>Jacques Breuer: \u201eArnold, Staatsanwalt\u201c<\/p>\r\n<\/li>\r\n<li>\r\n<p>Karin Giegerich: \u201eDr. Ellwein\u201c<\/p>\r\n<\/li>\r\n<li>\r\n<p>Sean Gullette: \u201eDavid Bradley\u201c<\/p>\r\n<\/li>\r\n<li>\r\n<p>Ulrich Gebauer: \u201eCarlo Rosario, Chef Finanzamt Pisa\u201c<\/p>\r\n<\/li>\r\n<li>\r\n<p>Dieter Laser: \u201eCarabinieri Nester\u201c<\/p>\r\n<\/li>\r\n<li>\r\n<p>Riccardo de Torrebruna: \u201eMajor Ruscio\u201c<\/p>\r\n<\/li>\r\n<li>\r\n<p>Hilde Van Mieghem: \u201eMarietje Kampendonk\u201c<\/p>\r\n<\/li>\r\n<li>\r\n<p>Joachim Dietmar Mues: \u201eJ\u00f6rg Margolius\u201c<\/p>\r\n<\/li>\r\n<li>\r\n<p>Gregor Blo\u00e9b: \u201eHans\u2013Joachim Ritschel\u201c<\/p>\r\n<\/li>\r\n<li>\r\n<p>Michael Sch\u00f6nborn: \u201eFinanzchef Zeise\u201c<\/p>\r\n<\/li>\r\n<li>\r\n<p>Alexander May: \u201ePietro Angelotti\u201c<\/p>\r\n<\/li>\r\n<li>\r\n<p>Aleksandar Jovanovic: \u201eFinanzbeamter\u201c<\/p>\r\n<\/li>\r\n<li>\r\n<p>Lenn Kudrjawizki: \u201eMatthew Burton\u201c<\/p>\r\n<\/li>\r\n<\/ul>\r\n<p><\/li> <li id=\"engine-tab-stabTab\" class=\"engine-tab\"><\/p>\r\n<ul class=\"cast\">\r\n<li>\r\n<p>Regie: Peter Patzak<\/p>\r\n<\/li>\r\n<li>\r\n<p>Drehbuch: Dieter Meichsner<\/p>\r\n<\/li>\r\n<li>\r\n<p>Musik: Otto M. Schwarz,Peter Patzak<\/p>\r\n<\/li>\r\n<li>\r\n<p>Kamera: Matthias Tschiedel<\/p>\r\n<\/li>\r\n<li>\r\n<p>Schnitt: Karen Klamroth<\/p>\r\n<\/li>\r\n<\/ul>\r\n<p><\/li><li id=\"engine-tab-weitere-infosTab\" class=\"engine-tab\"><\/p>\r\n<ul class=\"cast\">\r\n<li>\r\n<p>Der Wirtschaftskrimi wurde unter anderem in Hannover und in Pisa gedreht.<\/p>\r\n<\/li>\r\n<li>\r\n<p>Im Nachspann dankt man dem Kommando der Carabinieri Roma, Pisa und dem Kommando der Guardia di Finanza Roma, Pisa und der Stadt Pisa.<\/p>\r\n<\/li>\r\n<\/ul>\r\n<p><\/li><\/ul><\/p>\r\n<p><\/div><div class=\"six columns content-col sc\"><\/p>\r\n<h4>Szenenbilder<\/h4>\r\n<p>Keine<\/p>\r\n<p><\/div> <\/div>","protected":false},"excerpt":{"rendered":"<p>This content is only available in german. Jahr: 2002\u00a0| Produktionsfirma: NDF, Kefeder Promotions (NDR) H\u00f6rbeispiel (Zusammenschnitt):\u00a0nicht verf\u00fcgbar Handlung Durch anonyme Hinweise eines italienischen Finanzbeamten wird OLAF (Office Europ\u00e9enne pour la lutte anti-fraude), die Beh\u00f6rde der Europ\u00e4ischen Kommission gegen Betrug und Korruption in Br\u00fcssel, auf einen international operierenden Betr\u00fcgerring aufmerksam. Die deutsche Ermittlerin Marion Hansen bricht [&hellip;]<\/p>\n","protected":false},"author":2,"featured_media":0,"parent":2715,"menu_order":38,"comment_status":"closed","ping_status":"closed","template":"","meta":{"ngg_post_thumbnail":0,"footnotes":""},"class_list":["post-2747","page","type-page","status-publish","hentry"],"_links":{"self":[{"href":"https:\/\/www.ottomschwarz.com\/en\/wp-json\/wp\/v2\/pages\/2747","targetHints":{"allow":["GET"]}}],"collection":[{"href":"https:\/\/www.ottomschwarz.com\/en\/wp-json\/wp\/v2\/pages"}],"about":[{"href":"https:\/\/www.ottomschwarz.com\/en\/wp-json\/wp\/v2\/types\/page"}],"author":[{"embeddable":true,"href":"https:\/\/www.ottomschwarz.com\/en\/wp-json\/wp\/v2\/users\/2"}],"replies":[{"embeddable":true,"href":"https:\/\/www.ottomschwarz.com\/en\/wp-json\/wp\/v2\/comments?post=2747"}],"version-history":[{"count":1,"href":"https:\/\/www.ottomschwarz.com\/en\/wp-json\/wp\/v2\/pages\/2747\/revisions"}],"predecessor-version":[{"id":2757,"href":"https:\/\/www.ottomschwarz.com\/en\/wp-json\/wp\/v2\/pages\/2747\/revisions\/2757"}],"up":[{"embeddable":true,"href":"https:\/\/www.ottomschwarz.com\/en\/wp-json\/wp\/v2\/pages\/2715"}],"wp:attachment":[{"href":"https:\/\/www.ottomschwarz.com\/en\/wp-json\/wp\/v2\/media?parent=2747"}],"curies":[{"name":"wp","href":"https:\/\/api.w.org\/{rel}","templated":true}]}}