{"id":2748,"date":"2014-03-25T18:02:04","date_gmt":"2014-03-25T16:02:04","guid":{"rendered":"http:\/\/www.ottomschwarz.com\/?page_id=2748"},"modified":"2014-03-25T18:02:04","modified_gmt":"2014-03-25T16:02:04","slug":"polizeiruf-110-um-kopf-und-kragen","status":"publish","type":"page","link":"https:\/\/www.ottomschwarz.com\/en\/filmmusic\/filmscores\/polizeiruf-110-um-kopf-und-kragen\/","title":{"rendered":"Polizeiruf 110 &#8211; Um Kopf und Kragen"},"content":{"rendered":"<p class=\"msg\">This content is only available in german.<\/p>\r\n<div class=\"top-box\">\r\n<p>Jahr: 2001\u00a0|\u00a0Produktionsfirma: Infafilm GmbH , Kefeder Promotions (BR)<\/p>\r\n<p>H\u00f6rbeispiel (Zusammenschnitt):\u00a0nicht verf\u00fcgbar<\/p>\r\n<\/div>\r\n<h4>Handlung<\/h4>\r\n<p>Diesmal wird es besonders brenzlig f\u00fcr die Kriminalhauptkommissare Jo Obermaier und J\u00fcrgen Tauber. Es geht um Mord in den eigenen Reihen. Die junge Streifenpolizistin Mary Mitterer-Sanchez wird erschossen in ihrem Auto auf einem Autobahn-Parkplatz gefunden.\u00a0Mary, Polizistin mit Leib und Seele, war in ihrer Dienststelle nicht besonders beliebt. Wegen ihres ausgepr\u00e4gten Gerechtigkeitssinns war sie den Kollegen Andreas Herting und Josef Niederer ein Dorn im Auge, und wegen ihres guten Aussehens hatte ihre Kollegin Sabrina sie zus\u00e4tzlich auf dem Kieker. Einzig Markus Nennhofen sch\u00e4tzte sie zwar, traute sich aber nicht, sie offen zu verteidigen. Auch Marys Mann Juan Sanchez, der selber bei der Polizei im Drogendezernat arbeitet, konnte ihr wenig helfen. Kurz vor ihrem Tod sah sich Mary \u00fcbelsten Intrigen ausgesetzt: Rasierklingen-Splitter in ihrem Handschuh waren nur eine von vielen schrecklichen Mobbing-Attacken, die sie erleiden musste.<\/p>\r\n\n\t\t\n\t\t<!--BEGIN .toggle -->\n\t\t<div class=\"toggle closed sc\">\n\t\t\t<div class=\"trigger\">Weiterlesen\u2026<span><i class=\"icon-chevron-down\"><\/i><\/span><\/div>\n\t\t\t<div class=\"toggle-pane\"><div class=\"inner-pane\"><\/p>\r\n<p>Bei ihrem letzten Einsatz mit dem verhassten Kollegen Andreas, von dem sie vor einiger Zeit auch noch sexuell bel\u00e4stigt worden war, spitzten sich die Auseinandersetzungen dramatisch zu: W\u00e4hrend der Verfolgung zweier Drogendealer war es zu einer Schie\u00dferei gekommen. Als einer der M\u00e4nner Mary und Andreas vehement mit einer Pistole bedroht hatte, schoss Mary schlie\u00dflich und traf ihn t\u00f6dlich. Am n\u00e4chsten Tag sagte Andreas gegen Mary aus und behauptete eiskalt, es h\u00e4tte gar keine Lebensgefahr bestanden. Damit nicht genug, auch die Pistole des Verbrechers, ein wichtiges Beweismittel, war pl\u00f6tzlich spurlos verschwunden. Der Fall eskalierte, als Marys Chef Herbert M\u00f6ller sie vom Dienst suspendierte. Mary erlitt einen Nervenzusammenbruch und musste psychiatrisch behandelt werden.<\/p>\r\n<p>Als am n\u00e4chsten Tag ihre Leiche im Auto gefunden wurde, glaubte jeder an Selbstmord. Doch Tauber wird stutzig und will Licht in den komplizierten Fall bringen: Er schleust Jo undercover als Streifenpolizistin &#8220;Jo Otterbach&#8221; ein. Eine schwierige Aufgabe f\u00fcr Jo, denn sie bekommt ziemlich rasch das harte Klima in der Schicht zu sp\u00fcren. Als Jo auch noch beim Durchsuchen der Umkleideschr\u00e4nke auffliegt, wird ein Anschlag mit S\u00e4ure auf sie ver\u00fcbt. Und dann verdichten sich pl\u00f6tzlich die Hinweise auf ein unglaubliches Komplott in den h\u00f6chsten Kreisen der Polizei.<\/p>\r\n<p><\/div><\/div>\n\t\t<\/div> \n\t\t<!--END .toggle -->\r\n<div class=\"row sc\"> <div class=\"six columns content-col sc\"><\/p>\r\n<h4>Filmteam<\/h4>\r\n<p><dl class=\"tabs mobile\"><dd><a href=\"#engine-tab-besetzung\">Besetzung<\/a><\/dd><dd><a href=\"#engine-tab-stab\">Stab<\/a><\/dd><dd><a href=\"#engine-tab-weitere-infos\">Weitere Infos<\/a><\/dd><\/dl><ul class=\"tabs-content contained sc\"> <li id=\"engine-tab-besetzungTab\" class=\"engine-tab\"><\/p>\r\n<ul class=\"cast\">\r\n<li>\r\n<p>Edgar Selge: \u201eKriminalhauptkommissar J\u00fcrgen Tauber\u201c<\/p>\r\n<\/li>\r\n<li>\r\n<p>Michaela May: \u201eKriminalhauptkommissarin Jo Obermaier\u201c<\/p>\r\n<\/li>\r\n<li>\r\n<p>Aleksandar Jovanovic: \u201eGernot Mitterer\u201c<\/p>\r\n<\/li>\r\n<li>\r\n<p>Karin Giegerich: \u201eMary Mitterer\u201c<\/p>\r\n<\/li>\r\n<li>\r\n<p>Jacques Breuer: \u201eHerbert M\u00f6ller\u201c<\/p>\r\n<\/li>\r\n<li>\r\n<p>Heikko Deutschmann: \u201eAndreas Herting\u201c<\/p>\r\n<\/li>\r\n<li>\r\n<p>Adrian Zwicker: \u201eMarkus Nennhofen\u201c<\/p>\r\n<\/li>\r\n<li>\r\n<p>Philipp Sonntag: \u201eJosef Niederer\u201c<\/p>\r\n<\/li>\r\n<li>\r\n<p>Iris B\u00f6hm: \u201eSabrina Kowalski\u201c<\/p>\r\n<\/li>\r\n<li>\r\n<p>Gregor Blo\u00e9b: \u201ePolizeichef\u201c<\/p>\r\n<\/li>\r\n<li>\r\n<p>Natalie Spinell: \u201eChristine Bronski\u201c<\/p>\r\n<\/li>\r\n<li>\r\n<p>Vincent Waas: \u201eKevin Yilmaz\u201c<\/p>\r\n<\/li>\r\n<li>\r\n<p>Tayfun Bademsoy: \u201eTarik Yilmaz\u201c<\/p>\r\n<\/li>\r\n<li>\r\n<p>Arthur Brauss: \u201eBernhard Mitterer\u201c<\/p>\r\n<\/li>\r\n<\/ul>\r\n<p><\/li> <li id=\"engine-tab-stabTab\" class=\"engine-tab\"><\/p>\r\n<ul class=\"cast\">\r\n<li>\r\n<p>Regie: Peter Patzak<\/p>\r\n<\/li>\r\n<li>\r\n<p>Drehbuch: Caroline Otto<\/p>\r\n<\/li>\r\n<li>\r\n<p>Musik: Otto M. Schwarz, Peter Patzak<\/p>\r\n<\/li>\r\n<\/ul>\r\n<p><\/li><li id=\"engine-tab-weitere-infosTab\" class=\"engine-tab\"><\/p>\r\n<ul class=\"cast\">\r\n<li>Keine<\/li>\r\n<\/ul>\r\n<p><\/li><\/ul><\/p>\r\n<p><\/div><div class=\"six columns content-col sc\"><\/p>\r\n<h4>Szenenbilder<\/h4>\r\n<p>Keine<\/p>\r\n<p><\/div> <\/div>","protected":false},"excerpt":{"rendered":"<p>This content is only available in german. Jahr: 2001\u00a0|\u00a0Produktionsfirma: Infafilm GmbH , Kefeder Promotions (BR) H\u00f6rbeispiel (Zusammenschnitt):\u00a0nicht verf\u00fcgbar Handlung Diesmal wird es besonders brenzlig f\u00fcr die Kriminalhauptkommissare Jo Obermaier und J\u00fcrgen Tauber. Es geht um Mord in den eigenen Reihen. Die junge Streifenpolizistin Mary Mitterer-Sanchez wird erschossen in ihrem Auto auf einem Autobahn-Parkplatz gefunden.\u00a0Mary, Polizistin [&hellip;]<\/p>\n","protected":false},"author":2,"featured_media":0,"parent":2715,"menu_order":39,"comment_status":"closed","ping_status":"closed","template":"","meta":{"ngg_post_thumbnail":0,"footnotes":""},"class_list":["post-2748","page","type-page","status-publish","hentry"],"_links":{"self":[{"href":"https:\/\/www.ottomschwarz.com\/en\/wp-json\/wp\/v2\/pages\/2748","targetHints":{"allow":["GET"]}}],"collection":[{"href":"https:\/\/www.ottomschwarz.com\/en\/wp-json\/wp\/v2\/pages"}],"about":[{"href":"https:\/\/www.ottomschwarz.com\/en\/wp-json\/wp\/v2\/types\/page"}],"author":[{"embeddable":true,"href":"https:\/\/www.ottomschwarz.com\/en\/wp-json\/wp\/v2\/users\/2"}],"replies":[{"embeddable":true,"href":"https:\/\/www.ottomschwarz.com\/en\/wp-json\/wp\/v2\/comments?post=2748"}],"version-history":[{"count":1,"href":"https:\/\/www.ottomschwarz.com\/en\/wp-json\/wp\/v2\/pages\/2748\/revisions"}],"predecessor-version":[{"id":2758,"href":"https:\/\/www.ottomschwarz.com\/en\/wp-json\/wp\/v2\/pages\/2748\/revisions\/2758"}],"up":[{"embeddable":true,"href":"https:\/\/www.ottomschwarz.com\/en\/wp-json\/wp\/v2\/pages\/2715"}],"wp:attachment":[{"href":"https:\/\/www.ottomschwarz.com\/en\/wp-json\/wp\/v2\/media?parent=2748"}],"curies":[{"name":"wp","href":"https:\/\/api.w.org\/{rel}","templated":true}]}}