{"id":2749,"date":"2014-03-25T18:02:07","date_gmt":"2014-03-25T16:02:07","guid":{"rendered":"http:\/\/www.ottomschwarz.com\/?page_id=2749"},"modified":"2014-03-25T18:02:07","modified_gmt":"2014-03-25T16:02:07","slug":"die-wasserfaelle-von-slunj","status":"publish","type":"page","link":"https:\/\/www.ottomschwarz.com\/en\/filmmusic\/filmscores\/die-wasserfaelle-von-slunj\/","title":{"rendered":"Die Wasserf\u00e4lle von Slunj"},"content":{"rendered":"<p class=\"msg\">This content is only available in german.<\/p>\r\n<div class=\"top-box\">\r\n<p>Jahr: 2001\u00a0| Produktionsfirma: EPO Film, Kefeder Promotions (ORF)<\/p>\r\n<p>H\u00f6rbeispiel (Zusammenschnitt):\u00a0nicht verf\u00fcgbar<\/p>\r\n<\/div>\r\n<h4>Handlung<\/h4>\r\n<p>\u00d6sterreich um die Jahrhundertwende: Wien beherrscht ein riesiges, zum Teil noch unerschlossenes Reich. Es ist eine Hauptstadt der Kultur, der Industrie und der Aff\u00e4ren. Der Engl\u00e4nder Robert Clayton hat in der N\u00e4he des Donaukanals eine Maschinenfabrik er\u00f6ffnet. Das Gesch\u00e4ft floriert, und als sein Sohn Donald das richtige Alter erreicht, wird er zum Teilhaber. In dem Kanzleivorstand und Prokuristen Josef Chwostik haben die Claytons eine unersetzliche Hilfe und einen Freund gefunden. Doch allm\u00e4hlich wird der Prokurist in das Privatleben von Vater und Sohn hineingezogen. Eine geordnete Welt \u2013 zumindest scheint es so. Man macht Karriere, unterh\u00e4lt Gesch\u00e4ftsbeziehungen, gewinnt oder verliert eine Geliebte \u2013 und will die Risse und Hohlr\u00e4ume im Fundament der Gesellschaft nicht sehen.<\/p>\r\n<div class=\"row sc\"> <div class=\"six columns content-col sc\"><\/p>\r\n<h4>Filmteam<\/h4>\r\n<p><dl class=\"tabs mobile\"><dd><a href=\"#engine-tab-besetzung\">Besetzung<\/a><\/dd><dd><a href=\"#engine-tab-stab\">Stab<\/a><\/dd><dd><a href=\"#engine-tab-weitere-infos\">Weitere Infos<\/a><\/dd><\/dl><ul class=\"tabs-content contained sc\"> <li id=\"engine-tab-besetzungTab\" class=\"engine-tab\"><\/p>\r\n<ul class=\"cast\">\r\n<li>\r\n<p>Edgar Selge: \u201eRobert Clayton\u201c<\/p>\r\n<\/li>\r\n<li>\r\n<p>Alan Cox: \u201eDonald Clayton\u201c<\/p>\r\n<\/li>\r\n<li>\r\n<p>Karl Markovics: \u201eChwostik\u201c<\/p>\r\n<\/li>\r\n<li>\r\n<p>Ignaz Kirchner<\/p>\r\n<\/li>\r\n<li>\r\n<p>Barbara Wallner<\/p>\r\n<\/li>\r\n<li>\r\n<p>Pia Baresch<\/p>\r\n<\/li>\r\n<li>\r\n<p>Ulrich Gebauer<\/p>\r\n<\/li>\r\n<li>\r\n<p>Karin Giegerich: \u201eMonika\u201c<\/p>\r\n<\/li>\r\n<li>\r\n<p>Mirjam Ploteny<\/p>\r\n<\/li>\r\n<li>\r\n<p>Krista Posch<\/p>\r\n<\/li>\r\n<li>\r\n<p>Julian Sharp: \u201eZdenko von Chlamtasch\u201c<\/p>\r\n<\/li>\r\n<\/ul>\r\n<p><\/li> <li id=\"engine-tab-stabTab\" class=\"engine-tab\"><\/p>\r\n<ul class=\"cast\">\r\n<li>\r\n<p>Regie: Peter Patzak<\/p>\r\n<\/li>\r\n<li>\r\n<p>Drehbuch: Alfred Paul Schmidt<\/p>\r\n<\/li>\r\n<li>\r\n<p>Musik: Otto M. Schwarz, Peter Patzak<\/p>\r\n<\/li>\r\n<\/ul>\r\n<p><\/li><li id=\"engine-tab-weitere-infosTab\" class=\"engine-tab\"><\/p>\r\n<ul class=\"cast\">\r\n<li>Nach der Romanvorlage von Heimito von Doderer<\/li>\r\n<\/ul>\r\n<p><\/li><\/ul><\/p>\r\n<p><\/div><div class=\"six columns content-col sc\"><\/p>\r\n<h4>Szenenbilder<\/h4>\r\n<p>Keine<\/p>\r\n<p><\/div> <\/div>","protected":false},"excerpt":{"rendered":"<p>This content is only available in german. Jahr: 2001\u00a0| Produktionsfirma: EPO Film, Kefeder Promotions (ORF) H\u00f6rbeispiel (Zusammenschnitt):\u00a0nicht verf\u00fcgbar Handlung \u00d6sterreich um die Jahrhundertwende: Wien beherrscht ein riesiges, zum Teil noch unerschlossenes Reich. Es ist eine Hauptstadt der Kultur, der Industrie und der Aff\u00e4ren. Der Engl\u00e4nder Robert Clayton hat in der N\u00e4he des Donaukanals eine Maschinenfabrik [&hellip;]<\/p>\n","protected":false},"author":2,"featured_media":0,"parent":2715,"menu_order":40,"comment_status":"closed","ping_status":"closed","template":"","meta":{"ngg_post_thumbnail":0,"footnotes":""},"class_list":["post-2749","page","type-page","status-publish","hentry"],"_links":{"self":[{"href":"https:\/\/www.ottomschwarz.com\/en\/wp-json\/wp\/v2\/pages\/2749","targetHints":{"allow":["GET"]}}],"collection":[{"href":"https:\/\/www.ottomschwarz.com\/en\/wp-json\/wp\/v2\/pages"}],"about":[{"href":"https:\/\/www.ottomschwarz.com\/en\/wp-json\/wp\/v2\/types\/page"}],"author":[{"embeddable":true,"href":"https:\/\/www.ottomschwarz.com\/en\/wp-json\/wp\/v2\/users\/2"}],"replies":[{"embeddable":true,"href":"https:\/\/www.ottomschwarz.com\/en\/wp-json\/wp\/v2\/comments?post=2749"}],"version-history":[{"count":1,"href":"https:\/\/www.ottomschwarz.com\/en\/wp-json\/wp\/v2\/pages\/2749\/revisions"}],"predecessor-version":[{"id":2759,"href":"https:\/\/www.ottomschwarz.com\/en\/wp-json\/wp\/v2\/pages\/2749\/revisions\/2759"}],"up":[{"embeddable":true,"href":"https:\/\/www.ottomschwarz.com\/en\/wp-json\/wp\/v2\/pages\/2715"}],"wp:attachment":[{"href":"https:\/\/www.ottomschwarz.com\/en\/wp-json\/wp\/v2\/media?parent=2749"}],"curies":[{"name":"wp","href":"https:\/\/api.w.org\/{rel}","templated":true}]}}