{"id":2762,"date":"2014-03-25T18:04:19","date_gmt":"2014-03-25T16:04:19","guid":{"rendered":"http:\/\/www.ottomschwarz.com\/?page_id=2762"},"modified":"2014-03-25T18:04:19","modified_gmt":"2014-03-25T16:04:19","slug":"insel-zum-traeumen","status":"publish","type":"page","link":"https:\/\/www.ottomschwarz.com\/en\/filmmusic\/filmscores\/insel-zum-traeumen\/","title":{"rendered":"Insel zum Tr\u00e4umen"},"content":{"rendered":"<p class=\"msg\">This content is only available in german.<\/p>\r\n<div class=\"top-box\">\r\n<p>Jahr: 2001 | Produktionsfirma: Lisa Film (ARD, ORF)<\/p>\r\n<p>H\u00f6rbeispiel (Zusammenschnitt)<br \/> \t<audio id=\"wp_mep_1\" src=\"\/sounds\/filmmusik\/insel_zum_traeumen.mp3\"     controls=\"controls\" preload=\"none\"  >\r\n\t\t\r\n\t\t\r\n\t\t\r\n\t\t\r\n\t\t\r\n\t\t\r\n\t\t\r\n\t<\/audio>\r\n<script type=\"text\/javascript\">\r\njQuery(document).ready(function($) {\r\n\t$('#wp_mep_1').mediaelementplayer({\r\n\t\tm:1\r\n\t\t\r\n\t\t,features: ['playpause','current','progress','duration','volume','tracks','fullscreen']\r\n\t\t,audioWidth:400,audioHeight:30\r\n\t});\r\n});\r\n<\/script>\r\n<\/p>\r\n<p><a href=\"http:\/\/www.amazon.de\/dp\/B000G1TE8W\" target=\"_blank\" style=\"background-color:#fff; color: #000\" class=\"button tiny radius sc\">Soundtrack (CD)<\/a> <a href=\"http:\/\/www.amazon.de\/dp\/B007XT7X9M\" target=\"_blank\" style=\"background-color:#fff; color: #000\" class=\"button tiny radius sc\">DVD zum Film<\/a><\/p>\r\n<\/div>\r\n<h4>Handlung<\/h4>\r\n<p>Der attraktive Fabian Winter (Rainhard Fendrich) und sein schwergewichtiger Freund Roderik Burger (Ottfried Fischer) haben sich auf ein dubioses Gewerbe spezialisiert. Die beiden erleichtern wohlhabende, liebebed\u00fcrftige Frauen um ihr Geld, wobei Fabian den Verf\u00fchrer gibt und Roderik die Logistik besorgt. Der letzte Coup der beiden ist allerdings schief gelaufen. W\u00e4hrend eines romantischen Urlaubs auf Koh Samui in Thailand hat die Brauerei-Erbin Bernadette (Sandra Steffl) Fabian mit der Idee \u00fcberrascht, sofort zu heiraten &#8211; und dem charmanten Schwindler ist nichts Besseres eingefallen, als seinen eigenen Tod vorzut\u00e4uschen. Etwas verunsichert nehmen die Betr\u00fcger ihr n\u00e4chstes Opfer ins Visier:<\/p>\r\n\n\t\t\n\t\t<!--BEGIN .toggle -->\n\t\t<div class=\"toggle closed sc\">\n\t\t\t<div class=\"trigger\">Weiterlesen\u2026<span><i class=\"icon-chevron-down\"><\/i><\/span><\/div>\n\t\t\t<div class=\"toggle-pane\"><div class=\"inner-pane\"><\/p>\r\n<p>Miriam Philipp (Barbara Wussow), die Chefin einer traumhaften Ferienanlage. Es \u00fcberrascht Fabian, dass es ihm sofort gelingt, bei der sch\u00f6nen, gebildeten Frau zu punkten. Tats\u00e4chlich sucht Miriam R\u00fcckhalt in einer tiefen pers\u00f6nlichen Krise. Eine Serie unerkl\u00e4rlicher Black-outs best\u00e4rkt sie in dem Glauben, sie leide an einer erblichen Nervenkrankheit. Fabian f\u00fchlt sich zum ersten Mal von einer Frau wirklich angezogen. Er stellt Nachforschungen an und beginnt zu mutma\u00dfen, dass hinter Miriams Schw\u00e4cheanf\u00e4llen eine Intrige ihres Bruders Alex (Sascha Wussow) steckt. Als Bernadette \u00fcberraschend mit ihrer Familie in Miriams Hotel auftaucht, \u00fcberst\u00fcrzen sich die Ereignisse. Zwar versucht Roderik mit allen Mitteln, seinem Kompagnon den R\u00fccken frei zu halten. Aber auch er zeigt pl\u00f6tzlich Gef\u00fchle &#8211; f\u00fcr Bernadette. Den Betrug durchziehen oder &#8220;ehrenhaft abtauchen&#8221;, das ist die Frage, die sich jetzt stellt. Betrug, Liebe, Abenteuer und hochkomische Verwicklungen vor der romantischen Kulisse eines Ferienresorts auf der thail\u00e4ndischen Trauminsel Koh Samui: Der TV-Film von Holm Dressler und Erich Tomek (&#8220;Ein Schloss am W\u00f6rthersee&#8221;) destilliert aus verschiedenen Genrezutaten einen unterhaltenden Mix. Dazu geh\u00f6ren auch zwei inspirierte Hauptdarsteller: Liedermacher Rainhard Fendrich spielt den Fabian charmant als romantischen Helden wider Willen, und Ottfried Fischer gl\u00e4nzt in der ganz auf ihn zugeschnittenen Rolle des eloquenten, aber notorisch grantelnden Roderik.<\/p>\r\n<p><\/div><\/div>\n\t\t<\/div> \n\t\t<!--END .toggle -->\r\n<div class=\"row sc\"> <div class=\"six columns content-col sc\"><\/p>\r\n<h4>Filmteam<\/h4>\r\n<p><dl class=\"tabs mobile\"><dd><a href=\"#engine-tab-besetzung\">Besetzung<\/a><\/dd><dd><a href=\"#engine-tab-stab\">Stab<\/a><\/dd><dd><a href=\"#engine-tab-weitere-infos\">Weitere Infos<\/a><\/dd><\/dl><ul class=\"tabs-content contained sc\"> <li id=\"engine-tab-besetzungTab\" class=\"engine-tab\"><\/p>\r\n<ul class=\"cast\">\r\n<li>\r\n<p>Rainhard Fendrich: \u201eFabian Winter\u201c<\/p>\r\n<\/li>\r\n<li>\r\n<p>Ottfried Fischer: \u201eRoderik Burger\u201c<\/p>\r\n<\/li>\r\n<li>\r\n<p>Barbara Wussow: \u201eMiriam Philipp\u201c<\/p>\r\n<\/li>\r\n<li>\r\n<p>Sascha Wussow: \u201eAxel Philipp\u201c<\/p>\r\n<\/li>\r\n<li>\r\n<p>Rainer Basedow: \u201eFranz Josef Eiswald\u201c<\/p>\r\n<\/li>\r\n<li>\r\n<p>Sandra Steffl: \u201eBernadette Eiswald\u201c<\/p>\r\n<\/li>\r\n<li>\r\n<p>Ilse Neubauer: \u201eIrene Eiswald\u201c<\/p>\r\n<\/li>\r\n<li>\r\n<p>Ulrich Reinthaller: \u201eFotograf Horst\u201c<\/p>\r\n<\/li>\r\n<li>\r\n<p>Claudia Alexandra Klim: \u201eFotomodel\u201c<\/p>\r\n<\/li>\r\n<\/ul>\r\n<p><\/li> <li id=\"engine-tab-stabTab\" class=\"engine-tab\"><\/p>\r\n<ul class=\"cast\">\r\n<li>\r\n<p>Regie: Holm Dressler<\/p>\r\n<\/li>\r\n<li>\r\n<p>Drehbuch: Erich Tomek<\/p>\r\n<\/li>\r\n<li>\r\n<p>Musik: Otto M. Schwarz<\/p>\r\n<\/li>\r\n<\/ul>\r\n<p><\/li><li id=\"engine-tab-weitere-infosTab\" class=\"engine-tab\"><\/p>\r\n<ul class=\"cast\">\r\n<li>nach einer Vorlage von Thomas Nippold<\/li>\r\n<\/ul>\r\n<p><\/li><\/ul><\/p>\r\n<p><\/div><div class=\"six columns content-col sc\"><\/p>\r\n<h4>Szenenbilder<\/h4>\r\n<p>Keine<\/p>\r\n<p><\/div> <\/div>","protected":false},"excerpt":{"rendered":"<p>This content is only available in german. Jahr: 2001 | Produktionsfirma: Lisa Film (ARD, ORF) H\u00f6rbeispiel (Zusammenschnitt) Handlung Der attraktive Fabian Winter (Rainhard Fendrich) und sein schwergewichtiger Freund Roderik Burger (Ottfried Fischer) haben sich auf ein dubioses Gewerbe spezialisiert. Die beiden erleichtern wohlhabende, liebebed\u00fcrftige Frauen um ihr Geld, wobei Fabian den Verf\u00fchrer gibt und Roderik [&hellip;]<\/p>\n","protected":false},"author":2,"featured_media":0,"parent":2715,"menu_order":42,"comment_status":"closed","ping_status":"closed","template":"","meta":{"ngg_post_thumbnail":0,"footnotes":""},"class_list":["post-2762","page","type-page","status-publish","hentry"],"_links":{"self":[{"href":"https:\/\/www.ottomschwarz.com\/en\/wp-json\/wp\/v2\/pages\/2762","targetHints":{"allow":["GET"]}}],"collection":[{"href":"https:\/\/www.ottomschwarz.com\/en\/wp-json\/wp\/v2\/pages"}],"about":[{"href":"https:\/\/www.ottomschwarz.com\/en\/wp-json\/wp\/v2\/types\/page"}],"author":[{"embeddable":true,"href":"https:\/\/www.ottomschwarz.com\/en\/wp-json\/wp\/v2\/users\/2"}],"replies":[{"embeddable":true,"href":"https:\/\/www.ottomschwarz.com\/en\/wp-json\/wp\/v2\/comments?post=2762"}],"version-history":[{"count":1,"href":"https:\/\/www.ottomschwarz.com\/en\/wp-json\/wp\/v2\/pages\/2762\/revisions"}],"predecessor-version":[{"id":2763,"href":"https:\/\/www.ottomschwarz.com\/en\/wp-json\/wp\/v2\/pages\/2762\/revisions\/2763"}],"up":[{"embeddable":true,"href":"https:\/\/www.ottomschwarz.com\/en\/wp-json\/wp\/v2\/pages\/2715"}],"wp:attachment":[{"href":"https:\/\/www.ottomschwarz.com\/en\/wp-json\/wp\/v2\/media?parent=2762"}],"curies":[{"name":"wp","href":"https:\/\/api.w.org\/{rel}","templated":true}]}}