{"id":3975,"date":"2018-03-23T19:18:21","date_gmt":"2018-03-23T17:18:21","guid":{"rendered":"http:\/\/www.ottomschwarz.com\/?page_id=3975"},"modified":"2021-12-28T22:57:40","modified_gmt":"2021-12-28T20:57:40","slug":"man-in-the-ice-2-3","status":"publish","type":"page","link":"https:\/\/www.ottomschwarz.com\/en\/windmusic\/works\/man-in-the-ice-2-3\/","title":{"rendered":"Man In The Ice"},"content":{"rendered":"<div class=\"top-box\">\r\n<p>Year: 2016 | Grade: 2 &#8211; 3<\/p>\r\n<p>Demo<br \/>\t<audio id=\"wp_mep_1\" src=\"\/sounds\/windmusic\/man_in_the_ice_demo-4.mp3\"     controls=\"controls\" preload=\"none\"  >\r\n\t\t\r\n\t\t\r\n\t\t\r\n\t\t\r\n\t\t\r\n\t\t\r\n\t\t\r\n\t<\/audio>\r\n<script type=\"text\/javascript\">\r\njQuery(document).ready(function($) {\r\n\t$('#wp_mep_1').mediaelementplayer({\r\n\t\tm:1\r\n\t\t\r\n\t\t,features: ['playpause','current','progress','duration','volume','tracks','fullscreen']\r\n\t\t,audioWidth:400,audioHeight:30\r\n\t});\r\n});\r\n<\/script>\r\n<\/p>\r\n<a href=\"https:\/\/itunes.apple.com\/us\/album\/id1196268658\" target=\"_blank\" style=\"background-color:#fff; color: #000\" class=\"button tiny radius sc\">iTunes (MP3)<\/a>\r\n\r\n<p class=\"instrumentation\">Concert Band<\/p>\r\n<a href=\"https:\/\/www.bandmusicshop.com\/en-us\/product\/2078-16-010%20m\/man-in-the-ice.aspx\" target=\"_blank\" style=\"background-color:#fff; color: #000\" class=\"button tiny radius sc\">Details (EN)<\/a>\r\n<a href=\"https:\/\/www.bandmusicshop.com\/fr-fr\/product\/2078-16-010%20m\/man-in-the-ice.aspx\" target=\"_blank\" style=\"background-color:#fff; color: #000\" class=\"button tiny radius sc\">Sp\u00e9cifications (FR)<\/a>\r\n<a href=\"https:\/\/www.bandmusicshop.com\/it-it\/product\/2078-16-010%20m\/man-in-the-ice.aspx\" target=\"_blank\" style=\"background-color:#fff; color: #000\" class=\"button tiny radius sc\">Specifiche (IT)<\/a>\r\n<a href=\"https:\/\/www.bandmusicshop.com\/nl-nl\/product\/2078-16-010%20m\/man-in-the-ice.aspx\" target=\"_blank\" style=\"background-color:#fff; color: #000\" class=\"button tiny radius sc\">Specificaties (NL)<\/a>\r\n\r\n\r\n<p class=\"logo\"><\/p>\r\n<\/div><h4>Comment<\/h4>\r\n<p>Am 19. September 1991 wurde in den \u00d6tztaler Alpen, genauer gesagt am Similaungletscher, eine mumifizierte Leiche eines Mannes gefunden. Der Gletscher hatte nach ca. 5300 Jahren einen fr\u00fchzeitlichen Menschen freigegeben, mit all seinem Hab und Gut. So waren seine Kleidungsst\u00fccke und Waffen ziemlich gut erhalten und geben uns heute eine genauere Einsicht in die damalige Zeit. Der \u00f6sterreichische Naturfilmer Kurt M\u00fcndel hat das Leben dieses Mannes nachkonstruiert und eine Film gedreht, beruhend auf Fakten, wie es damals h\u00e4tte sein k\u00f6nnen. Otto M. Schwarz nahm diese Dokumentation zum Anlass, ein Werk f\u00fcr symphonisches Blasorchester zu schreiben, um den \u201eMann im Eis\u201c musikalisch wieder auferstehen zu lassen.<\/p>\r\n\r\n<h4>Youtube<\/h4><div class=\"row sc\">\r\n<div class=\"six columns content-col sc\"><\/p>\r\n<div class=\"lyte-wrapper fourthree\" style=\"width:640px;max-width:100%;margin:5px;\"><div class=\"lyMe\" id=\"WYL_k8Um09tR6zE\"><div id=\"lyte_k8Um09tR6zE\" data-src=\"\/\/i.ytimg.com\/vi\/k8Um09tR6zE\/hqdefault.jpg\" class=\"pL\"><div class=\"tC\"><div class=\"tT\"><\/div><\/div><div class=\"play\"><\/div><div class=\"ctrl\"><div class=\"Lctrl\"><\/div><div class=\"Rctrl\"><\/div><\/div><\/div><noscript><a href=\"https:\/\/youtu.be\/k8Um09tR6zE\" rel=\"nofollow\"><img loading=\"lazy\" decoding=\"async\" src=\"https:\/\/i.ytimg.com\/vi\/k8Um09tR6zE\/0.jpg\" alt=\"YouTube video thumbnail\" width=\"640\" height=\"460\" \/><\/a><\/noscript><\/div><\/div><div class=\"lL\" style=\"max-width:100%;width:640px;margin:5px;\"> <a href=\"https:\/\/youtu.be\/k8Um09tR6zE\" target=\"_blank\">Watch this video on YouTube<\/a>.<\/div>\r\n<p><\/div>\r\n<div class=\"six columns content-col sc\"><\/p>\r\n \r\n<p><\/div><\/div>","protected":false},"excerpt":{"rendered":"<p>Year: 2016 | Grade: 2 &#8211; 3 Demo Concert Band Comment Am 19. September 1991 wurde in den \u00d6tztaler Alpen, genauer gesagt am Similaungletscher, eine mumifizierte Leiche eines Mannes gefunden. Der Gletscher hatte nach ca. 5300 Jahren einen fr\u00fchzeitlichen Menschen freigegeben, mit all seinem Hab und Gut. So waren seine Kleidungsst\u00fccke und Waffen ziemlich gut [&hellip;]<\/p>\n","protected":false},"author":2,"featured_media":0,"parent":2387,"menu_order":0,"comment_status":"closed","ping_status":"closed","template":"","meta":{"ngg_post_thumbnail":0,"footnotes":""},"class_list":["post-3975","page","type-page","status-publish","hentry"],"_links":{"self":[{"href":"https:\/\/www.ottomschwarz.com\/en\/wp-json\/wp\/v2\/pages\/3975","targetHints":{"allow":["GET"]}}],"collection":[{"href":"https:\/\/www.ottomschwarz.com\/en\/wp-json\/wp\/v2\/pages"}],"about":[{"href":"https:\/\/www.ottomschwarz.com\/en\/wp-json\/wp\/v2\/types\/page"}],"author":[{"embeddable":true,"href":"https:\/\/www.ottomschwarz.com\/en\/wp-json\/wp\/v2\/users\/2"}],"replies":[{"embeddable":true,"href":"https:\/\/www.ottomschwarz.com\/en\/wp-json\/wp\/v2\/comments?post=3975"}],"version-history":[{"count":3,"href":"https:\/\/www.ottomschwarz.com\/en\/wp-json\/wp\/v2\/pages\/3975\/revisions"}],"predecessor-version":[{"id":3992,"href":"https:\/\/www.ottomschwarz.com\/en\/wp-json\/wp\/v2\/pages\/3975\/revisions\/3992"}],"up":[{"embeddable":true,"href":"https:\/\/www.ottomschwarz.com\/en\/wp-json\/wp\/v2\/pages\/2387"}],"wp:attachment":[{"href":"https:\/\/www.ottomschwarz.com\/en\/wp-json\/wp\/v2\/media?parent=3975"}],"curies":[{"name":"wp","href":"https:\/\/api.w.org\/{rel}","templated":true}]}}